{"id":4650,"date":"2024-08-25T04:49:42","date_gmt":"2024-08-25T11:49:42","guid":{"rendered":"http:\/\/christmasinthepark.com\/lo-que-dicen-los-demas\/"},"modified":"2024-10-24T21:53:43","modified_gmt":"2024-10-25T04:53:43","slug":"lo-que-dicen-los-demas","status":"publish","type":"page","link":"https:\/\/christmasinthepark.com\/es\/eventos\/espectaculo-de-luces-drive-thru\/lo-que-dicen-los-demas\/","title":{"rendered":"Lo que dicen los dem\u00e1s"},"content":{"rendered":"\n<div class=\"wp-block-columns is-layout-flex wp-container-core-columns-is-layout-9d6595d7 wp-block-columns-is-layout-flex\">\n<div class=\"wp-block-column is-layout-flow wp-block-column-is-layout-flow\">\n<pre class=\"wp-block-verse text-dark text-m\">Estuvimos all\u00ed un jueves, fuimos sobre las 19.00 h para hacer cola y nos fuimos a las 21.30 h. A mi abuela le encant\u00f3 el espect\u00e1culo, as\u00ed que vali\u00f3 la pena. A mi abuela le encantaba el espect\u00e1culo, as\u00ed que mereci\u00f3 la pena, incluso bail\u00f3 en el coche y cant\u00f3 con nosotros. Un recuerdo muy bonito.  <\/pre>\n<\/div>\n\n\n\n<div class=\"wp-block-column is-layout-flow wp-block-column-is-layout-flow\">\n<pre class=\"wp-block-verse text-dark text-m\">Sinceramente, creo que mereci\u00f3 la pena el dinero. \u00bfEra muy extravagante y elaborado? No. \u00bfSegu\u00eda siendo bonito? S\u00ed. \u00bfLe encant\u00f3 a mi perra? Estaba content\u00edsima.      <\/pre>\n<\/div>\n<\/div>\n\n<div class=\"wp-block-columns is-layout-flex wp-container-core-columns-is-layout-9d6595d7 wp-block-columns-is-layout-flex\">\n<div class=\"wp-block-column is-layout-flow wp-block-column-is-layout-flow\">\n<pre class=\"wp-block-verse text-dark text-m\">El parque hist\u00f3rico tiene un aspecto estupendo iluminado y mis hijos lo disfrutaron. Adem\u00e1s, el dinero se destina a apoyar la Navidad en el parque del centro, as\u00ed que voy a hacer las dos cosas. <\/pre>\n<\/div>\n\n\n\n<div class=\"wp-block-column is-layout-flow wp-block-column-is-layout-flow\">\n<pre class=\"wp-block-verse text-dark text-m\">He ido a todos los eventos de drive thru, son las mismas exhibiciones y lo he disfrutado de verdad, ojal\u00e1 pudiera ser un poco m\u00e1s largo. Que sea una velada acogedora y que sigamos apoy\u00e1ndolo para que vuelva cada a\u00f1o. Apenas tenemos eventos en esta ciudad, es estupendo ver que se hacen esfuerzos para organizar m\u00e1s eventos familiares.  <\/pre>\n<\/div>\n<\/div>\n","protected":false},"excerpt":{"rendered":"<p>Estuvimos all\u00ed un jueves, fuimos sobre las 19.00 h para hacer cola y nos fuimos a las 21.30 h. A mi abuela le encant\u00f3 el espect\u00e1culo, as\u00ed que vali\u00f3 la pena. A mi abuela le encantaba el espect\u00e1culo, as\u00ed que mereci\u00f3 la pena, incluso bail\u00f3 en el coche y cant\u00f3 con nosotros. Un recuerdo muy [&hellip;]<\/p>\n","protected":false},"author":4,"featured_media":0,"parent":4682,"menu_order":0,"comment_status":"closed","ping_status":"closed","template":"","meta":{"footnotes":""},"class_list":["post-4650","page","type-page","status-publish","hentry"],"acpt":{"meta":[]},"yoast_head":"<!-- This site is optimized with the Yoast SEO plugin v27.0 - https:\/\/yoast.com\/product\/yoast-seo-wordpress\/ -->\n<title>Lo que dicen los dem\u00e1s - Christmas en el parque<\/title>\n<meta name=\"robots\" content=\"index, follow, max-snippet:-1, max-image-preview:large, max-video-preview:-1\" \/>\n<link rel=\"canonical\" href=\"https:\/\/christmasinthepark.com\/es\/eventos\/espectaculo-de-luces-drive-thru\/lo-que-dicen-los-demas\/\" \/>\n<meta property=\"og:locale\" content=\"es_ES\" \/>\n<meta property=\"og:type\" content=\"article\" \/>\n<meta property=\"og:title\" content=\"Lo que dicen los dem\u00e1s - Christmas en el parque\" \/>\n<meta property=\"og:description\" content=\"Estuvimos all\u00ed un jueves, fuimos sobre las 19.00 h para hacer cola y nos fuimos a las 21.30 h. A mi abuela le encant\u00f3 el espect\u00e1culo, as\u00ed que vali\u00f3 la pena. A mi abuela le encantaba el espect\u00e1culo, as\u00ed que mereci\u00f3 la pena, incluso bail\u00f3 en el coche y cant\u00f3 con nosotros. Un recuerdo muy [&hellip;]\" \/>\n<meta property=\"og:url\" content=\"https:\/\/christmasinthepark.com\/es\/eventos\/espectaculo-de-luces-drive-thru\/lo-que-dicen-los-demas\/\" \/>\n<meta property=\"og:site_name\" content=\"Christmas en el parque\" \/>\n<meta property=\"article:modified_time\" content=\"2024-10-25T04:53:43+00:00\" \/>\n<meta name=\"twitter:card\" content=\"summary_large_image\" \/>\n<meta name=\"twitter:label1\" content=\"Tiempo de lectura\" \/>\n\t<meta name=\"twitter:data1\" content=\"1 minuto\" \/>\n<script type=\"application\/ld+json\" class=\"yoast-schema-graph\">{\"@context\":\"https:\/\/schema.org\",\"@graph\":[{\"@type\":\"WebPage\",\"@id\":\"https:\/\/christmasinthepark.com\/es\/eventos\/espectaculo-de-luces-drive-thru\/lo-que-dicen-los-demas\/\",\"url\":\"https:\/\/christmasinthepark.com\/es\/eventos\/espectaculo-de-luces-drive-thru\/lo-que-dicen-los-demas\/\",\"name\":\"Lo que dicen los dem\u00e1s - Christmas en el parque\",\"isPartOf\":{\"@id\":\"https:\/\/christmasinthepark.com\/es\/#website\"},\"datePublished\":\"2024-08-25T11:49:42+00:00\",\"dateModified\":\"2024-10-25T04:53:43+00:00\",\"breadcrumb\":{\"@id\":\"https:\/\/christmasinthepark.com\/es\/eventos\/espectaculo-de-luces-drive-thru\/lo-que-dicen-los-demas\/#breadcrumb\"},\"inLanguage\":\"es\",\"potentialAction\":[{\"@type\":\"ReadAction\",\"target\":[\"https:\/\/christmasinthepark.com\/es\/eventos\/espectaculo-de-luces-drive-thru\/lo-que-dicen-los-demas\/\"]}]},{\"@type\":\"BreadcrumbList\",\"@id\":\"https:\/\/christmasinthepark.com\/es\/eventos\/espectaculo-de-luces-drive-thru\/lo-que-dicen-los-demas\/#breadcrumb\",\"itemListElement\":[{\"@type\":\"ListItem\",\"position\":1,\"name\":\"Home\",\"item\":\"https:\/\/christmasinthepark.com\/es\/casa-nueva\/\"},{\"@type\":\"ListItem\",\"position\":2,\"name\":\"Eventos\",\"item\":\"https:\/\/christmasinthepark.com\/es\/eventos\/\"},{\"@type\":\"ListItem\",\"position\":3,\"name\":\"Espect\u00e1culo de luces Drive Thru\",\"item\":\"https:\/\/christmasinthepark.com\/es\/eventos\/espectaculo-de-luces-drive-thru\/\"},{\"@type\":\"ListItem\",\"position\":4,\"name\":\"Lo que dicen los dem\u00e1s\"}]},{\"@type\":\"WebSite\",\"@id\":\"https:\/\/christmasinthepark.com\/es\/#website\",\"url\":\"https:\/\/christmasinthepark.com\/es\/\",\"name\":\"Christmas en el parque\",\"description\":\"Festividad, luces y esp\u00edritu comunitario\",\"potentialAction\":[{\"@type\":\"SearchAction\",\"target\":{\"@type\":\"EntryPoint\",\"urlTemplate\":\"https:\/\/christmasinthepark.com\/es\/?s={search_term_string}\"},\"query-input\":{\"@type\":\"PropertyValueSpecification\",\"valueRequired\":true,\"valueName\":\"search_term_string\"}}],\"inLanguage\":\"es\"}]}<\/script>\n<!-- \/ Yoast SEO plugin. -->","yoast_head_json":{"title":"Lo que dicen los dem\u00e1s - Christmas en el parque","robots":{"index":"index","follow":"follow","max-snippet":"max-snippet:-1","max-image-preview":"max-image-preview:large","max-video-preview":"max-video-preview:-1"},"canonical":"https:\/\/christmasinthepark.com\/es\/eventos\/espectaculo-de-luces-drive-thru\/lo-que-dicen-los-demas\/","og_locale":"es_ES","og_type":"article","og_title":"Lo que dicen los dem\u00e1s - Christmas en el parque","og_description":"Estuvimos all\u00ed un jueves, fuimos sobre las 19.00 h para hacer cola y nos fuimos a las 21.30 h. A mi abuela le encant\u00f3 el espect\u00e1culo, as\u00ed que vali\u00f3 la pena. A mi abuela le encantaba el espect\u00e1culo, as\u00ed que mereci\u00f3 la pena, incluso bail\u00f3 en el coche y cant\u00f3 con nosotros. Un recuerdo muy [&hellip;]","og_url":"https:\/\/christmasinthepark.com\/es\/eventos\/espectaculo-de-luces-drive-thru\/lo-que-dicen-los-demas\/","og_site_name":"Christmas en el parque","article_modified_time":"2024-10-25T04:53:43+00:00","twitter_card":"summary_large_image","twitter_misc":{"Tiempo de lectura":"1 minuto"},"schema":{"@context":"https:\/\/schema.org","@graph":[{"@type":"WebPage","@id":"https:\/\/christmasinthepark.com\/es\/eventos\/espectaculo-de-luces-drive-thru\/lo-que-dicen-los-demas\/","url":"https:\/\/christmasinthepark.com\/es\/eventos\/espectaculo-de-luces-drive-thru\/lo-que-dicen-los-demas\/","name":"Lo que dicen los dem\u00e1s - Christmas en el parque","isPartOf":{"@id":"https:\/\/christmasinthepark.com\/es\/#website"},"datePublished":"2024-08-25T11:49:42+00:00","dateModified":"2024-10-25T04:53:43+00:00","breadcrumb":{"@id":"https:\/\/christmasinthepark.com\/es\/eventos\/espectaculo-de-luces-drive-thru\/lo-que-dicen-los-demas\/#breadcrumb"},"inLanguage":"es","potentialAction":[{"@type":"ReadAction","target":["https:\/\/christmasinthepark.com\/es\/eventos\/espectaculo-de-luces-drive-thru\/lo-que-dicen-los-demas\/"]}]},{"@type":"BreadcrumbList","@id":"https:\/\/christmasinthepark.com\/es\/eventos\/espectaculo-de-luces-drive-thru\/lo-que-dicen-los-demas\/#breadcrumb","itemListElement":[{"@type":"ListItem","position":1,"name":"Home","item":"https:\/\/christmasinthepark.com\/es\/casa-nueva\/"},{"@type":"ListItem","position":2,"name":"Eventos","item":"https:\/\/christmasinthepark.com\/es\/eventos\/"},{"@type":"ListItem","position":3,"name":"Espect\u00e1culo de luces Drive Thru","item":"https:\/\/christmasinthepark.com\/es\/eventos\/espectaculo-de-luces-drive-thru\/"},{"@type":"ListItem","position":4,"name":"Lo que dicen los dem\u00e1s"}]},{"@type":"WebSite","@id":"https:\/\/christmasinthepark.com\/es\/#website","url":"https:\/\/christmasinthepark.com\/es\/","name":"Christmas en el parque","description":"Festividad, luces y esp\u00edritu comunitario","potentialAction":[{"@type":"SearchAction","target":{"@type":"EntryPoint","urlTemplate":"https:\/\/christmasinthepark.com\/es\/?s={search_term_string}"},"query-input":{"@type":"PropertyValueSpecification","valueRequired":true,"valueName":"search_term_string"}}],"inLanguage":"es"}]}},"_links":{"self":[{"href":"https:\/\/christmasinthepark.com\/es\/wp-json\/wp\/v2\/pages\/4650","targetHints":{"allow":["GET"]}}],"collection":[{"href":"https:\/\/christmasinthepark.com\/es\/wp-json\/wp\/v2\/pages"}],"about":[{"href":"https:\/\/christmasinthepark.com\/es\/wp-json\/wp\/v2\/types\/page"}],"author":[{"embeddable":true,"href":"https:\/\/christmasinthepark.com\/es\/wp-json\/wp\/v2\/users\/4"}],"replies":[{"embeddable":true,"href":"https:\/\/christmasinthepark.com\/es\/wp-json\/wp\/v2\/comments?post=4650"}],"version-history":[{"count":0,"href":"https:\/\/christmasinthepark.com\/es\/wp-json\/wp\/v2\/pages\/4650\/revisions"}],"up":[{"embeddable":true,"href":"https:\/\/christmasinthepark.com\/es\/wp-json\/wp\/v2\/pages\/4682"}],"wp:attachment":[{"href":"https:\/\/christmasinthepark.com\/es\/wp-json\/wp\/v2\/media?parent=4650"}],"curies":[{"name":"wp","href":"https:\/\/api.w.org\/{rel}","templated":true}]}}