{"id":4654,"date":"2024-08-25T04:48:58","date_gmt":"2024-08-25T11:48:58","guid":{"rendered":"http:\/\/christmasinthepark.com\/eventos\/experimenta-el-espectaculo-de-luces-drive-thru-13\/"},"modified":"2024-10-26T08:41:21","modified_gmt":"2024-10-26T15:41:21","slug":"meta-3","status":"publish","type":"page","link":"https:\/\/christmasinthepark.com\/es\/eventos\/meta-3\/","title":{"rendered":"Experimenta el espect\u00e1culo de luces Drive Thru"},"content":{"rendered":"\n<p class=\"text-l display-none\"><strong>\ud83c\udf9f\ufe0f \u00a1S\u00f3lo 25 $ por coche de domingo a jueves! \ud83c\udf9f\ufe0f <\/strong><\/p>\n\n\n\n<p><\/p>\n\n\n\n<p>La Navidad llegar\u00e1 antes de que te des cuenta, y esta m\u00e1gica experiencia se agotar\u00e1 r\u00e1pidamente. Adem\u00e1s, con nuestra pol\u00edtica de reserva flexible, puedes cambiar tu reserva cuando lo necesites (sujeto a disponibilidad). <\/p>\n\n\n\n<p>Con la compra de tus entradas contribuyes a que la entra\u00f1able Navidad en el Parque siga siendo una experiencia gratuita en el centro de la ciudad. Ay\u00fadanos a difundir la alegr\u00eda navide\u00f1a y a crear recuerdos duraderos para todos los miembros de nuestra comunidad. <\/p>\n\n\n\n<p>No te pierdas esta encantadora experiencia navide\u00f1a. Re\u00fane a tu familia, s\u00fabete al coche y \u00fanete a nosotros en una noche de maravillas y alegr\u00eda festiva. <\/p>\n\n\n<script src=\"https:\/\/fareharbor.com\/embeds\/script\/calendar\/christmasinthepark\/items\/546273\/?fallback=simple&ref=jc_meta_3&language=es-es&flow=1262892\"><\/script>\n\n\n\n<div class=\"wp-block-buttons is-layout-flex wp-block-buttons-is-layout-flex\">\n<div class=\"wp-block-button\" style=\"text-decoration:none\"><a class=\"wp-block-button__link wp-element-button\" href=\"https:\/\/fareharbor.com\/embeds\/book\/christmasinthepark\/items\/calendar\/?ref=jc_meta_3&amp;flow=1262892\" target=\"_blank\" rel=\"noreferrer noopener\">Comprar ahora desde 25 $\/coche<\/a><\/div>\n<\/div>\n\n\n\n<p class=\"margin-top-l\"><strong>Opciones de entradas<\/strong><\/p>\n\n\n\n<ul class=\"wp-block-list\">\n<li><a href=\"https:\/\/fareharbor.com\/embeds\/book\/christmasinthepark\/items\/546273\/?full-items=yes\">25 $ de domingo a jueves<\/a><\/li>\n\n\n\n<li><a href=\"https:\/\/fareharbor.com\/embeds\/book\/christmasinthepark\/items\/546273\/?full-items=yes\">30 $ viernes y s\u00e1bado<\/a><\/li>\n\n\n\n<li><a href=\"https:\/\/fareharbor.com\/embeds\/book\/christmasinthepark\/items\/546414\/calendar\/?full-items=yes\">Paquete de cinco vales regalo de 115 $ v\u00e1lido en cualquier momento.<\/a><\/li>\n\n\n\n<li><a href=\"https:\/\/fareharbor.com\/embeds\/book\/christmasinthepark\/items\/546414\/calendar\/?full-items=yes\">Paquete de 225 vales regalo de diez vales v\u00e1lidos en cualquier momento.<\/a><\/li>\n<\/ul>\n\n\n\n<p><\/p>\n\n\n\n<p><\/p>\n\n\n\n<p><\/p>\n","protected":false},"excerpt":{"rendered":"<p>\ud83c\udf9f\ufe0f \u00a1S\u00f3lo 25 $ por coche de domingo a jueves! \ud83c\udf9f\ufe0f La Navidad llegar\u00e1 antes de que te des cuenta, y esta m\u00e1gica experiencia se agotar\u00e1 r\u00e1pidamente. Adem\u00e1s, con nuestra pol\u00edtica de reserva flexible, puedes cambiar tu reserva cuando lo necesites (sujeto a disponibilidad). Con la compra de tus entradas contribuyes a que la entra\u00f1able [&hellip;]<\/p>\n","protected":false},"author":4,"featured_media":0,"parent":4572,"menu_order":0,"comment_status":"closed","ping_status":"closed","template":"","meta":{"footnotes":""},"class_list":["post-4654","page","type-page","status-publish","hentry"],"acpt":{"meta":[]},"yoast_head":"<!-- This site is optimized with the Yoast SEO plugin v27.0 - https:\/\/yoast.com\/product\/yoast-seo-wordpress\/ -->\n<title>Experimenta el espect\u00e1culo de luces Drive Thru - Christmas en el parque<\/title>\n<meta name=\"robots\" content=\"index, follow, max-snippet:-1, max-image-preview:large, max-video-preview:-1\" \/>\n<link rel=\"canonical\" href=\"https:\/\/christmasinthepark.com\/es\/eventos\/meta-3\/\" \/>\n<meta property=\"og:locale\" content=\"es_ES\" \/>\n<meta property=\"og:type\" content=\"article\" \/>\n<meta property=\"og:title\" content=\"Experimenta el espect\u00e1culo de luces Drive Thru - Christmas en el parque\" \/>\n<meta property=\"og:description\" content=\"\ud83c\udf9f\ufe0f \u00a1S\u00f3lo 25 $ por coche de domingo a jueves! \ud83c\udf9f\ufe0f La Navidad llegar\u00e1 antes de que te des cuenta, y esta m\u00e1gica experiencia se agotar\u00e1 r\u00e1pidamente. Adem\u00e1s, con nuestra pol\u00edtica de reserva flexible, puedes cambiar tu reserva cuando lo necesites (sujeto a disponibilidad). Con la compra de tus entradas contribuyes a que la entra\u00f1able [&hellip;]\" \/>\n<meta property=\"og:url\" content=\"https:\/\/christmasinthepark.com\/es\/eventos\/meta-3\/\" \/>\n<meta property=\"og:site_name\" content=\"Christmas en el parque\" \/>\n<meta property=\"article:modified_time\" content=\"2024-10-26T15:41:21+00:00\" \/>\n<meta name=\"twitter:card\" content=\"summary_large_image\" \/>\n<meta name=\"twitter:label1\" content=\"Tiempo de lectura\" \/>\n\t<meta name=\"twitter:data1\" content=\"1 minuto\" \/>\n<script type=\"application\/ld+json\" class=\"yoast-schema-graph\">{\"@context\":\"https:\/\/schema.org\",\"@graph\":[{\"@type\":\"WebPage\",\"@id\":\"https:\/\/christmasinthepark.com\/es\/eventos\/meta-3\/\",\"url\":\"https:\/\/christmasinthepark.com\/es\/eventos\/meta-3\/\",\"name\":\"Experimenta el espect\u00e1culo de luces Drive Thru - Christmas en el parque\",\"isPartOf\":{\"@id\":\"https:\/\/christmasinthepark.com\/es\/#website\"},\"datePublished\":\"2024-08-25T11:48:58+00:00\",\"dateModified\":\"2024-10-26T15:41:21+00:00\",\"breadcrumb\":{\"@id\":\"https:\/\/christmasinthepark.com\/es\/eventos\/meta-3\/#breadcrumb\"},\"inLanguage\":\"es\",\"potentialAction\":[{\"@type\":\"ReadAction\",\"target\":[\"https:\/\/christmasinthepark.com\/es\/eventos\/meta-3\/\"]}]},{\"@type\":\"BreadcrumbList\",\"@id\":\"https:\/\/christmasinthepark.com\/es\/eventos\/meta-3\/#breadcrumb\",\"itemListElement\":[{\"@type\":\"ListItem\",\"position\":1,\"name\":\"Home\",\"item\":\"https:\/\/christmasinthepark.com\/es\/casa-nueva\/\"},{\"@type\":\"ListItem\",\"position\":2,\"name\":\"Eventos\",\"item\":\"https:\/\/christmasinthepark.com\/es\/eventos\/\"},{\"@type\":\"ListItem\",\"position\":3,\"name\":\"Experimenta el espect\u00e1culo de luces Drive Thru\"}]},{\"@type\":\"WebSite\",\"@id\":\"https:\/\/christmasinthepark.com\/es\/#website\",\"url\":\"https:\/\/christmasinthepark.com\/es\/\",\"name\":\"Christmas en el parque\",\"description\":\"Festividad, luces y esp\u00edritu comunitario\",\"potentialAction\":[{\"@type\":\"SearchAction\",\"target\":{\"@type\":\"EntryPoint\",\"urlTemplate\":\"https:\/\/christmasinthepark.com\/es\/?s={search_term_string}\"},\"query-input\":{\"@type\":\"PropertyValueSpecification\",\"valueRequired\":true,\"valueName\":\"search_term_string\"}}],\"inLanguage\":\"es\"}]}<\/script>\n<!-- \/ Yoast SEO plugin. -->","yoast_head_json":{"title":"Experimenta el espect\u00e1culo de luces Drive Thru - Christmas en el parque","robots":{"index":"index","follow":"follow","max-snippet":"max-snippet:-1","max-image-preview":"max-image-preview:large","max-video-preview":"max-video-preview:-1"},"canonical":"https:\/\/christmasinthepark.com\/es\/eventos\/meta-3\/","og_locale":"es_ES","og_type":"article","og_title":"Experimenta el espect\u00e1culo de luces Drive Thru - Christmas en el parque","og_description":"\ud83c\udf9f\ufe0f \u00a1S\u00f3lo 25 $ por coche de domingo a jueves! \ud83c\udf9f\ufe0f La Navidad llegar\u00e1 antes de que te des cuenta, y esta m\u00e1gica experiencia se agotar\u00e1 r\u00e1pidamente. Adem\u00e1s, con nuestra pol\u00edtica de reserva flexible, puedes cambiar tu reserva cuando lo necesites (sujeto a disponibilidad). Con la compra de tus entradas contribuyes a que la entra\u00f1able [&hellip;]","og_url":"https:\/\/christmasinthepark.com\/es\/eventos\/meta-3\/","og_site_name":"Christmas en el parque","article_modified_time":"2024-10-26T15:41:21+00:00","twitter_card":"summary_large_image","twitter_misc":{"Tiempo de lectura":"1 minuto"},"schema":{"@context":"https:\/\/schema.org","@graph":[{"@type":"WebPage","@id":"https:\/\/christmasinthepark.com\/es\/eventos\/meta-3\/","url":"https:\/\/christmasinthepark.com\/es\/eventos\/meta-3\/","name":"Experimenta el espect\u00e1culo de luces Drive Thru - Christmas en el parque","isPartOf":{"@id":"https:\/\/christmasinthepark.com\/es\/#website"},"datePublished":"2024-08-25T11:48:58+00:00","dateModified":"2024-10-26T15:41:21+00:00","breadcrumb":{"@id":"https:\/\/christmasinthepark.com\/es\/eventos\/meta-3\/#breadcrumb"},"inLanguage":"es","potentialAction":[{"@type":"ReadAction","target":["https:\/\/christmasinthepark.com\/es\/eventos\/meta-3\/"]}]},{"@type":"BreadcrumbList","@id":"https:\/\/christmasinthepark.com\/es\/eventos\/meta-3\/#breadcrumb","itemListElement":[{"@type":"ListItem","position":1,"name":"Home","item":"https:\/\/christmasinthepark.com\/es\/casa-nueva\/"},{"@type":"ListItem","position":2,"name":"Eventos","item":"https:\/\/christmasinthepark.com\/es\/eventos\/"},{"@type":"ListItem","position":3,"name":"Experimenta el espect\u00e1culo de luces Drive Thru"}]},{"@type":"WebSite","@id":"https:\/\/christmasinthepark.com\/es\/#website","url":"https:\/\/christmasinthepark.com\/es\/","name":"Christmas en el parque","description":"Festividad, luces y esp\u00edritu comunitario","potentialAction":[{"@type":"SearchAction","target":{"@type":"EntryPoint","urlTemplate":"https:\/\/christmasinthepark.com\/es\/?s={search_term_string}"},"query-input":{"@type":"PropertyValueSpecification","valueRequired":true,"valueName":"search_term_string"}}],"inLanguage":"es"}]}},"_links":{"self":[{"href":"https:\/\/christmasinthepark.com\/es\/wp-json\/wp\/v2\/pages\/4654","targetHints":{"allow":["GET"]}}],"collection":[{"href":"https:\/\/christmasinthepark.com\/es\/wp-json\/wp\/v2\/pages"}],"about":[{"href":"https:\/\/christmasinthepark.com\/es\/wp-json\/wp\/v2\/types\/page"}],"author":[{"embeddable":true,"href":"https:\/\/christmasinthepark.com\/es\/wp-json\/wp\/v2\/users\/4"}],"replies":[{"embeddable":true,"href":"https:\/\/christmasinthepark.com\/es\/wp-json\/wp\/v2\/comments?post=4654"}],"version-history":[{"count":0,"href":"https:\/\/christmasinthepark.com\/es\/wp-json\/wp\/v2\/pages\/4654\/revisions"}],"up":[{"embeddable":true,"href":"https:\/\/christmasinthepark.com\/es\/wp-json\/wp\/v2\/pages\/4572"}],"wp:attachment":[{"href":"https:\/\/christmasinthepark.com\/es\/wp-json\/wp\/v2\/media?parent=4654"}],"curies":[{"name":"wp","href":"https:\/\/api.w.org\/{rel}","templated":true}]}}