{"id":4662,"date":"2024-08-25T04:46:49","date_gmt":"2024-08-25T11:46:49","guid":{"rendered":"http:\/\/christmasinthepark.com\/acerca-del-drive-thru\/"},"modified":"2024-11-10T23:45:13","modified_gmt":"2024-11-11T07:45:13","slug":"acerca-del-drive-thru","status":"publish","type":"page","link":"https:\/\/christmasinthepark.com\/es\/eventos\/espectaculo-de-luces-drive-thru\/acerca-del-drive-thru\/","title":{"rendered":"Acerca del Drive Thru"},"content":{"rendered":"\n<div class=\"wp-block-columns is-layout-flex wp-container-core-columns-is-layout-9d6595d7 wp-block-columns-is-layout-flex\">\n<div class=\"wp-block-column is-vertically-aligned-center is-layout-flow wp-block-column-is-layout-flow\" style=\"flex-basis:50%\">\n<h3 class=\"wp-block-heading text-xl\">Disfruta de la emocionante experiencia Drive Thru<\/h3>\n\n\n\n<p>Abre el 21 de noviembre y cierra el 31 de diciembre<\/p>\n\n\n\n<p>\u00a1Vive la magia de la Navidad en el Parque como nunca antes! Desde 2020, nuestro espect\u00e1culo de luces Drive Thru ha llevado la alegr\u00eda navide\u00f1a a la comunidad. Navega por deslumbrantes t\u00faneles de luz, edificios festivos y gigantescos bastones de caramelo, todo sincronizado con tus melod\u00edas navide\u00f1as favoritas. \u00a1No te lo pierdas abre del 21 de noviembre al 1 de enero!<\/p>\n\n\n\n<p>Nuestro espect\u00e1culo de luces Drive Thru es una importante recaudaci\u00f3n de fondos para nuestra organizaci\u00f3n sin \u00e1nimo de lucro. Con la compra de tu entrada, m\u00e1s de 700.000 personas pueden disfrutar gratuitamente de nuestra experiencia en el centro de la ciudad. Gracias por tu apoyo.<\/p>\n\n\n\n<p>Las vacaciones llegar\u00e1n antes de que te des cuenta, y seguro que esta experiencia m\u00e1gica se agota r\u00e1pidamente. Adem\u00e1s, con nuestra pol\u00edtica de reservas flexible, puedes cambiar tu reserva cuando lo necesites (sujeto a disponibilidad).<\/p>\n\n\n\n<div class=\"wp-block-buttons is-layout-flex wp-block-buttons-is-layout-flex\">\n<div class=\"wp-block-button\" style=\"text-decoration:none\"><a class=\"wp-block-button__link wp-element-button\" href=\"https:\/\/fareharbor.com\/embeds\/book\/christmasinthepark\/items\/calendar\/?ref=website&amp;flow=1262892\" target=\"_blank\" rel=\"noreferrer noopener\">Comprar ahora desde 25 $\/coche<\/a><\/div>\n<\/div>\n<\/div>\n\n\n\n<div class=\"wp-block-column is-layout-flow wp-block-column-is-layout-flow\" style=\"flex-basis:50%\">\n<figure class=\"wp-block-video\"><video height=\"720\" style=\"aspect-ratio: 1280 \/ 720;\" width=\"1280\" controls src=\"http:\/\/christmasinthepark.com\/wp-content\/uploads\/2024\/11\/30sec-video-Spanish-1280x720-1.webm\"><\/video><\/figure>\n<\/div>\n<\/div>\n\n\n\n<p><strong>Opciones de entradas<\/strong><\/p>\n\n\n\n<ul class=\"wp-block-list\">\n<li><a href=\"https:\/\/fareharbor.com\/embeds\/book\/christmasinthepark\/items\/546273\/?full-items=yes\" target=\"_blank\" rel=\"noreferrer noopener\">25 $ de domingo a jueves<\/a><\/li>\n\n\n\n<li><a href=\"https:\/\/fareharbor.com\/embeds\/book\/christmasinthepark\/items\/546273\/?full-items=yes\" target=\"_blank\" rel=\"noreferrer noopener\">30 $ viernes y s\u00e1bado<\/a><\/li>\n\n\n\n<li><a href=\"https:\/\/fareharbor.com\/embeds\/book\/christmasinthepark\/items\/546414\/calendar\/?full-items=yes\" data-type=\"link\" data-id=\"https:\/\/fareharbor.com\/embeds\/book\/christmasinthepark\/items\/546414\/calendar\/?full-items=yes\" target=\"_blank\" rel=\"noreferrer noopener\">Paquete de cinco vales regalo de 115 $ v\u00e1lido en cualquier momento.<\/a><\/li>\n\n\n\n<li><a href=\"https:\/\/fareharbor.com\/embeds\/book\/christmasinthepark\/items\/546414\/calendar\/?full-items=yes\" data-type=\"page\" data-id=\"3851\" target=\"_blank\" rel=\"noreferrer noopener\">Paquete de 225 Vales regalo v\u00e1lidos en cualquier momento<\/a><a href=\"https:\/\/fareharbor.com\/embeds\/book\/christmasinthepark\/items\/546414\/calendar\/?full-items=yes\" data-type=\"page\" data-id=\"3851\">.<\/a><\/li>\n<\/ul>\n","protected":false},"excerpt":{"rendered":"<p>Disfruta de la emocionante experiencia Drive Thru Abre el 21 de noviembre y cierra el 31 de diciembre \u00a1Vive la magia de la Navidad en el Parque como nunca antes! Desde 2020, nuestro espect\u00e1culo de luces Drive Thru ha llevado la alegr\u00eda navide\u00f1a a la comunidad. Navega por deslumbrantes t\u00faneles de luz, edificios festivos y [&hellip;]<\/p>\n","protected":false},"author":4,"featured_media":0,"parent":4682,"menu_order":0,"comment_status":"closed","ping_status":"closed","template":"","meta":{"footnotes":""},"class_list":["post-4662","page","type-page","status-publish","hentry"],"acpt":{"meta":[]},"yoast_head":"<!-- This site is optimized with the Yoast SEO plugin v27.0 - https:\/\/yoast.com\/product\/yoast-seo-wordpress\/ -->\n<title>Acerca del Drive Thru - Christmas en el parque<\/title>\n<meta name=\"robots\" content=\"index, follow, max-snippet:-1, max-image-preview:large, max-video-preview:-1\" \/>\n<link rel=\"canonical\" href=\"https:\/\/christmasinthepark.com\/es\/eventos\/espectaculo-de-luces-drive-thru\/acerca-del-drive-thru\/\" \/>\n<meta property=\"og:locale\" content=\"es_ES\" \/>\n<meta property=\"og:type\" content=\"article\" \/>\n<meta property=\"og:title\" content=\"Acerca del Drive Thru - Christmas en el parque\" \/>\n<meta property=\"og:description\" content=\"Disfruta de la emocionante experiencia Drive Thru Abre el 21 de noviembre y cierra el 31 de diciembre \u00a1Vive la magia de la Navidad en el Parque como nunca antes! Desde 2020, nuestro espect\u00e1culo de luces Drive Thru ha llevado la alegr\u00eda navide\u00f1a a la comunidad. Navega por deslumbrantes t\u00faneles de luz, edificios festivos y [&hellip;]\" \/>\n<meta property=\"og:url\" content=\"https:\/\/christmasinthepark.com\/es\/eventos\/espectaculo-de-luces-drive-thru\/acerca-del-drive-thru\/\" \/>\n<meta property=\"og:site_name\" content=\"Christmas en el parque\" \/>\n<meta property=\"article:modified_time\" content=\"2024-11-11T07:45:13+00:00\" \/>\n<meta name=\"twitter:card\" content=\"summary_large_image\" \/>\n<meta name=\"twitter:label1\" content=\"Tiempo de lectura\" \/>\n\t<meta name=\"twitter:data1\" content=\"1 minuto\" \/>\n<script type=\"application\/ld+json\" class=\"yoast-schema-graph\">{\"@context\":\"https:\/\/schema.org\",\"@graph\":[{\"@type\":\"WebPage\",\"@id\":\"https:\/\/christmasinthepark.com\/es\/eventos\/espectaculo-de-luces-drive-thru\/acerca-del-drive-thru\/\",\"url\":\"https:\/\/christmasinthepark.com\/es\/eventos\/espectaculo-de-luces-drive-thru\/acerca-del-drive-thru\/\",\"name\":\"Acerca del Drive Thru - Christmas en el parque\",\"isPartOf\":{\"@id\":\"https:\/\/christmasinthepark.com\/es\/#website\"},\"datePublished\":\"2024-08-25T11:46:49+00:00\",\"dateModified\":\"2024-11-11T07:45:13+00:00\",\"breadcrumb\":{\"@id\":\"https:\/\/christmasinthepark.com\/es\/eventos\/espectaculo-de-luces-drive-thru\/acerca-del-drive-thru\/#breadcrumb\"},\"inLanguage\":\"es\",\"potentialAction\":[{\"@type\":\"ReadAction\",\"target\":[\"https:\/\/christmasinthepark.com\/es\/eventos\/espectaculo-de-luces-drive-thru\/acerca-del-drive-thru\/\"]}]},{\"@type\":\"BreadcrumbList\",\"@id\":\"https:\/\/christmasinthepark.com\/es\/eventos\/espectaculo-de-luces-drive-thru\/acerca-del-drive-thru\/#breadcrumb\",\"itemListElement\":[{\"@type\":\"ListItem\",\"position\":1,\"name\":\"Home\",\"item\":\"https:\/\/christmasinthepark.com\/es\/casa-nueva\/\"},{\"@type\":\"ListItem\",\"position\":2,\"name\":\"Eventos\",\"item\":\"https:\/\/christmasinthepark.com\/es\/eventos\/\"},{\"@type\":\"ListItem\",\"position\":3,\"name\":\"Espect\u00e1culo de luces Drive Thru\",\"item\":\"https:\/\/christmasinthepark.com\/es\/eventos\/espectaculo-de-luces-drive-thru\/\"},{\"@type\":\"ListItem\",\"position\":4,\"name\":\"Acerca del Drive Thru\"}]},{\"@type\":\"WebSite\",\"@id\":\"https:\/\/christmasinthepark.com\/es\/#website\",\"url\":\"https:\/\/christmasinthepark.com\/es\/\",\"name\":\"Christmas en el parque\",\"description\":\"Festividad, luces y esp\u00edritu comunitario\",\"potentialAction\":[{\"@type\":\"SearchAction\",\"target\":{\"@type\":\"EntryPoint\",\"urlTemplate\":\"https:\/\/christmasinthepark.com\/es\/?s={search_term_string}\"},\"query-input\":{\"@type\":\"PropertyValueSpecification\",\"valueRequired\":true,\"valueName\":\"search_term_string\"}}],\"inLanguage\":\"es\"}]}<\/script>\n<!-- \/ Yoast SEO plugin. -->","yoast_head_json":{"title":"Acerca del Drive Thru - Christmas en el parque","robots":{"index":"index","follow":"follow","max-snippet":"max-snippet:-1","max-image-preview":"max-image-preview:large","max-video-preview":"max-video-preview:-1"},"canonical":"https:\/\/christmasinthepark.com\/es\/eventos\/espectaculo-de-luces-drive-thru\/acerca-del-drive-thru\/","og_locale":"es_ES","og_type":"article","og_title":"Acerca del Drive Thru - Christmas en el parque","og_description":"Disfruta de la emocionante experiencia Drive Thru Abre el 21 de noviembre y cierra el 31 de diciembre \u00a1Vive la magia de la Navidad en el Parque como nunca antes! Desde 2020, nuestro espect\u00e1culo de luces Drive Thru ha llevado la alegr\u00eda navide\u00f1a a la comunidad. Navega por deslumbrantes t\u00faneles de luz, edificios festivos y [&hellip;]","og_url":"https:\/\/christmasinthepark.com\/es\/eventos\/espectaculo-de-luces-drive-thru\/acerca-del-drive-thru\/","og_site_name":"Christmas en el parque","article_modified_time":"2024-11-11T07:45:13+00:00","twitter_card":"summary_large_image","twitter_misc":{"Tiempo de lectura":"1 minuto"},"schema":{"@context":"https:\/\/schema.org","@graph":[{"@type":"WebPage","@id":"https:\/\/christmasinthepark.com\/es\/eventos\/espectaculo-de-luces-drive-thru\/acerca-del-drive-thru\/","url":"https:\/\/christmasinthepark.com\/es\/eventos\/espectaculo-de-luces-drive-thru\/acerca-del-drive-thru\/","name":"Acerca del Drive Thru - Christmas en el parque","isPartOf":{"@id":"https:\/\/christmasinthepark.com\/es\/#website"},"datePublished":"2024-08-25T11:46:49+00:00","dateModified":"2024-11-11T07:45:13+00:00","breadcrumb":{"@id":"https:\/\/christmasinthepark.com\/es\/eventos\/espectaculo-de-luces-drive-thru\/acerca-del-drive-thru\/#breadcrumb"},"inLanguage":"es","potentialAction":[{"@type":"ReadAction","target":["https:\/\/christmasinthepark.com\/es\/eventos\/espectaculo-de-luces-drive-thru\/acerca-del-drive-thru\/"]}]},{"@type":"BreadcrumbList","@id":"https:\/\/christmasinthepark.com\/es\/eventos\/espectaculo-de-luces-drive-thru\/acerca-del-drive-thru\/#breadcrumb","itemListElement":[{"@type":"ListItem","position":1,"name":"Home","item":"https:\/\/christmasinthepark.com\/es\/casa-nueva\/"},{"@type":"ListItem","position":2,"name":"Eventos","item":"https:\/\/christmasinthepark.com\/es\/eventos\/"},{"@type":"ListItem","position":3,"name":"Espect\u00e1culo de luces Drive Thru","item":"https:\/\/christmasinthepark.com\/es\/eventos\/espectaculo-de-luces-drive-thru\/"},{"@type":"ListItem","position":4,"name":"Acerca del Drive Thru"}]},{"@type":"WebSite","@id":"https:\/\/christmasinthepark.com\/es\/#website","url":"https:\/\/christmasinthepark.com\/es\/","name":"Christmas en el parque","description":"Festividad, luces y esp\u00edritu comunitario","potentialAction":[{"@type":"SearchAction","target":{"@type":"EntryPoint","urlTemplate":"https:\/\/christmasinthepark.com\/es\/?s={search_term_string}"},"query-input":{"@type":"PropertyValueSpecification","valueRequired":true,"valueName":"search_term_string"}}],"inLanguage":"es"}]}},"_links":{"self":[{"href":"https:\/\/christmasinthepark.com\/es\/wp-json\/wp\/v2\/pages\/4662","targetHints":{"allow":["GET"]}}],"collection":[{"href":"https:\/\/christmasinthepark.com\/es\/wp-json\/wp\/v2\/pages"}],"about":[{"href":"https:\/\/christmasinthepark.com\/es\/wp-json\/wp\/v2\/types\/page"}],"author":[{"embeddable":true,"href":"https:\/\/christmasinthepark.com\/es\/wp-json\/wp\/v2\/users\/4"}],"replies":[{"embeddable":true,"href":"https:\/\/christmasinthepark.com\/es\/wp-json\/wp\/v2\/comments?post=4662"}],"version-history":[{"count":0,"href":"https:\/\/christmasinthepark.com\/es\/wp-json\/wp\/v2\/pages\/4662\/revisions"}],"up":[{"embeddable":true,"href":"https:\/\/christmasinthepark.com\/es\/wp-json\/wp\/v2\/pages\/4682"}],"wp:attachment":[{"href":"https:\/\/christmasinthepark.com\/es\/wp-json\/wp\/v2\/media?parent=4662"}],"curies":[{"name":"wp","href":"https:\/\/api.w.org\/{rel}","templated":true}]}}