{"id":4667,"date":"2024-03-10T06:34:14","date_gmt":"2024-03-10T13:34:14","guid":{"rendered":"http:\/\/christmasinthepark.com\/participa\/hazte-voluntario\/"},"modified":"2026-04-16T11:21:53","modified_gmt":"2026-04-16T18:21:53","slug":"hazte-voluntario","status":"publish","type":"page","link":"https:\/\/christmasinthepark.com\/es\/participa\/hazte-voluntario\/","title":{"rendered":"Hazte voluntario"},"content":{"rendered":"\t\t<div data-elementor-type=\"wp-page\" data-elementor-id=\"4667\" class=\"elementor elementor-4667 elementor-230\" data-elementor-post-type=\"page\">\n\t\t\t\t<div class=\"elementor-element elementor-element-557e1280 e-flex e-con-boxed e-con e-parent\" data-id=\"557e1280\" data-element_type=\"container\" data-e-type=\"container\">\n\t\t\t\t\t<div class=\"e-con-inner\">\n\t\t\t\t<div class=\"elementor-element elementor-element-39367b59 elementor-hidden-desktop elementor-hidden-tablet elementor-hidden-mobile elementor-widget elementor-widget-text-editor\" data-id=\"39367b59\" data-element_type=\"widget\" data-e-type=\"widget\" data-widget_type=\"text-editor.default\">\n\t\t\t\t\t\t\t\t\t\n<div class=\"wp-block-columns\">\n<div class=\"wp-block-column\" style=\"flex-basis: 66.66%;\">\n<h3 class=\"wp-block-heading text-xl\">Oportunidades de voluntariado estacional<\/h3>\n\n<p>\u00bfQuieres cumplir tus horas de servicio comunitario? Tenemos varias oportunidades interesantes durante las Navidades. <\/p>\n\n<p>Sea cual sea la tarea, \u00a1desempe\u00f1ar\u00e1s un papel importante en la magia de la Navidad en el Parque!<\/p>\n<\/div>\n<\/div>\n\n<div class=\"wp-block-group\">\n<h4 class=\"wp-block-heading\">Ayuda a Pap\u00e1 Noel<\/h4>\n\n<p>Pap\u00e1 <em>Noel<\/em> est\u00e1 comprobando su lista de alegres y fiables <em>Ayudantes de Pap\u00e1 Noel<\/em> para unirse al equipo en las fiestas de 2025. Ayuda a dar vida a la magia de la Navidad para nuestra comunidad: \u00a1inscr\u00edbete hoy y haz que la temporada sea alegre y brillante! <\/p>\n\n<p><strong>Lo que buscamos<\/strong><\/p>\n<\/div>\n\n<div class=\"wp-block-group\">\n<p>-Ser <strong>mayor de 16 a\u00f1os<\/strong><\/p>\n\n<p>-Trae <strong>energ\u00eda positiva, grandes sonrisas y un esp\u00edritu navide\u00f1o amistoso<\/strong><\/p>\n\n<p>C\u00f3modo para <strong>estar de pie, caminar, agacharse<\/strong> y ayudar a guiar a los visitantes<\/p>\n\n<p>Capaz de <strong>pensar con los pies en la tierra<\/strong> y manejar momentos ajetreados con alegr\u00eda<\/p>\n\n<p><strong>Fiable y responsable<\/strong>: \u00a1Santa cuenta contigo!<\/p>\n\n<p>Dispuesto a trabajar <strong>tanto en interiores como en exteriores<\/strong><\/p>\n\n<p><strong>\u00a1No es necesario ser gru\u00f1\u00f3n!<\/strong><\/p>\n\n<p>Los turnos son bloques de 3 horas entre el 29 de noviembre y Nochebuena.<\/p>\n\n<p><a href=\"https:\/\/www.signupgenius.com\/go\/10C094EA4AC2AA1F8C34-59636109-santas\" target=\"_blank\" rel=\"noreferrer noopener\"><strong>Santa Voluntario<\/strong><\/a><\/p>\n<\/div>\n\n<h4> <\/h4>\n<h4 class=\"wp-block-heading\">S\u00e1bado de preparaci\u00f3n \u00a1Las inscripciones est\u00e1n abiertas!<\/h4>\n\n<p>\u00a1\u00danete a la magia navide\u00f1a! \ud83c\udf84<br>Ay\u00fadanos a dar el pistoletazo de salida a la temporada <strong>el S\u00e1bado de Preparaci\u00f3n<\/strong>, mientras transformamos la Plaza de C\u00e9sar Ch\u00e1vez en un brillante <strong>pa\u00eds de las maravillas de Navidad en el Parque<\/strong>. Decoraremos \u00e1rboles, colgaremos carteles, sacaremos brillo a los expositores y arreglaremos el parque para el d\u00eda de la inauguraci\u00f3n. <\/p>\n\n<p><strong>S\u00e1bado 22 de noviembre<\/strong><br><strong>12:00 PM &#8211; 3:00 PM<\/strong><br><strong>Navidad en el Parque &#8211; Parque de la Plaza de C\u00e9sar Ch\u00e1vez<\/strong><\/p>\n\n<p>Buscamos <strong>100 voluntarios animosos<\/strong> que se unan a la diversi\u00f3n.<br>V\u00edstete para el tiempo que haga, lleva calzado cerrado y agua, \u00a1y tu alegr\u00eda navide\u00f1a!<\/p>\n\n<p><strong><a href=\"https:\/\/www.signupgenius.com\/go\/10C094EA4AC2AA1F8C34-59918205-setupsaturday\">Set up S\u00e1bado Inscr\u00edbete<\/a><\/strong><\/p>\n\t\t\t\t\t\t\t\t<\/div>\n\t\t\t\t\t<\/div>\n\t\t\t\t<\/div>\n\t\t<div class=\"elementor-element elementor-element-ad1e696 e-flex e-con-boxed e-con e-parent\" data-id=\"ad1e696\" data-element_type=\"container\" data-e-type=\"container\">\n\t\t\t\t\t<div class=\"e-con-inner\">\n\t\t\t\t<div class=\"elementor-element elementor-element-eaddcf5 elementor-widget elementor-widget-text-editor\" data-id=\"eaddcf5\" data-element_type=\"widget\" data-e-type=\"widget\" data-widget_type=\"text-editor.default\">\n\t\t\t\t\t\t\t\t\t<h2 data-start=\"657\" data-end=\"679\">Forma parte de la magia durante todo el a\u00f1o.<\/h2>\n<p data-start=\"721\" data-end=\"894\">Navidad en el Parque funciona gracias a los voluntarios. Desde la preparaci\u00f3n de los talleres hasta las festividades navide\u00f1as, nuestros voluntarios ayudan a crear la alegr\u00eda que une a nuestra comunidad cada temporada. <\/p>\n<p data-start=\"896\" data-end=\"1010\">Tanto si quieres ganar horas de servicio como si simplemente te gusta repartir alegr\u00eda navide\u00f1a, nos encantar\u00eda darte la bienvenida al equipo.<\/p>\n<h4 data-start=\"1017\" data-end=\"1049\">Oportunidades durante todo el a\u00f1o<\/h4>\n<p data-start=\"1051\" data-end=\"1091\">A lo largo del a\u00f1o, los voluntarios prestan su apoyo:<\/p>\n<ul data-start=\"1093\" data-end=\"1202\">\n<li data-start=\"1093\" data-end=\"1117\">\n<p data-start=\"1095\" data-end=\"1117\">Preparaci\u00f3n del taller<\/p>\n<\/li>\n<li data-start=\"1118\" data-end=\"1160\">\n<p data-start=\"1120\" data-end=\"1160\">Preparaci\u00f3n del evento y ayuda entre bastidores<\/p>\n<\/li>\n<li data-start=\"1161\" data-end=\"1202\">\n<p data-start=\"1163\" data-end=\"1202\">Actos especiales y programas comunitarios<\/p>\n<\/li>\n<\/ul>\n<p data-start=\"1204\" data-end=\"1265\">Las oportunidades var\u00edan seg\u00fan la temporada y las necesidades del proyecto.<\/p>\n<p data-start=\"1204\" data-end=\"1265\"><strong data-start=\"1799\" data-end=\"1835\">\u00danete a nuestra <a href=\"https:\/\/docs.google.com\/forms\/d\/e\/1FAIpQLSdYU4OEQwq0SeI9WNM4Or3TB31His3lrDKhaemTYtKD8h0APg\/viewform?usp=header\">lista de<\/a> intereses de voluntariado<\/strong><\/p>\n<h4 data-start=\"1272\" data-end=\"1300\">Roles para las fiestas<\/h4>\n<p data-start=\"1302\" data-end=\"1384\">Durante la temporada de vacaciones (finales de noviembre-principios de enero), las funciones adicionales incluyen:<\/p>\n<ul data-start=\"1386\" data-end=\"1466\">\n<li data-start=\"1386\" data-end=\"1403\">\n<p data-start=\"1388\" data-end=\"1403\">Ayudantes de Pap\u00e1 Noel<\/p>\n<\/li>\n<li data-start=\"1404\" data-end=\"1424\">\n<p data-start=\"1406\" data-end=\"1424\">Prepara los s\u00e1bados<\/p>\n<\/li>\n<li data-start=\"1425\" data-end=\"1466\">\n<p data-start=\"1427\" data-end=\"1466\">Duendes del Embellecimiento  <\/p>\n<\/li>\n<\/ul>\n<p data-start=\"1427\" data-end=\"1466\">La inscripci\u00f3n estacional se abre en oto\u00f1o.<\/p>\n<h5 data-start=\"1515\" data-end=\"1539\">Voluntariado B\u00e1sico<\/h5>\n<ul data-start=\"1541\" data-end=\"1674\">\n<li data-start=\"1541\" data-end=\"1570\">\n<p data-start=\"1543\" data-end=\"1570\">Debe tener 16 a\u00f1os o m\u00e1s<\/p>\n<\/li>\n<li data-start=\"1571\" data-end=\"1618\">\n<p data-start=\"1573\" data-end=\"1618\">Aporta energ\u00eda positiva y un esp\u00edritu amistoso<\/p>\n<\/li>\n<li data-start=\"1619\" data-end=\"1674\">\n<p data-start=\"1621\" data-end=\"1674\">Te sientes c\u00f3modo atendiendo a los invitados y estando de pie<\/p>\n<\/li>\n<\/ul>\n<h5 data-start=\"1681\" data-end=\"1703\">\u00bfListo para unirte a nosotros?<\/h5>\n<p data-start=\"1705\" data-end=\"1794\">A\u00f1ade tu nombre a nuestra Lista de Inter\u00e9s de Voluntarios y nos pondremos en contacto contigo cuando surjan oportunidades.<\/p>\n<p data-start=\"1796\" data-end=\"1835\"><strong data-start=\"1799\" data-end=\"1835\">\u00danete a nuestra <a href=\"https:\/\/docs.google.com\/forms\/d\/e\/1FAIpQLSdYU4OEQwq0SeI9WNM4Or3TB31His3lrDKhaemTYtKD8h0APg\/viewform?usp=header\">lista de<\/a> intereses de voluntariado<\/strong><\/p>\t\t\t\t\t\t\t\t<\/div>\n\t\t\t\t\t<\/div>\n\t\t\t\t<\/div>\n\t\t\t\t<\/div>\n\t\t","protected":false},"excerpt":{"rendered":"<p>Oportunidades de voluntariado estacional \u00bfQuieres cumplir tus horas de servicio comunitario? Tenemos varias oportunidades interesantes durante las Navidades. Sea cual sea la tarea, \u00a1desempe\u00f1ar\u00e1s un papel importante en la magia de la Navidad en el Parque! Ayuda a Pap\u00e1 Noel Pap\u00e1 Noel est\u00e1 comprobando su lista de alegres y fiables Ayudantes de Pap\u00e1 Noel para [&hellip;]<\/p>\n","protected":false},"author":4,"featured_media":0,"parent":4570,"menu_order":0,"comment_status":"closed","ping_status":"closed","template":"","meta":{"footnotes":""},"class_list":["post-4667","page","type-page","status-publish","hentry"],"acpt":{"meta":[]},"yoast_head":"<!-- This site is optimized with the Yoast SEO plugin v27.0 - https:\/\/yoast.com\/product\/yoast-seo-wordpress\/ -->\n<title>Hazte voluntario - Christmas en el parque<\/title>\n<meta name=\"robots\" content=\"index, follow, max-snippet:-1, max-image-preview:large, max-video-preview:-1\" \/>\n<link rel=\"canonical\" href=\"https:\/\/christmasinthepark.com\/es\/participa\/hazte-voluntario\/\" \/>\n<meta property=\"og:locale\" content=\"es_ES\" \/>\n<meta property=\"og:type\" content=\"article\" \/>\n<meta property=\"og:title\" content=\"Hazte voluntario - Christmas en el parque\" \/>\n<meta property=\"og:description\" content=\"Oportunidades de voluntariado estacional \u00bfQuieres cumplir tus horas de servicio comunitario? Tenemos varias oportunidades interesantes durante las Navidades. Sea cual sea la tarea, \u00a1desempe\u00f1ar\u00e1s un papel importante en la magia de la Navidad en el Parque! Ayuda a Pap\u00e1 Noel Pap\u00e1 Noel est\u00e1 comprobando su lista de alegres y fiables Ayudantes de Pap\u00e1 Noel para [&hellip;]\" \/>\n<meta property=\"og:url\" content=\"https:\/\/christmasinthepark.com\/es\/participa\/hazte-voluntario\/\" \/>\n<meta property=\"og:site_name\" content=\"Christmas en el parque\" \/>\n<meta property=\"article:modified_time\" content=\"2026-04-16T18:21:53+00:00\" \/>\n<meta name=\"twitter:card\" content=\"summary_large_image\" \/>\n<meta name=\"twitter:label1\" content=\"Tiempo de lectura\" \/>\n\t<meta name=\"twitter:data1\" content=\"3 minutos\" \/>\n<script type=\"application\/ld+json\" class=\"yoast-schema-graph\">{\"@context\":\"https:\/\/schema.org\",\"@graph\":[{\"@type\":\"WebPage\",\"@id\":\"https:\/\/christmasinthepark.com\/es\/participa\/hazte-voluntario\/\",\"url\":\"https:\/\/christmasinthepark.com\/es\/participa\/hazte-voluntario\/\",\"name\":\"Hazte voluntario - Christmas en el parque\",\"isPartOf\":{\"@id\":\"https:\/\/christmasinthepark.com\/es\/#website\"},\"datePublished\":\"2024-03-10T13:34:14+00:00\",\"dateModified\":\"2026-04-16T18:21:53+00:00\",\"breadcrumb\":{\"@id\":\"https:\/\/christmasinthepark.com\/es\/participa\/hazte-voluntario\/#breadcrumb\"},\"inLanguage\":\"es\",\"potentialAction\":[{\"@type\":\"ReadAction\",\"target\":[\"https:\/\/christmasinthepark.com\/es\/participa\/hazte-voluntario\/\"]}]},{\"@type\":\"BreadcrumbList\",\"@id\":\"https:\/\/christmasinthepark.com\/es\/participa\/hazte-voluntario\/#breadcrumb\",\"itemListElement\":[{\"@type\":\"ListItem\",\"position\":1,\"name\":\"Home\",\"item\":\"https:\/\/christmasinthepark.com\/es\/casa-nueva\/\"},{\"@type\":\"ListItem\",\"position\":2,\"name\":\"Participa\",\"item\":\"https:\/\/christmasinthepark.com\/es\/participa\/\"},{\"@type\":\"ListItem\",\"position\":3,\"name\":\"Hazte voluntario\"}]},{\"@type\":\"WebSite\",\"@id\":\"https:\/\/christmasinthepark.com\/es\/#website\",\"url\":\"https:\/\/christmasinthepark.com\/es\/\",\"name\":\"Christmas en el parque\",\"description\":\"Festividad, luces y esp\u00edritu comunitario\",\"potentialAction\":[{\"@type\":\"SearchAction\",\"target\":{\"@type\":\"EntryPoint\",\"urlTemplate\":\"https:\/\/christmasinthepark.com\/es\/?s={search_term_string}\"},\"query-input\":{\"@type\":\"PropertyValueSpecification\",\"valueRequired\":true,\"valueName\":\"search_term_string\"}}],\"inLanguage\":\"es\"}]}<\/script>\n<!-- \/ Yoast SEO plugin. -->","yoast_head_json":{"title":"Hazte voluntario - Christmas en el parque","robots":{"index":"index","follow":"follow","max-snippet":"max-snippet:-1","max-image-preview":"max-image-preview:large","max-video-preview":"max-video-preview:-1"},"canonical":"https:\/\/christmasinthepark.com\/es\/participa\/hazte-voluntario\/","og_locale":"es_ES","og_type":"article","og_title":"Hazte voluntario - Christmas en el parque","og_description":"Oportunidades de voluntariado estacional \u00bfQuieres cumplir tus horas de servicio comunitario? Tenemos varias oportunidades interesantes durante las Navidades. Sea cual sea la tarea, \u00a1desempe\u00f1ar\u00e1s un papel importante en la magia de la Navidad en el Parque! Ayuda a Pap\u00e1 Noel Pap\u00e1 Noel est\u00e1 comprobando su lista de alegres y fiables Ayudantes de Pap\u00e1 Noel para [&hellip;]","og_url":"https:\/\/christmasinthepark.com\/es\/participa\/hazte-voluntario\/","og_site_name":"Christmas en el parque","article_modified_time":"2026-04-16T18:21:53+00:00","twitter_card":"summary_large_image","twitter_misc":{"Tiempo de lectura":"3 minutos"},"schema":{"@context":"https:\/\/schema.org","@graph":[{"@type":"WebPage","@id":"https:\/\/christmasinthepark.com\/es\/participa\/hazte-voluntario\/","url":"https:\/\/christmasinthepark.com\/es\/participa\/hazte-voluntario\/","name":"Hazte voluntario - Christmas en el parque","isPartOf":{"@id":"https:\/\/christmasinthepark.com\/es\/#website"},"datePublished":"2024-03-10T13:34:14+00:00","dateModified":"2026-04-16T18:21:53+00:00","breadcrumb":{"@id":"https:\/\/christmasinthepark.com\/es\/participa\/hazte-voluntario\/#breadcrumb"},"inLanguage":"es","potentialAction":[{"@type":"ReadAction","target":["https:\/\/christmasinthepark.com\/es\/participa\/hazte-voluntario\/"]}]},{"@type":"BreadcrumbList","@id":"https:\/\/christmasinthepark.com\/es\/participa\/hazte-voluntario\/#breadcrumb","itemListElement":[{"@type":"ListItem","position":1,"name":"Home","item":"https:\/\/christmasinthepark.com\/es\/casa-nueva\/"},{"@type":"ListItem","position":2,"name":"Participa","item":"https:\/\/christmasinthepark.com\/es\/participa\/"},{"@type":"ListItem","position":3,"name":"Hazte voluntario"}]},{"@type":"WebSite","@id":"https:\/\/christmasinthepark.com\/es\/#website","url":"https:\/\/christmasinthepark.com\/es\/","name":"Christmas en el parque","description":"Festividad, luces y esp\u00edritu comunitario","potentialAction":[{"@type":"SearchAction","target":{"@type":"EntryPoint","urlTemplate":"https:\/\/christmasinthepark.com\/es\/?s={search_term_string}"},"query-input":{"@type":"PropertyValueSpecification","valueRequired":true,"valueName":"search_term_string"}}],"inLanguage":"es"}]}},"_links":{"self":[{"href":"https:\/\/christmasinthepark.com\/es\/wp-json\/wp\/v2\/pages\/4667","targetHints":{"allow":["GET"]}}],"collection":[{"href":"https:\/\/christmasinthepark.com\/es\/wp-json\/wp\/v2\/pages"}],"about":[{"href":"https:\/\/christmasinthepark.com\/es\/wp-json\/wp\/v2\/types\/page"}],"author":[{"embeddable":true,"href":"https:\/\/christmasinthepark.com\/es\/wp-json\/wp\/v2\/users\/4"}],"replies":[{"embeddable":true,"href":"https:\/\/christmasinthepark.com\/es\/wp-json\/wp\/v2\/comments?post=4667"}],"version-history":[{"count":27,"href":"https:\/\/christmasinthepark.com\/es\/wp-json\/wp\/v2\/pages\/4667\/revisions"}],"predecessor-version":[{"id":9537,"href":"https:\/\/christmasinthepark.com\/es\/wp-json\/wp\/v2\/pages\/4667\/revisions\/9537"}],"up":[{"embeddable":true,"href":"https:\/\/christmasinthepark.com\/es\/wp-json\/wp\/v2\/pages\/4570"}],"wp:attachment":[{"href":"https:\/\/christmasinthepark.com\/es\/wp-json\/wp\/v2\/media?parent=4667"}],"curies":[{"name":"wp","href":"https:\/\/api.w.org\/{rel}","templated":true}]}}