{"id":4675,"date":"2024-05-10T17:47:27","date_gmt":"2024-05-11T00:47:27","guid":{"rendered":"http:\/\/christmasinthepark.com\/como-llegar-al-taller\/"},"modified":"2025-01-15T16:31:49","modified_gmt":"2025-01-16T00:31:49","slug":"como-llegar-al-taller","status":"publish","type":"page","link":"https:\/\/christmasinthepark.com\/es\/eventos\/parque-del-centro\/como-llegar-al-taller\/","title":{"rendered":"C\u00f3mo llegar al Taller"},"content":{"rendered":"\n<div class=\"wp-block-columns is-layout-flex wp-container-core-columns-is-layout-9d6595d7 wp-block-columns-is-layout-flex\">\n<div class=\"wp-block-column is-vertically-aligned-top is-layout-flow wp-block-column-is-layout-flow\" style=\"flex-basis:70%\">\n<figure class=\"wp-block-image size-full shadow-m padding-3xs margin-auto\"><img fetchpriority=\"high\" decoding=\"async\" width=\"2048\" height=\"1418\" src=\"http:\/\/christmasinthepark.com\/wp-content\/uploads\/2025\/01\/Workshop-Map-.png\" alt=\"mapa del taller\" class=\"wp-image-6028\" srcset=\"https:\/\/christmasinthepark.com\/wp-content\/uploads\/2025\/01\/Workshop-Map-.png 2048w, https:\/\/christmasinthepark.com\/wp-content\/uploads\/2025\/01\/Workshop-Map--300x208.png 300w, https:\/\/christmasinthepark.com\/wp-content\/uploads\/2025\/01\/Workshop-Map--1024x709.png 1024w, https:\/\/christmasinthepark.com\/wp-content\/uploads\/2025\/01\/Workshop-Map--768x532.png 768w, https:\/\/christmasinthepark.com\/wp-content\/uploads\/2025\/01\/Workshop-Map--1536x1064.png 1536w\" sizes=\"(max-width: 2048px) 100vw, 2048px\" \/><\/figure>\n\n\n\n<h5 class=\"wp-block-heading has-text-align-center text-secondary margin-top-xl margin-bottom-m\"><strong>Direcci\u00f3n:<\/strong> 1661 Senter Road, San Jos\u00e9, CA<\/h5>\n\n\n\n<h5 class=\"wp-block-heading has-text-align-center text-secondary margin-bottom-3xl\"><strong>Localizaci\u00f3n:<\/strong> Edificio D2, Patio Central de Servicios de San Jos\u00e9<\/h5>\n\n\n\n<h5 class=\"wp-block-heading\"><strong>C\u00f3mo encontrarnos:<\/strong><\/h5>\n\n\n\n<ol class=\"wp-block-list\">\n<li>Utilizando el GPS: Introduce nuestra direcci\u00f3n en 1661 Senter Rd, San Jose, CA  <\/li>\n\n\n\n<li>Entra por la Puerta 1 desde Phelan Ave.<\/li>\n\n\n\n<li>Hay muchas construcciones, pero utiliza la imagen de arriba como referencia.  <\/li>\n\n\n\n<li>Busca el edificio D2: estaremos a mano izquierda despu\u00e9s de girar a la derecha en el edificio G.  <\/li>\n\n\n\n<li>Aparcamiento: Hay un c\u00f3modo aparcamiento para visitantes justo delante de las puertas de nuestro taller.<\/li>\n<\/ol>\n<\/div>\n\n\n\n<div class=\"wp-block-column is-vertically-aligned-top is-layout-flow wp-block-column-is-layout-flow\" style=\"flex-basis:30%\">\n<figure class=\"wp-block-image size-full shadow-m padding-3xs\"><img decoding=\"async\" width=\"600\" height=\"450\" src=\"http:\/\/christmasinthepark.com\/wp-content\/uploads\/2024\/05\/directions-to-workshop-2-Roll-up-Door.jpg\" alt=\"c&#xF3;mo llegar al taller 2 Puerta Enrollable\" class=\"wp-image-1450\" srcset=\"https:\/\/christmasinthepark.com\/wp-content\/uploads\/2024\/05\/directions-to-workshop-2-Roll-up-Door.jpg 600w, https:\/\/christmasinthepark.com\/wp-content\/uploads\/2024\/05\/directions-to-workshop-2-Roll-up-Door-300x225.jpg 300w\" sizes=\"(max-width: 600px) 100vw, 600px\" \/><\/figure>\n\n\n\n<figure class=\"wp-block-image size-full shadow-m padding-3xs\"><img decoding=\"async\" width=\"392\" height=\"500\" src=\"http:\/\/christmasinthepark.com\/wp-content\/uploads\/2024\/10\/directions-to-workshop-3-front-door-w-logo-1.jpg\" alt=\"c&#xF3;mo llegar al taller 3 puerta principal w logotipo 1\" class=\"wp-image-4059\" srcset=\"https:\/\/christmasinthepark.com\/wp-content\/uploads\/2024\/10\/directions-to-workshop-3-front-door-w-logo-1.jpg 392w, https:\/\/christmasinthepark.com\/wp-content\/uploads\/2024\/10\/directions-to-workshop-3-front-door-w-logo-1-235x300.jpg 235w\" sizes=\"(max-width: 392px) 100vw, 392px\" \/><\/figure>\n<\/div>\n<\/div>\n\n<div class=\"wp-block-columns are-vertically-aligned-top is-layout-flex wp-container-core-columns-is-layout-9d6595d7 wp-block-columns-is-layout-flex\">\n<div class=\"wp-block-column is-vertically-aligned-top is-layout-flow wp-block-column-is-layout-flow\" style=\"flex-basis:100%\">\n<h5 class=\"wp-block-heading margin-bottom-s\"><strong>Gu\u00eda visual:<\/strong><\/h5>\n\n\n\n<p>Para ayudarte a encontrar el camino, hemos incluido un mapa de vista a\u00e9rea en nuestro sitio web y algunas fotos que te ayudar\u00e1n.<\/p>\n\n\n\n<p>Este mapa ofrece una vista a\u00e9rea del Patio Central de Servicios, destacando la ubicaci\u00f3n del Edificio D2 y la puerta de entrada n\u00ba 2 de la avenida Phelan.  <\/p>\n\n\n\n<p class=\"margin-bottom-l\">No pierdas de vista la inconfundible gran puerta enrollable, que sirve de hito visual para guiarte hasta nuestro taller.<\/p>\n\n\n\n<h5 class=\"wp-block-heading margin-bottom-s\"><strong>Necesitas ayuda:<\/strong><\/h5>\n\n\n\n<p>Si tienes problemas para encontrarnos o necesitas m\u00e1s ayuda, no dudes en ponerte en contacto con nosotros directamente.  <\/p>\n\n\n\n<p>Nuestro equipo est\u00e1 aqu\u00ed para ayudarte a que tu visita a nuestro taller sea fluida y agradable.<\/p>\n<\/div>\n<\/div>\n","protected":false},"excerpt":{"rendered":"<p>Direcci\u00f3n: 1661 Senter Road, San Jos\u00e9, CA Localizaci\u00f3n: Edificio D2, Patio Central de Servicios de San Jos\u00e9 C\u00f3mo encontrarnos: Gu\u00eda visual: Para ayudarte a encontrar el camino, hemos incluido un mapa de vista a\u00e9rea en nuestro sitio web y algunas fotos que te ayudar\u00e1n. Este mapa ofrece una vista a\u00e9rea del Patio Central de Servicios, [&hellip;]<\/p>\n","protected":false},"author":4,"featured_media":0,"parent":4690,"menu_order":0,"comment_status":"closed","ping_status":"closed","template":"","meta":{"footnotes":""},"class_list":["post-4675","page","type-page","status-publish","hentry"],"acpt":{"meta":[]},"yoast_head":"<!-- This site is optimized with the Yoast SEO plugin v27.0 - https:\/\/yoast.com\/product\/yoast-seo-wordpress\/ -->\n<title>C\u00f3mo llegar al Taller - Christmas en el parque<\/title>\n<meta name=\"robots\" content=\"index, follow, max-snippet:-1, max-image-preview:large, max-video-preview:-1\" \/>\n<link rel=\"canonical\" href=\"https:\/\/christmasinthepark.com\/es\/eventos\/parque-del-centro\/como-llegar-al-taller\/\" \/>\n<meta property=\"og:locale\" content=\"es_ES\" \/>\n<meta property=\"og:type\" content=\"article\" \/>\n<meta property=\"og:title\" content=\"C\u00f3mo llegar al Taller - Christmas en el parque\" \/>\n<meta property=\"og:description\" content=\"Direcci\u00f3n: 1661 Senter Road, San Jos\u00e9, CA Localizaci\u00f3n: Edificio D2, Patio Central de Servicios de San Jos\u00e9 C\u00f3mo encontrarnos: Gu\u00eda visual: Para ayudarte a encontrar el camino, hemos incluido un mapa de vista a\u00e9rea en nuestro sitio web y algunas fotos que te ayudar\u00e1n. Este mapa ofrece una vista a\u00e9rea del Patio Central de Servicios, [&hellip;]\" \/>\n<meta property=\"og:url\" content=\"https:\/\/christmasinthepark.com\/es\/eventos\/parque-del-centro\/como-llegar-al-taller\/\" \/>\n<meta property=\"og:site_name\" content=\"Christmas en el parque\" \/>\n<meta property=\"article:modified_time\" content=\"2025-01-16T00:31:49+00:00\" \/>\n<meta property=\"og:image\" content=\"http:\/\/christmasinthepark.com\/wp-content\/uploads\/2025\/01\/Workshop-Map-.png\" \/>\n<meta name=\"twitter:card\" content=\"summary_large_image\" \/>\n<meta name=\"twitter:label1\" content=\"Tiempo de lectura\" \/>\n\t<meta name=\"twitter:data1\" content=\"1 minuto\" \/>\n<script type=\"application\/ld+json\" class=\"yoast-schema-graph\">{\"@context\":\"https:\/\/schema.org\",\"@graph\":[{\"@type\":\"WebPage\",\"@id\":\"https:\/\/christmasinthepark.com\/es\/eventos\/parque-del-centro\/como-llegar-al-taller\/\",\"url\":\"https:\/\/christmasinthepark.com\/es\/eventos\/parque-del-centro\/como-llegar-al-taller\/\",\"name\":\"C\u00f3mo llegar al Taller - Christmas en el parque\",\"isPartOf\":{\"@id\":\"https:\/\/christmasinthepark.com\/es\/#website\"},\"primaryImageOfPage\":{\"@id\":\"https:\/\/christmasinthepark.com\/es\/eventos\/parque-del-centro\/como-llegar-al-taller\/#primaryimage\"},\"image\":{\"@id\":\"https:\/\/christmasinthepark.com\/es\/eventos\/parque-del-centro\/como-llegar-al-taller\/#primaryimage\"},\"thumbnailUrl\":\"http:\/\/christmasinthepark.com\/wp-content\/uploads\/2025\/01\/Workshop-Map-.png\",\"datePublished\":\"2024-05-11T00:47:27+00:00\",\"dateModified\":\"2025-01-16T00:31:49+00:00\",\"breadcrumb\":{\"@id\":\"https:\/\/christmasinthepark.com\/es\/eventos\/parque-del-centro\/como-llegar-al-taller\/#breadcrumb\"},\"inLanguage\":\"es\",\"potentialAction\":[{\"@type\":\"ReadAction\",\"target\":[\"https:\/\/christmasinthepark.com\/es\/eventos\/parque-del-centro\/como-llegar-al-taller\/\"]}]},{\"@type\":\"ImageObject\",\"inLanguage\":\"es\",\"@id\":\"https:\/\/christmasinthepark.com\/es\/eventos\/parque-del-centro\/como-llegar-al-taller\/#primaryimage\",\"url\":\"http:\/\/christmasinthepark.com\/wp-content\/uploads\/2025\/01\/Workshop-Map-.png\",\"contentUrl\":\"http:\/\/christmasinthepark.com\/wp-content\/uploads\/2025\/01\/Workshop-Map-.png\"},{\"@type\":\"BreadcrumbList\",\"@id\":\"https:\/\/christmasinthepark.com\/es\/eventos\/parque-del-centro\/como-llegar-al-taller\/#breadcrumb\",\"itemListElement\":[{\"@type\":\"ListItem\",\"position\":1,\"name\":\"Home\",\"item\":\"https:\/\/christmasinthepark.com\/es\/casa-nueva\/\"},{\"@type\":\"ListItem\",\"position\":2,\"name\":\"Eventos\",\"item\":\"https:\/\/christmasinthepark.com\/es\/eventos\/\"},{\"@type\":\"ListItem\",\"position\":3,\"name\":\"Experiencia en el Parque del Centro\",\"item\":\"https:\/\/christmasinthepark.com\/es\/eventos\/parque-del-centro\/\"},{\"@type\":\"ListItem\",\"position\":4,\"name\":\"C\u00f3mo llegar al Taller\"}]},{\"@type\":\"WebSite\",\"@id\":\"https:\/\/christmasinthepark.com\/es\/#website\",\"url\":\"https:\/\/christmasinthepark.com\/es\/\",\"name\":\"Christmas en el parque\",\"description\":\"Festividad, luces y esp\u00edritu comunitario\",\"potentialAction\":[{\"@type\":\"SearchAction\",\"target\":{\"@type\":\"EntryPoint\",\"urlTemplate\":\"https:\/\/christmasinthepark.com\/es\/?s={search_term_string}\"},\"query-input\":{\"@type\":\"PropertyValueSpecification\",\"valueRequired\":true,\"valueName\":\"search_term_string\"}}],\"inLanguage\":\"es\"}]}<\/script>\n<!-- \/ Yoast SEO plugin. -->","yoast_head_json":{"title":"C\u00f3mo llegar al Taller - Christmas en el parque","robots":{"index":"index","follow":"follow","max-snippet":"max-snippet:-1","max-image-preview":"max-image-preview:large","max-video-preview":"max-video-preview:-1"},"canonical":"https:\/\/christmasinthepark.com\/es\/eventos\/parque-del-centro\/como-llegar-al-taller\/","og_locale":"es_ES","og_type":"article","og_title":"C\u00f3mo llegar al Taller - Christmas en el parque","og_description":"Direcci\u00f3n: 1661 Senter Road, San Jos\u00e9, CA Localizaci\u00f3n: Edificio D2, Patio Central de Servicios de San Jos\u00e9 C\u00f3mo encontrarnos: Gu\u00eda visual: Para ayudarte a encontrar el camino, hemos incluido un mapa de vista a\u00e9rea en nuestro sitio web y algunas fotos que te ayudar\u00e1n. Este mapa ofrece una vista a\u00e9rea del Patio Central de Servicios, [&hellip;]","og_url":"https:\/\/christmasinthepark.com\/es\/eventos\/parque-del-centro\/como-llegar-al-taller\/","og_site_name":"Christmas en el parque","article_modified_time":"2025-01-16T00:31:49+00:00","og_image":[{"url":"http:\/\/christmasinthepark.com\/wp-content\/uploads\/2025\/01\/Workshop-Map-.png","type":"","width":"","height":""}],"twitter_card":"summary_large_image","twitter_misc":{"Tiempo de lectura":"1 minuto"},"schema":{"@context":"https:\/\/schema.org","@graph":[{"@type":"WebPage","@id":"https:\/\/christmasinthepark.com\/es\/eventos\/parque-del-centro\/como-llegar-al-taller\/","url":"https:\/\/christmasinthepark.com\/es\/eventos\/parque-del-centro\/como-llegar-al-taller\/","name":"C\u00f3mo llegar al Taller - Christmas en el parque","isPartOf":{"@id":"https:\/\/christmasinthepark.com\/es\/#website"},"primaryImageOfPage":{"@id":"https:\/\/christmasinthepark.com\/es\/eventos\/parque-del-centro\/como-llegar-al-taller\/#primaryimage"},"image":{"@id":"https:\/\/christmasinthepark.com\/es\/eventos\/parque-del-centro\/como-llegar-al-taller\/#primaryimage"},"thumbnailUrl":"http:\/\/christmasinthepark.com\/wp-content\/uploads\/2025\/01\/Workshop-Map-.png","datePublished":"2024-05-11T00:47:27+00:00","dateModified":"2025-01-16T00:31:49+00:00","breadcrumb":{"@id":"https:\/\/christmasinthepark.com\/es\/eventos\/parque-del-centro\/como-llegar-al-taller\/#breadcrumb"},"inLanguage":"es","potentialAction":[{"@type":"ReadAction","target":["https:\/\/christmasinthepark.com\/es\/eventos\/parque-del-centro\/como-llegar-al-taller\/"]}]},{"@type":"ImageObject","inLanguage":"es","@id":"https:\/\/christmasinthepark.com\/es\/eventos\/parque-del-centro\/como-llegar-al-taller\/#primaryimage","url":"http:\/\/christmasinthepark.com\/wp-content\/uploads\/2025\/01\/Workshop-Map-.png","contentUrl":"http:\/\/christmasinthepark.com\/wp-content\/uploads\/2025\/01\/Workshop-Map-.png"},{"@type":"BreadcrumbList","@id":"https:\/\/christmasinthepark.com\/es\/eventos\/parque-del-centro\/como-llegar-al-taller\/#breadcrumb","itemListElement":[{"@type":"ListItem","position":1,"name":"Home","item":"https:\/\/christmasinthepark.com\/es\/casa-nueva\/"},{"@type":"ListItem","position":2,"name":"Eventos","item":"https:\/\/christmasinthepark.com\/es\/eventos\/"},{"@type":"ListItem","position":3,"name":"Experiencia en el Parque del Centro","item":"https:\/\/christmasinthepark.com\/es\/eventos\/parque-del-centro\/"},{"@type":"ListItem","position":4,"name":"C\u00f3mo llegar al Taller"}]},{"@type":"WebSite","@id":"https:\/\/christmasinthepark.com\/es\/#website","url":"https:\/\/christmasinthepark.com\/es\/","name":"Christmas en el parque","description":"Festividad, luces y esp\u00edritu comunitario","potentialAction":[{"@type":"SearchAction","target":{"@type":"EntryPoint","urlTemplate":"https:\/\/christmasinthepark.com\/es\/?s={search_term_string}"},"query-input":{"@type":"PropertyValueSpecification","valueRequired":true,"valueName":"search_term_string"}}],"inLanguage":"es"}]}},"_links":{"self":[{"href":"https:\/\/christmasinthepark.com\/es\/wp-json\/wp\/v2\/pages\/4675","targetHints":{"allow":["GET"]}}],"collection":[{"href":"https:\/\/christmasinthepark.com\/es\/wp-json\/wp\/v2\/pages"}],"about":[{"href":"https:\/\/christmasinthepark.com\/es\/wp-json\/wp\/v2\/types\/page"}],"author":[{"embeddable":true,"href":"https:\/\/christmasinthepark.com\/es\/wp-json\/wp\/v2\/users\/4"}],"replies":[{"embeddable":true,"href":"https:\/\/christmasinthepark.com\/es\/wp-json\/wp\/v2\/comments?post=4675"}],"version-history":[{"count":0,"href":"https:\/\/christmasinthepark.com\/es\/wp-json\/wp\/v2\/pages\/4675\/revisions"}],"up":[{"embeddable":true,"href":"https:\/\/christmasinthepark.com\/es\/wp-json\/wp\/v2\/pages\/4690"}],"wp:attachment":[{"href":"https:\/\/christmasinthepark.com\/es\/wp-json\/wp\/v2\/media?parent=4675"}],"curies":[{"name":"wp","href":"https:\/\/api.w.org\/{rel}","templated":true}]}}