{"id":4682,"date":"2024-03-10T06:30:53","date_gmt":"2024-03-10T13:30:53","guid":{"rendered":"http:\/\/christmasinthepark.com\/eventos\/espectaculo-de-luces-drive-thru\/"},"modified":"2024-11-10T23:43:39","modified_gmt":"2024-11-11T07:43:39","slug":"espectaculo-de-luces-drive-thru","status":"publish","type":"page","link":"https:\/\/christmasinthepark.com\/es\/eventos\/espectaculo-de-luces-drive-thru\/","title":{"rendered":"Espect\u00e1culo de luces Drive Thru"},"content":{"rendered":"\n<div class=\"wp-block-columns is-layout-flex wp-container-core-columns-is-layout-9d6595d7 wp-block-columns-is-layout-flex\">\n<div class=\"wp-block-column is-vertically-aligned-center is-layout-flow wp-block-column-is-layout-flow\" style=\"flex-basis:75%\">\n<h3 class=\"wp-block-heading text-xl\">Nuestro espect\u00e1culo de luces Drive Thru est\u00e1 cerrado por temporada.<\/h3>\n\n\n\n<p>Creado y construido en 2020 durante la pandemia mundial, Christmas in the Park pas\u00f3 a ser un evento drive thru para seguir llevando la alegr\u00eda de la Navidad a la comunidad.<br\/>Enclavado en History Park San Jose, nuestro espect\u00e1culo de luces Drive Thru te deslumbra mientras atraviesas lentamente t\u00faneles de luz, edificios decorados y gigantescos bastones de caramelo pixelados secuenciados al ritmo de la m\u00fasica navide\u00f1a.<\/p>\n\n\n\n<p>Aparte de nuestro evento gratuito de paseo por el centro, el Drive Thru es una oportunidad para apoyar la Navidad en el Parque y disfrutar de una nueva tradici\u00f3n navide\u00f1a.<\/p>\n\n\n\n<p class=\"text-primary\"><strong>Las entradas estar\u00e1n a la venta en agosto de 2024<\/strong><\/p>\n<\/div>\n\n\n\n<div class=\"wp-block-column is-vertically-aligned-center is-layout-flow wp-block-column-is-layout-flow\" style=\"flex-basis:33.33%\">\n<figure class=\"wp-block-image size-full shadow-m padding-3xs\"><img fetchpriority=\"high\" decoding=\"async\" width=\"960\" height=\"960\" src=\"http:\/\/christmasinthepark.com\/wp-content\/uploads\/2024\/03\/Drive_Thru_Logo.webp\" alt=\"Logotipo del espect&#xE1;culo de luces Drive Thru\" class=\"wp-image-312\" srcset=\"https:\/\/christmasinthepark.com\/wp-content\/uploads\/2024\/03\/Drive_Thru_Logo.webp 960w, https:\/\/christmasinthepark.com\/wp-content\/uploads\/2024\/03\/Drive_Thru_Logo-300x300.webp 300w, https:\/\/christmasinthepark.com\/wp-content\/uploads\/2024\/03\/Drive_Thru_Logo-150x150.webp 150w, https:\/\/christmasinthepark.com\/wp-content\/uploads\/2024\/03\/Drive_Thru_Logo-768x768.webp 768w\" sizes=\"(max-width: 960px) 100vw, 960px\" \/><\/figure>\n<\/div>\n<\/div>\n\n<figure class=\"wp-block-gallery aligncenter has-nested-images columns-default is-cropped wp-block-gallery-1 is-layout-flex wp-block-gallery-is-layout-flex\">\n<figure data-wp-context=\"{&quot;imageId&quot;:&quot;69eb978971a38&quot;}\" data-wp-interactive=\"core\/image\" data-wp-key=\"69eb978971a38\" class=\"wp-block-image size-medium wp-lightbox-container\"><img decoding=\"async\" width=\"300\" height=\"200\" data-wp-class--hide=\"state.isContentHidden\" data-wp-class--show=\"state.isContentVisible\" data-wp-init=\"callbacks.setButtonStyles\" data-wp-on--click=\"actions.showLightbox\" data-wp-on--load=\"callbacks.setButtonStyles\" data-wp-on-window--resize=\"callbacks.setButtonStyles\" data-id=\"318\" src=\"http:\/\/christmasinthepark.com\/wp-content\/uploads\/2024\/03\/Christmas-in-the-Park-Drive-Thru-Light-Show-6-300x200.webp\" alt=\"Espect&#xE1;culo de Luces de Navidad en el Parque\" class=\"wp-image-318\" srcset=\"https:\/\/christmasinthepark.com\/wp-content\/uploads\/2024\/03\/Christmas-in-the-Park-Drive-Thru-Light-Show-6-300x200.webp 300w, https:\/\/christmasinthepark.com\/wp-content\/uploads\/2024\/03\/Christmas-in-the-Park-Drive-Thru-Light-Show-6-768x512.webp 768w, https:\/\/christmasinthepark.com\/wp-content\/uploads\/2024\/03\/Christmas-in-the-Park-Drive-Thru-Light-Show-6.webp 836w\" sizes=\"(max-width: 300px) 100vw, 300px\" \/><button\n\t\t\tclass=\"lightbox-trigger\"\n\t\t\ttype=\"button\"\n\t\t\taria-haspopup=\"dialog\"\n\t\t\taria-label=\"Agrandar\"\n\t\t\tdata-wp-init=\"callbacks.initTriggerButton\"\n\t\t\tdata-wp-on--click=\"actions.showLightbox\"\n\t\t\tdata-wp-style--right=\"state.imageButtonRight\"\n\t\t\tdata-wp-style--top=\"state.imageButtonTop\"\n\t\t>\n\t\t\t<svg xmlns=\"http:\/\/www.w3.org\/2000\/svg\" width=\"12\" height=\"12\" fill=\"none\" viewBox=\"0 0 12 12\">\n\t\t\t\t<path fill=\"#fff\" d=\"M2 0a2 2 0 0 0-2 2v2h1.5V2a.5.5 0 0 1 .5-.5h2V0H2Zm2 10.5H2a.5.5 0 0 1-.5-.5V8H0v2a2 2 0 0 0 2 2h2v-1.5ZM8 12v-1.5h2a.5.5 0 0 0 .5-.5V8H12v2a2 2 0 0 1-2 2H8Zm2-12a2 2 0 0 1 2 2v2h-1.5V2a.5.5 0 0 0-.5-.5H8V0h2Z\" \/>\n\t\t\t<\/svg>\n\t\t<\/button><\/figure>\n\n\n\n<figure data-wp-context=\"{&quot;imageId&quot;:&quot;69eb9789733f5&quot;}\" data-wp-interactive=\"core\/image\" data-wp-key=\"69eb9789733f5\" class=\"wp-block-image size-medium wp-lightbox-container\"><img decoding=\"async\" width=\"300\" height=\"200\" data-wp-class--hide=\"state.isContentHidden\" data-wp-class--show=\"state.isContentVisible\" data-wp-init=\"callbacks.setButtonStyles\" data-wp-on--click=\"actions.showLightbox\" data-wp-on--load=\"callbacks.setButtonStyles\" data-wp-on-window--resize=\"callbacks.setButtonStyles\" data-id=\"313\" src=\"http:\/\/christmasinthepark.com\/wp-content\/uploads\/2024\/03\/Christmas-in-the-Park-Drive-Thru-Light-Show-1-300x200.webp\" alt=\"Espect&#xE1;culo de Luces de Navidad en el Parque 1\" class=\"wp-image-313\" srcset=\"https:\/\/christmasinthepark.com\/wp-content\/uploads\/2024\/03\/Christmas-in-the-Park-Drive-Thru-Light-Show-1-300x200.webp 300w, https:\/\/christmasinthepark.com\/wp-content\/uploads\/2024\/03\/Christmas-in-the-Park-Drive-Thru-Light-Show-1-768x511.webp 768w, https:\/\/christmasinthepark.com\/wp-content\/uploads\/2024\/03\/Christmas-in-the-Park-Drive-Thru-Light-Show-1.webp 1000w\" sizes=\"(max-width: 300px) 100vw, 300px\" \/><button\n\t\t\tclass=\"lightbox-trigger\"\n\t\t\ttype=\"button\"\n\t\t\taria-haspopup=\"dialog\"\n\t\t\taria-label=\"Agrandar\"\n\t\t\tdata-wp-init=\"callbacks.initTriggerButton\"\n\t\t\tdata-wp-on--click=\"actions.showLightbox\"\n\t\t\tdata-wp-style--right=\"state.imageButtonRight\"\n\t\t\tdata-wp-style--top=\"state.imageButtonTop\"\n\t\t>\n\t\t\t<svg xmlns=\"http:\/\/www.w3.org\/2000\/svg\" width=\"12\" height=\"12\" fill=\"none\" viewBox=\"0 0 12 12\">\n\t\t\t\t<path fill=\"#fff\" d=\"M2 0a2 2 0 0 0-2 2v2h1.5V2a.5.5 0 0 1 .5-.5h2V0H2Zm2 10.5H2a.5.5 0 0 1-.5-.5V8H0v2a2 2 0 0 0 2 2h2v-1.5ZM8 12v-1.5h2a.5.5 0 0 0 .5-.5V8H12v2a2 2 0 0 1-2 2H8Zm2-12a2 2 0 0 1 2 2v2h-1.5V2a.5.5 0 0 0-.5-.5H8V0h2Z\" \/>\n\t\t\t<\/svg>\n\t\t<\/button><\/figure>\n\n\n\n<figure data-wp-context=\"{&quot;imageId&quot;:&quot;69eb978974cef&quot;}\" data-wp-interactive=\"core\/image\" data-wp-key=\"69eb978974cef\" class=\"wp-block-image size-medium wp-lightbox-container\"><img loading=\"lazy\" decoding=\"async\" width=\"300\" height=\"200\" data-wp-class--hide=\"state.isContentHidden\" data-wp-class--show=\"state.isContentVisible\" data-wp-init=\"callbacks.setButtonStyles\" data-wp-on--click=\"actions.showLightbox\" data-wp-on--load=\"callbacks.setButtonStyles\" data-wp-on-window--resize=\"callbacks.setButtonStyles\" data-id=\"317\" src=\"http:\/\/christmasinthepark.com\/wp-content\/uploads\/2024\/03\/Christmas-in-the-Park-Drive-Thru-Light-Show-5-300x200.webp\" alt=\"Espect&#xE1;culo de Luces de Navidad en el Parque 5\" class=\"wp-image-317\" srcset=\"https:\/\/christmasinthepark.com\/wp-content\/uploads\/2024\/03\/Christmas-in-the-Park-Drive-Thru-Light-Show-5-300x200.webp 300w, https:\/\/christmasinthepark.com\/wp-content\/uploads\/2024\/03\/Christmas-in-the-Park-Drive-Thru-Light-Show-5-768x511.webp 768w, https:\/\/christmasinthepark.com\/wp-content\/uploads\/2024\/03\/Christmas-in-the-Park-Drive-Thru-Light-Show-5.webp 1000w\" sizes=\"(max-width: 300px) 100vw, 300px\" \/><button\n\t\t\tclass=\"lightbox-trigger\"\n\t\t\ttype=\"button\"\n\t\t\taria-haspopup=\"dialog\"\n\t\t\taria-label=\"Agrandar\"\n\t\t\tdata-wp-init=\"callbacks.initTriggerButton\"\n\t\t\tdata-wp-on--click=\"actions.showLightbox\"\n\t\t\tdata-wp-style--right=\"state.imageButtonRight\"\n\t\t\tdata-wp-style--top=\"state.imageButtonTop\"\n\t\t>\n\t\t\t<svg xmlns=\"http:\/\/www.w3.org\/2000\/svg\" width=\"12\" height=\"12\" fill=\"none\" viewBox=\"0 0 12 12\">\n\t\t\t\t<path fill=\"#fff\" d=\"M2 0a2 2 0 0 0-2 2v2h1.5V2a.5.5 0 0 1 .5-.5h2V0H2Zm2 10.5H2a.5.5 0 0 1-.5-.5V8H0v2a2 2 0 0 0 2 2h2v-1.5ZM8 12v-1.5h2a.5.5 0 0 0 .5-.5V8H12v2a2 2 0 0 1-2 2H8Zm2-12a2 2 0 0 1 2 2v2h-1.5V2a.5.5 0 0 0-.5-.5H8V0h2Z\" \/>\n\t\t\t<\/svg>\n\t\t<\/button><\/figure>\n\n\n\n<figure data-wp-context=\"{&quot;imageId&quot;:&quot;69eb9789765ce&quot;}\" data-wp-interactive=\"core\/image\" data-wp-key=\"69eb9789765ce\" class=\"wp-block-image size-medium wp-lightbox-container\"><img loading=\"lazy\" decoding=\"async\" width=\"300\" height=\"200\" data-wp-class--hide=\"state.isContentHidden\" data-wp-class--show=\"state.isContentVisible\" data-wp-init=\"callbacks.setButtonStyles\" data-wp-on--click=\"actions.showLightbox\" data-wp-on--load=\"callbacks.setButtonStyles\" data-wp-on-window--resize=\"callbacks.setButtonStyles\" data-id=\"314\" src=\"http:\/\/christmasinthepark.com\/wp-content\/uploads\/2024\/03\/Christmas-in-the-Park-Drive-Thru-Light-Show-2-300x200.webp\" alt=\"Espect&#xE1;culo de Luces de Navidad en el Parque 2\" class=\"wp-image-314\" srcset=\"https:\/\/christmasinthepark.com\/wp-content\/uploads\/2024\/03\/Christmas-in-the-Park-Drive-Thru-Light-Show-2-300x200.webp 300w, https:\/\/christmasinthepark.com\/wp-content\/uploads\/2024\/03\/Christmas-in-the-Park-Drive-Thru-Light-Show-2-768x511.webp 768w, https:\/\/christmasinthepark.com\/wp-content\/uploads\/2024\/03\/Christmas-in-the-Park-Drive-Thru-Light-Show-2.webp 1000w\" sizes=\"(max-width: 300px) 100vw, 300px\" \/><button\n\t\t\tclass=\"lightbox-trigger\"\n\t\t\ttype=\"button\"\n\t\t\taria-haspopup=\"dialog\"\n\t\t\taria-label=\"Agrandar\"\n\t\t\tdata-wp-init=\"callbacks.initTriggerButton\"\n\t\t\tdata-wp-on--click=\"actions.showLightbox\"\n\t\t\tdata-wp-style--right=\"state.imageButtonRight\"\n\t\t\tdata-wp-style--top=\"state.imageButtonTop\"\n\t\t>\n\t\t\t<svg xmlns=\"http:\/\/www.w3.org\/2000\/svg\" width=\"12\" height=\"12\" fill=\"none\" viewBox=\"0 0 12 12\">\n\t\t\t\t<path fill=\"#fff\" d=\"M2 0a2 2 0 0 0-2 2v2h1.5V2a.5.5 0 0 1 .5-.5h2V0H2Zm2 10.5H2a.5.5 0 0 1-.5-.5V8H0v2a2 2 0 0 0 2 2h2v-1.5ZM8 12v-1.5h2a.5.5 0 0 0 .5-.5V8H12v2a2 2 0 0 1-2 2H8Zm2-12a2 2 0 0 1 2 2v2h-1.5V2a.5.5 0 0 0-.5-.5H8V0h2Z\" \/>\n\t\t\t<\/svg>\n\t\t<\/button><\/figure>\n\n\n\n<figure data-wp-context=\"{&quot;imageId&quot;:&quot;69eb978977ed1&quot;}\" data-wp-interactive=\"core\/image\" data-wp-key=\"69eb978977ed1\" class=\"wp-block-image size-medium wp-lightbox-container\"><img loading=\"lazy\" decoding=\"async\" width=\"300\" height=\"200\" data-wp-class--hide=\"state.isContentHidden\" data-wp-class--show=\"state.isContentVisible\" data-wp-init=\"callbacks.setButtonStyles\" data-wp-on--click=\"actions.showLightbox\" data-wp-on--load=\"callbacks.setButtonStyles\" data-wp-on-window--resize=\"callbacks.setButtonStyles\" data-id=\"316\" src=\"http:\/\/christmasinthepark.com\/wp-content\/uploads\/2024\/03\/Christmas-in-the-Park-Drive-Thru-Light-Show-4-300x200.webp\" alt=\"Espect&#xE1;culo de Luces de Navidad en el Parque\" class=\"wp-image-316\" srcset=\"https:\/\/christmasinthepark.com\/wp-content\/uploads\/2024\/03\/Christmas-in-the-Park-Drive-Thru-Light-Show-4-300x200.webp 300w, https:\/\/christmasinthepark.com\/wp-content\/uploads\/2024\/03\/Christmas-in-the-Park-Drive-Thru-Light-Show-4-768x511.webp 768w, https:\/\/christmasinthepark.com\/wp-content\/uploads\/2024\/03\/Christmas-in-the-Park-Drive-Thru-Light-Show-4.webp 1000w\" sizes=\"(max-width: 300px) 100vw, 300px\" \/><button\n\t\t\tclass=\"lightbox-trigger\"\n\t\t\ttype=\"button\"\n\t\t\taria-haspopup=\"dialog\"\n\t\t\taria-label=\"Agrandar\"\n\t\t\tdata-wp-init=\"callbacks.initTriggerButton\"\n\t\t\tdata-wp-on--click=\"actions.showLightbox\"\n\t\t\tdata-wp-style--right=\"state.imageButtonRight\"\n\t\t\tdata-wp-style--top=\"state.imageButtonTop\"\n\t\t>\n\t\t\t<svg xmlns=\"http:\/\/www.w3.org\/2000\/svg\" width=\"12\" height=\"12\" fill=\"none\" viewBox=\"0 0 12 12\">\n\t\t\t\t<path fill=\"#fff\" d=\"M2 0a2 2 0 0 0-2 2v2h1.5V2a.5.5 0 0 1 .5-.5h2V0H2Zm2 10.5H2a.5.5 0 0 1-.5-.5V8H0v2a2 2 0 0 0 2 2h2v-1.5ZM8 12v-1.5h2a.5.5 0 0 0 .5-.5V8H12v2a2 2 0 0 1-2 2H8Zm2-12a2 2 0 0 1 2 2v2h-1.5V2a.5.5 0 0 0-.5-.5H8V0h2Z\" \/>\n\t\t\t<\/svg>\n\t\t<\/button><\/figure>\n\n\n\n<figure data-wp-context=\"{&quot;imageId&quot;:&quot;69eb9789798d1&quot;}\" data-wp-interactive=\"core\/image\" data-wp-key=\"69eb9789798d1\" class=\"wp-block-image size-medium wp-lightbox-container\"><img loading=\"lazy\" decoding=\"async\" width=\"300\" height=\"200\" data-wp-class--hide=\"state.isContentHidden\" data-wp-class--show=\"state.isContentVisible\" data-wp-init=\"callbacks.setButtonStyles\" data-wp-on--click=\"actions.showLightbox\" data-wp-on--load=\"callbacks.setButtonStyles\" data-wp-on-window--resize=\"callbacks.setButtonStyles\" data-id=\"315\" src=\"http:\/\/christmasinthepark.com\/wp-content\/uploads\/2024\/03\/Christmas-in-the-Park-Drive-Thru-Light-Show-3-300x200.webp\" alt=\"Espect&#xE1;culo de Luces de Navidad en el Parque\" class=\"wp-image-315\" srcset=\"https:\/\/christmasinthepark.com\/wp-content\/uploads\/2024\/03\/Christmas-in-the-Park-Drive-Thru-Light-Show-3-300x200.webp 300w, https:\/\/christmasinthepark.com\/wp-content\/uploads\/2024\/03\/Christmas-in-the-Park-Drive-Thru-Light-Show-3-768x511.webp 768w, https:\/\/christmasinthepark.com\/wp-content\/uploads\/2024\/03\/Christmas-in-the-Park-Drive-Thru-Light-Show-3.webp 1000w\" sizes=\"(max-width: 300px) 100vw, 300px\" \/><button\n\t\t\tclass=\"lightbox-trigger\"\n\t\t\ttype=\"button\"\n\t\t\taria-haspopup=\"dialog\"\n\t\t\taria-label=\"Agrandar\"\n\t\t\tdata-wp-init=\"callbacks.initTriggerButton\"\n\t\t\tdata-wp-on--click=\"actions.showLightbox\"\n\t\t\tdata-wp-style--right=\"state.imageButtonRight\"\n\t\t\tdata-wp-style--top=\"state.imageButtonTop\"\n\t\t>\n\t\t\t<svg xmlns=\"http:\/\/www.w3.org\/2000\/svg\" width=\"12\" height=\"12\" fill=\"none\" viewBox=\"0 0 12 12\">\n\t\t\t\t<path fill=\"#fff\" d=\"M2 0a2 2 0 0 0-2 2v2h1.5V2a.5.5 0 0 1 .5-.5h2V0H2Zm2 10.5H2a.5.5 0 0 1-.5-.5V8H0v2a2 2 0 0 0 2 2h2v-1.5ZM8 12v-1.5h2a.5.5 0 0 0 .5-.5V8H12v2a2 2 0 0 1-2 2H8Zm2-12a2 2 0 0 1 2 2v2h-1.5V2a.5.5 0 0 0-.5-.5H8V0h2Z\" \/>\n\t\t\t<\/svg>\n\t\t<\/button><\/figure>\n<\/figure>\n\n<h4 class=\"wp-block-heading margin-bottom-l\">\u00a1Gracias a nuestros patrocinadores!<\/h4>\n<p>[sponsors category=&#8221;drive-thru-light-show&#8221;]<\/p>\n","protected":false},"excerpt":{"rendered":"<p>Nuestro espect\u00e1culo de luces Drive Thru est\u00e1 cerrado por temporada. Creado y construido en 2020 durante la pandemia mundial, Christmas in the Park pas\u00f3 a ser un evento drive thru para seguir llevando la alegr\u00eda de la Navidad a la comunidad.Enclavado en History Park San Jose, nuestro espect\u00e1culo de luces Drive Thru te deslumbra mientras [&hellip;]<\/p>\n","protected":false},"author":4,"featured_media":4542,"parent":4572,"menu_order":0,"comment_status":"closed","ping_status":"closed","template":"","meta":{"footnotes":""},"class_list":["post-4682","page","type-page","status-publish","has-post-thumbnail","hentry"],"acpt":{"meta":[]},"yoast_head":"<!-- This site is optimized with the Yoast SEO plugin v27.0 - https:\/\/yoast.com\/product\/yoast-seo-wordpress\/ -->\n<title>Espect\u00e1culo de luces Drive Thru - Christmas en el parque<\/title>\n<meta name=\"robots\" content=\"index, follow, max-snippet:-1, max-image-preview:large, max-video-preview:-1\" \/>\n<link rel=\"canonical\" href=\"https:\/\/christmasinthepark.com\/es\/eventos\/espectaculo-de-luces-drive-thru\/\" \/>\n<meta property=\"og:locale\" content=\"es_ES\" \/>\n<meta property=\"og:type\" content=\"article\" \/>\n<meta property=\"og:title\" content=\"Espect\u00e1culo de luces Drive Thru - Christmas en el parque\" \/>\n<meta property=\"og:description\" content=\"Nuestro espect\u00e1culo de luces Drive Thru est\u00e1 cerrado por temporada. Creado y construido en 2020 durante la pandemia mundial, Christmas in the Park pas\u00f3 a ser un evento drive thru para seguir llevando la alegr\u00eda de la Navidad a la comunidad.Enclavado en History Park San Jose, nuestro espect\u00e1culo de luces Drive Thru te deslumbra mientras [&hellip;]\" \/>\n<meta property=\"og:url\" content=\"https:\/\/christmasinthepark.com\/es\/eventos\/espectaculo-de-luces-drive-thru\/\" \/>\n<meta property=\"og:site_name\" content=\"Christmas en el parque\" \/>\n<meta property=\"article:modified_time\" content=\"2024-11-11T07:43:39+00:00\" \/>\n<meta property=\"og:image\" content=\"https:\/\/christmasinthepark.com\/wp-content\/uploads\/2024\/09\/Drive-Thru-Home-Page.webp\" \/>\n\t<meta property=\"og:image:width\" content=\"486\" \/>\n\t<meta property=\"og:image:height\" content=\"486\" \/>\n\t<meta property=\"og:image:type\" content=\"image\/webp\" \/>\n<meta name=\"twitter:card\" content=\"summary_large_image\" \/>\n<meta name=\"twitter:label1\" content=\"Tiempo de lectura\" \/>\n\t<meta name=\"twitter:data1\" content=\"1 minuto\" \/>\n<script type=\"application\/ld+json\" class=\"yoast-schema-graph\">{\"@context\":\"https:\/\/schema.org\",\"@graph\":[{\"@type\":\"WebPage\",\"@id\":\"https:\/\/christmasinthepark.com\/es\/eventos\/espectaculo-de-luces-drive-thru\/\",\"url\":\"https:\/\/christmasinthepark.com\/es\/eventos\/espectaculo-de-luces-drive-thru\/\",\"name\":\"Espect\u00e1culo de luces Drive Thru - Christmas en el parque\",\"isPartOf\":{\"@id\":\"https:\/\/christmasinthepark.com\/es\/#website\"},\"primaryImageOfPage\":{\"@id\":\"https:\/\/christmasinthepark.com\/es\/eventos\/espectaculo-de-luces-drive-thru\/#primaryimage\"},\"image\":{\"@id\":\"https:\/\/christmasinthepark.com\/es\/eventos\/espectaculo-de-luces-drive-thru\/#primaryimage\"},\"thumbnailUrl\":\"https:\/\/christmasinthepark.com\/wp-content\/uploads\/2024\/09\/Drive-Thru-Home-Page.webp\",\"datePublished\":\"2024-03-10T13:30:53+00:00\",\"dateModified\":\"2024-11-11T07:43:39+00:00\",\"breadcrumb\":{\"@id\":\"https:\/\/christmasinthepark.com\/es\/eventos\/espectaculo-de-luces-drive-thru\/#breadcrumb\"},\"inLanguage\":\"es\",\"potentialAction\":[{\"@type\":\"ReadAction\",\"target\":[\"https:\/\/christmasinthepark.com\/es\/eventos\/espectaculo-de-luces-drive-thru\/\"]}]},{\"@type\":\"ImageObject\",\"inLanguage\":\"es\",\"@id\":\"https:\/\/christmasinthepark.com\/es\/eventos\/espectaculo-de-luces-drive-thru\/#primaryimage\",\"url\":\"https:\/\/christmasinthepark.com\/wp-content\/uploads\/2024\/09\/Drive-Thru-Home-Page.webp\",\"contentUrl\":\"https:\/\/christmasinthepark.com\/wp-content\/uploads\/2024\/09\/Drive-Thru-Home-Page.webp\",\"width\":486,\"height\":486},{\"@type\":\"BreadcrumbList\",\"@id\":\"https:\/\/christmasinthepark.com\/es\/eventos\/espectaculo-de-luces-drive-thru\/#breadcrumb\",\"itemListElement\":[{\"@type\":\"ListItem\",\"position\":1,\"name\":\"Home\",\"item\":\"https:\/\/christmasinthepark.com\/es\/casa-nueva\/\"},{\"@type\":\"ListItem\",\"position\":2,\"name\":\"Eventos\",\"item\":\"https:\/\/christmasinthepark.com\/es\/eventos\/\"},{\"@type\":\"ListItem\",\"position\":3,\"name\":\"Espect\u00e1culo de luces Drive Thru\"}]},{\"@type\":\"WebSite\",\"@id\":\"https:\/\/christmasinthepark.com\/es\/#website\",\"url\":\"https:\/\/christmasinthepark.com\/es\/\",\"name\":\"Christmas en el parque\",\"description\":\"Festividad, luces y esp\u00edritu comunitario\",\"potentialAction\":[{\"@type\":\"SearchAction\",\"target\":{\"@type\":\"EntryPoint\",\"urlTemplate\":\"https:\/\/christmasinthepark.com\/es\/?s={search_term_string}\"},\"query-input\":{\"@type\":\"PropertyValueSpecification\",\"valueRequired\":true,\"valueName\":\"search_term_string\"}}],\"inLanguage\":\"es\"}]}<\/script>\n<!-- \/ Yoast SEO plugin. -->","yoast_head_json":{"title":"Espect\u00e1culo de luces Drive Thru - Christmas en el parque","robots":{"index":"index","follow":"follow","max-snippet":"max-snippet:-1","max-image-preview":"max-image-preview:large","max-video-preview":"max-video-preview:-1"},"canonical":"https:\/\/christmasinthepark.com\/es\/eventos\/espectaculo-de-luces-drive-thru\/","og_locale":"es_ES","og_type":"article","og_title":"Espect\u00e1culo de luces Drive Thru - Christmas en el parque","og_description":"Nuestro espect\u00e1culo de luces Drive Thru est\u00e1 cerrado por temporada. Creado y construido en 2020 durante la pandemia mundial, Christmas in the Park pas\u00f3 a ser un evento drive thru para seguir llevando la alegr\u00eda de la Navidad a la comunidad.Enclavado en History Park San Jose, nuestro espect\u00e1culo de luces Drive Thru te deslumbra mientras [&hellip;]","og_url":"https:\/\/christmasinthepark.com\/es\/eventos\/espectaculo-de-luces-drive-thru\/","og_site_name":"Christmas en el parque","article_modified_time":"2024-11-11T07:43:39+00:00","og_image":[{"width":486,"height":486,"url":"https:\/\/christmasinthepark.com\/wp-content\/uploads\/2024\/09\/Drive-Thru-Home-Page.webp","type":"image\/webp"}],"twitter_card":"summary_large_image","twitter_misc":{"Tiempo de lectura":"1 minuto"},"schema":{"@context":"https:\/\/schema.org","@graph":[{"@type":"WebPage","@id":"https:\/\/christmasinthepark.com\/es\/eventos\/espectaculo-de-luces-drive-thru\/","url":"https:\/\/christmasinthepark.com\/es\/eventos\/espectaculo-de-luces-drive-thru\/","name":"Espect\u00e1culo de luces Drive Thru - Christmas en el parque","isPartOf":{"@id":"https:\/\/christmasinthepark.com\/es\/#website"},"primaryImageOfPage":{"@id":"https:\/\/christmasinthepark.com\/es\/eventos\/espectaculo-de-luces-drive-thru\/#primaryimage"},"image":{"@id":"https:\/\/christmasinthepark.com\/es\/eventos\/espectaculo-de-luces-drive-thru\/#primaryimage"},"thumbnailUrl":"https:\/\/christmasinthepark.com\/wp-content\/uploads\/2024\/09\/Drive-Thru-Home-Page.webp","datePublished":"2024-03-10T13:30:53+00:00","dateModified":"2024-11-11T07:43:39+00:00","breadcrumb":{"@id":"https:\/\/christmasinthepark.com\/es\/eventos\/espectaculo-de-luces-drive-thru\/#breadcrumb"},"inLanguage":"es","potentialAction":[{"@type":"ReadAction","target":["https:\/\/christmasinthepark.com\/es\/eventos\/espectaculo-de-luces-drive-thru\/"]}]},{"@type":"ImageObject","inLanguage":"es","@id":"https:\/\/christmasinthepark.com\/es\/eventos\/espectaculo-de-luces-drive-thru\/#primaryimage","url":"https:\/\/christmasinthepark.com\/wp-content\/uploads\/2024\/09\/Drive-Thru-Home-Page.webp","contentUrl":"https:\/\/christmasinthepark.com\/wp-content\/uploads\/2024\/09\/Drive-Thru-Home-Page.webp","width":486,"height":486},{"@type":"BreadcrumbList","@id":"https:\/\/christmasinthepark.com\/es\/eventos\/espectaculo-de-luces-drive-thru\/#breadcrumb","itemListElement":[{"@type":"ListItem","position":1,"name":"Home","item":"https:\/\/christmasinthepark.com\/es\/casa-nueva\/"},{"@type":"ListItem","position":2,"name":"Eventos","item":"https:\/\/christmasinthepark.com\/es\/eventos\/"},{"@type":"ListItem","position":3,"name":"Espect\u00e1culo de luces Drive Thru"}]},{"@type":"WebSite","@id":"https:\/\/christmasinthepark.com\/es\/#website","url":"https:\/\/christmasinthepark.com\/es\/","name":"Christmas en el parque","description":"Festividad, luces y esp\u00edritu comunitario","potentialAction":[{"@type":"SearchAction","target":{"@type":"EntryPoint","urlTemplate":"https:\/\/christmasinthepark.com\/es\/?s={search_term_string}"},"query-input":{"@type":"PropertyValueSpecification","valueRequired":true,"valueName":"search_term_string"}}],"inLanguage":"es"}]}},"_links":{"self":[{"href":"https:\/\/christmasinthepark.com\/es\/wp-json\/wp\/v2\/pages\/4682","targetHints":{"allow":["GET"]}}],"collection":[{"href":"https:\/\/christmasinthepark.com\/es\/wp-json\/wp\/v2\/pages"}],"about":[{"href":"https:\/\/christmasinthepark.com\/es\/wp-json\/wp\/v2\/types\/page"}],"author":[{"embeddable":true,"href":"https:\/\/christmasinthepark.com\/es\/wp-json\/wp\/v2\/users\/4"}],"replies":[{"embeddable":true,"href":"https:\/\/christmasinthepark.com\/es\/wp-json\/wp\/v2\/comments?post=4682"}],"version-history":[{"count":0,"href":"https:\/\/christmasinthepark.com\/es\/wp-json\/wp\/v2\/pages\/4682\/revisions"}],"up":[{"embeddable":true,"href":"https:\/\/christmasinthepark.com\/es\/wp-json\/wp\/v2\/pages\/4572"}],"wp:featuredmedia":[{"embeddable":true,"href":"https:\/\/christmasinthepark.com\/es\/wp-json\/wp\/v2\/media\/4542"}],"wp:attachment":[{"href":"https:\/\/christmasinthepark.com\/es\/wp-json\/wp\/v2\/media?parent=4682"}],"curies":[{"name":"wp","href":"https:\/\/api.w.org\/{rel}","templated":true}]}}