{"id":4693,"date":"2024-03-10T06:29:43","date_gmt":"2024-03-10T13:29:43","guid":{"rendered":"http:\/\/christmasinthepark.com\/programas\/visitas-de-papa-noel\/"},"modified":"2026-04-16T11:21:59","modified_gmt":"2026-04-16T18:21:59","slug":"visitas-de-papa-noel","status":"publish","type":"page","link":"https:\/\/christmasinthepark.com\/es\/programas\/visitas-de-papa-noel\/","title":{"rendered":"Visitas de Pap\u00e1 Noel"},"content":{"rendered":"\t\t<div data-elementor-type=\"wp-page\" data-elementor-id=\"4693\" class=\"elementor elementor-4693 elementor-219\" data-elementor-post-type=\"page\">\n\t\t\t\t<div class=\"elementor-element elementor-element-2b039c4 e-flex e-con-boxed e-con e-parent\" data-id=\"2b039c4\" data-element_type=\"container\" data-e-type=\"container\">\n\t\t\t\t\t<div class=\"e-con-inner\">\n\t\t\t\t<div class=\"elementor-element elementor-element-6d549662 elementor-widget elementor-widget-text-editor\" data-id=\"6d549662\" data-element_type=\"widget\" data-e-type=\"widget\" data-widget_type=\"text-editor.default\">\n\t\t\t\t\t\t\t\t\t<div class=\"wp-block-columns\"><div class=\"wp-block-column is-vertically-aligned-center\" style=\"flex-basis: 66.66%;\"><p data-start=\"592\" data-end=\"668\">Pap\u00e1 Noel visita Navidad en el Parque cada temporada navide\u00f1a en el centro de San Jos\u00e9.<\/p><p data-start=\"670\" data-end=\"761\">Las familias est\u00e1n invitadas a hacerse fotos, compartir listas de deseos y disfrutar juntas de un momento m\u00e1gico.<\/p><p data-start=\"763\" data-end=\"825\">Los detalles de la pr\u00f3xima temporada se anunciar\u00e1n en oto\u00f1o.<\/p><p data-start=\"827\" data-end=\"921\">\u00danete a nuestra lista de correo o s\u00edguenos en las redes sociales para ser el primero en saber cu\u00e1ndo vuelve Pap\u00e1 Noel<\/p><\/div><div class=\"wp-block-column is-vertically-aligned-center\" style=\"flex-basis: 33.33%;\"><figure class=\"wp-block-image size-full shadow-m padding-3xs\"><img fetchpriority=\"high\" decoding=\"async\" width=\"400\" height=\"300\" class=\"wp-image-5991\" src=\"http:\/\/christmasinthepark.com\/wp-content\/uploads\/2025\/01\/SJCE-Santa-House-2.jpg\" alt=\"sjce santa casa 2\" srcset=\"https:\/\/christmasinthepark.com\/wp-content\/uploads\/2025\/01\/SJCE-Santa-House-2.jpg 400w, https:\/\/christmasinthepark.com\/wp-content\/uploads\/2025\/01\/SJCE-Santa-House-2-300x225.jpg 300w\" sizes=\"(max-width: 400px) 100vw, 400px\" \/><\/figure><\/div><\/div>\t\t\t\t\t\t\t\t<\/div>\n\t\t\t\t\t<\/div>\n\t\t\t\t<\/div>\n\t\t\t\t<\/div>\n\t\t","protected":false},"excerpt":{"rendered":"<p>Pap\u00e1 Noel visita Navidad en el Parque cada temporada navide\u00f1a en el centro de San Jos\u00e9. Las familias est\u00e1n invitadas a hacerse fotos, compartir listas de deseos y disfrutar juntas de un momento m\u00e1gico. Los detalles de la pr\u00f3xima temporada se anunciar\u00e1n en oto\u00f1o. \u00danete a nuestra lista de correo o s\u00edguenos en las redes [&hellip;]<\/p>\n","protected":false},"author":4,"featured_media":0,"parent":4569,"menu_order":0,"comment_status":"closed","ping_status":"closed","template":"","meta":{"footnotes":""},"class_list":["post-4693","page","type-page","status-publish","hentry"],"acpt":{"meta":[]},"yoast_head":"<!-- This site is optimized with the Yoast SEO plugin v27.0 - https:\/\/yoast.com\/product\/yoast-seo-wordpress\/ -->\n<title>Visitas de Pap\u00e1 Noel - Christmas en el parque<\/title>\n<meta name=\"robots\" content=\"index, follow, max-snippet:-1, max-image-preview:large, max-video-preview:-1\" \/>\n<link rel=\"canonical\" href=\"https:\/\/christmasinthepark.com\/es\/programas\/visitas-de-papa-noel\/\" \/>\n<meta property=\"og:locale\" content=\"es_ES\" \/>\n<meta property=\"og:type\" content=\"article\" \/>\n<meta property=\"og:title\" content=\"Visitas de Pap\u00e1 Noel - Christmas en el parque\" \/>\n<meta property=\"og:description\" content=\"Pap\u00e1 Noel visita Navidad en el Parque cada temporada navide\u00f1a en el centro de San Jos\u00e9. Las familias est\u00e1n invitadas a hacerse fotos, compartir listas de deseos y disfrutar juntas de un momento m\u00e1gico. Los detalles de la pr\u00f3xima temporada se anunciar\u00e1n en oto\u00f1o. \u00danete a nuestra lista de correo o s\u00edguenos en las redes [&hellip;]\" \/>\n<meta property=\"og:url\" content=\"https:\/\/christmasinthepark.com\/es\/programas\/visitas-de-papa-noel\/\" \/>\n<meta property=\"og:site_name\" content=\"Christmas en el parque\" \/>\n<meta property=\"article:modified_time\" content=\"2026-04-16T18:21:59+00:00\" \/>\n<meta property=\"og:image\" content=\"http:\/\/christmasinthepark.com\/wp-content\/uploads\/2025\/01\/SJCE-Santa-House-2.jpg\" \/>\n<meta name=\"twitter:card\" content=\"summary_large_image\" \/>\n<script type=\"application\/ld+json\" class=\"yoast-schema-graph\">{\"@context\":\"https:\/\/schema.org\",\"@graph\":[{\"@type\":\"WebPage\",\"@id\":\"https:\/\/christmasinthepark.com\/es\/programas\/visitas-de-papa-noel\/\",\"url\":\"https:\/\/christmasinthepark.com\/es\/programas\/visitas-de-papa-noel\/\",\"name\":\"Visitas de Pap\u00e1 Noel - Christmas en el parque\",\"isPartOf\":{\"@id\":\"https:\/\/christmasinthepark.com\/es\/#website\"},\"primaryImageOfPage\":{\"@id\":\"https:\/\/christmasinthepark.com\/es\/programas\/visitas-de-papa-noel\/#primaryimage\"},\"image\":{\"@id\":\"https:\/\/christmasinthepark.com\/es\/programas\/visitas-de-papa-noel\/#primaryimage\"},\"thumbnailUrl\":\"http:\/\/christmasinthepark.com\/wp-content\/uploads\/2025\/01\/SJCE-Santa-House-2.jpg\",\"datePublished\":\"2024-03-10T13:29:43+00:00\",\"dateModified\":\"2026-04-16T18:21:59+00:00\",\"breadcrumb\":{\"@id\":\"https:\/\/christmasinthepark.com\/es\/programas\/visitas-de-papa-noel\/#breadcrumb\"},\"inLanguage\":\"es\",\"potentialAction\":[{\"@type\":\"ReadAction\",\"target\":[\"https:\/\/christmasinthepark.com\/es\/programas\/visitas-de-papa-noel\/\"]}]},{\"@type\":\"ImageObject\",\"inLanguage\":\"es\",\"@id\":\"https:\/\/christmasinthepark.com\/es\/programas\/visitas-de-papa-noel\/#primaryimage\",\"url\":\"http:\/\/christmasinthepark.com\/wp-content\/uploads\/2025\/01\/SJCE-Santa-House-2.jpg\",\"contentUrl\":\"http:\/\/christmasinthepark.com\/wp-content\/uploads\/2025\/01\/SJCE-Santa-House-2.jpg\"},{\"@type\":\"BreadcrumbList\",\"@id\":\"https:\/\/christmasinthepark.com\/es\/programas\/visitas-de-papa-noel\/#breadcrumb\",\"itemListElement\":[{\"@type\":\"ListItem\",\"position\":1,\"name\":\"Home\",\"item\":\"https:\/\/christmasinthepark.com\/es\/casa-nueva\/\"},{\"@type\":\"ListItem\",\"position\":2,\"name\":\"Programas\",\"item\":\"https:\/\/christmasinthepark.com\/es\/programas\/\"},{\"@type\":\"ListItem\",\"position\":3,\"name\":\"Visitas de Pap\u00e1 Noel\"}]},{\"@type\":\"WebSite\",\"@id\":\"https:\/\/christmasinthepark.com\/es\/#website\",\"url\":\"https:\/\/christmasinthepark.com\/es\/\",\"name\":\"Christmas en el parque\",\"description\":\"Festividad, luces y esp\u00edritu comunitario\",\"potentialAction\":[{\"@type\":\"SearchAction\",\"target\":{\"@type\":\"EntryPoint\",\"urlTemplate\":\"https:\/\/christmasinthepark.com\/es\/?s={search_term_string}\"},\"query-input\":{\"@type\":\"PropertyValueSpecification\",\"valueRequired\":true,\"valueName\":\"search_term_string\"}}],\"inLanguage\":\"es\"}]}<\/script>\n<!-- \/ Yoast SEO plugin. -->","yoast_head_json":{"title":"Visitas de Pap\u00e1 Noel - Christmas en el parque","robots":{"index":"index","follow":"follow","max-snippet":"max-snippet:-1","max-image-preview":"max-image-preview:large","max-video-preview":"max-video-preview:-1"},"canonical":"https:\/\/christmasinthepark.com\/es\/programas\/visitas-de-papa-noel\/","og_locale":"es_ES","og_type":"article","og_title":"Visitas de Pap\u00e1 Noel - Christmas en el parque","og_description":"Pap\u00e1 Noel visita Navidad en el Parque cada temporada navide\u00f1a en el centro de San Jos\u00e9. Las familias est\u00e1n invitadas a hacerse fotos, compartir listas de deseos y disfrutar juntas de un momento m\u00e1gico. Los detalles de la pr\u00f3xima temporada se anunciar\u00e1n en oto\u00f1o. \u00danete a nuestra lista de correo o s\u00edguenos en las redes [&hellip;]","og_url":"https:\/\/christmasinthepark.com\/es\/programas\/visitas-de-papa-noel\/","og_site_name":"Christmas en el parque","article_modified_time":"2026-04-16T18:21:59+00:00","og_image":[{"url":"http:\/\/christmasinthepark.com\/wp-content\/uploads\/2025\/01\/SJCE-Santa-House-2.jpg","type":"","width":"","height":""}],"twitter_card":"summary_large_image","schema":{"@context":"https:\/\/schema.org","@graph":[{"@type":"WebPage","@id":"https:\/\/christmasinthepark.com\/es\/programas\/visitas-de-papa-noel\/","url":"https:\/\/christmasinthepark.com\/es\/programas\/visitas-de-papa-noel\/","name":"Visitas de Pap\u00e1 Noel - Christmas en el parque","isPartOf":{"@id":"https:\/\/christmasinthepark.com\/es\/#website"},"primaryImageOfPage":{"@id":"https:\/\/christmasinthepark.com\/es\/programas\/visitas-de-papa-noel\/#primaryimage"},"image":{"@id":"https:\/\/christmasinthepark.com\/es\/programas\/visitas-de-papa-noel\/#primaryimage"},"thumbnailUrl":"http:\/\/christmasinthepark.com\/wp-content\/uploads\/2025\/01\/SJCE-Santa-House-2.jpg","datePublished":"2024-03-10T13:29:43+00:00","dateModified":"2026-04-16T18:21:59+00:00","breadcrumb":{"@id":"https:\/\/christmasinthepark.com\/es\/programas\/visitas-de-papa-noel\/#breadcrumb"},"inLanguage":"es","potentialAction":[{"@type":"ReadAction","target":["https:\/\/christmasinthepark.com\/es\/programas\/visitas-de-papa-noel\/"]}]},{"@type":"ImageObject","inLanguage":"es","@id":"https:\/\/christmasinthepark.com\/es\/programas\/visitas-de-papa-noel\/#primaryimage","url":"http:\/\/christmasinthepark.com\/wp-content\/uploads\/2025\/01\/SJCE-Santa-House-2.jpg","contentUrl":"http:\/\/christmasinthepark.com\/wp-content\/uploads\/2025\/01\/SJCE-Santa-House-2.jpg"},{"@type":"BreadcrumbList","@id":"https:\/\/christmasinthepark.com\/es\/programas\/visitas-de-papa-noel\/#breadcrumb","itemListElement":[{"@type":"ListItem","position":1,"name":"Home","item":"https:\/\/christmasinthepark.com\/es\/casa-nueva\/"},{"@type":"ListItem","position":2,"name":"Programas","item":"https:\/\/christmasinthepark.com\/es\/programas\/"},{"@type":"ListItem","position":3,"name":"Visitas de Pap\u00e1 Noel"}]},{"@type":"WebSite","@id":"https:\/\/christmasinthepark.com\/es\/#website","url":"https:\/\/christmasinthepark.com\/es\/","name":"Christmas en el parque","description":"Festividad, luces y esp\u00edritu comunitario","potentialAction":[{"@type":"SearchAction","target":{"@type":"EntryPoint","urlTemplate":"https:\/\/christmasinthepark.com\/es\/?s={search_term_string}"},"query-input":{"@type":"PropertyValueSpecification","valueRequired":true,"valueName":"search_term_string"}}],"inLanguage":"es"}]}},"_links":{"self":[{"href":"https:\/\/christmasinthepark.com\/es\/wp-json\/wp\/v2\/pages\/4693","targetHints":{"allow":["GET"]}}],"collection":[{"href":"https:\/\/christmasinthepark.com\/es\/wp-json\/wp\/v2\/pages"}],"about":[{"href":"https:\/\/christmasinthepark.com\/es\/wp-json\/wp\/v2\/types\/page"}],"author":[{"embeddable":true,"href":"https:\/\/christmasinthepark.com\/es\/wp-json\/wp\/v2\/users\/4"}],"replies":[{"embeddable":true,"href":"https:\/\/christmasinthepark.com\/es\/wp-json\/wp\/v2\/comments?post=4693"}],"version-history":[{"count":2,"href":"https:\/\/christmasinthepark.com\/es\/wp-json\/wp\/v2\/pages\/4693\/revisions"}],"predecessor-version":[{"id":9129,"href":"https:\/\/christmasinthepark.com\/es\/wp-json\/wp\/v2\/pages\/4693\/revisions\/9129"}],"up":[{"embeddable":true,"href":"https:\/\/christmasinthepark.com\/es\/wp-json\/wp\/v2\/pages\/4569"}],"wp:attachment":[{"href":"https:\/\/christmasinthepark.com\/es\/wp-json\/wp\/v2\/media?parent=4693"}],"curies":[{"name":"wp","href":"https:\/\/api.w.org\/{rel}","templated":true}]}}