{"id":4695,"date":"2024-03-10T06:29:43","date_gmt":"2024-03-10T13:29:43","guid":{"rendered":"http:\/\/christmasinthepark.com\/programas\/escenario-jingle-bell\/"},"modified":"2026-04-16T11:21:56","modified_gmt":"2026-04-16T18:21:56","slug":"escenario-jingle-bell","status":"publish","type":"page","link":"https:\/\/christmasinthepark.com\/es\/programas\/escenario-jingle-bell\/","title":{"rendered":"Escenario Jingle Bell"},"content":{"rendered":"\t\t<div data-elementor-type=\"wp-page\" data-elementor-id=\"4695\" class=\"elementor elementor-4695 elementor-218\" data-elementor-post-type=\"page\">\n\t\t\t\t<div class=\"elementor-element elementor-element-93b3a2b e-flex e-con-boxed e-con e-parent\" data-id=\"93b3a2b\" data-element_type=\"container\" data-e-type=\"container\">\n\t\t\t\t\t<div class=\"e-con-inner\">\n\t\t\t\t<div class=\"elementor-element elementor-element-47c5438 elementor-widget elementor-widget-image\" data-id=\"47c5438\" data-element_type=\"widget\" data-e-type=\"widget\" data-widget_type=\"image.default\">\n\t\t\t\t\t\t\t\t\t\t\t\t<figure class=\"wp-caption\">\n\t\t\t\t\t\t\t\t\t\t<img fetchpriority=\"high\" decoding=\"async\" width=\"590\" height=\"575\" src=\"https:\/\/christmasinthepark.com\/wp-content\/uploads\/2026\/02\/stage-red.png\" class=\"attachment-full size-full wp-image-8270\" alt=\"\" srcset=\"https:\/\/christmasinthepark.com\/wp-content\/uploads\/2026\/02\/stage-red.png 590w, https:\/\/christmasinthepark.com\/wp-content\/uploads\/2026\/02\/stage-red-300x292.png 300w\" sizes=\"(max-width: 590px) 100vw, 590px\" \/>\t\t\t\t\t\t\t\t\t\t\t<figcaption class=\"widget-image-caption wp-caption-text\">La Banda Nueva Esperanza actuando en el Escenario Jingle Bell en Navidad en el Parque<\/figcaption>\n\t\t\t\t\t\t\t\t\t\t<\/figure>\n\t\t\t\t\t\t\t\t\t<\/div>\n\t\t\t\t\t<\/div>\n\t\t\t\t<\/div>\n\t\t<div class=\"elementor-element elementor-element-428b7c3d e-flex e-con-boxed e-con e-parent\" data-id=\"428b7c3d\" data-element_type=\"container\" data-e-type=\"container\">\n\t\t\t\t\t<div class=\"e-con-inner\">\n\t\t\t\t<div class=\"elementor-element elementor-element-29c39ffd elementor-widget elementor-widget-text-editor\" data-id=\"29c39ffd\" data-element_type=\"widget\" data-e-type=\"widget\" data-widget_type=\"text-editor.default\">\n\t\t\t\t\t\t\t\t\t<h4>Celebra el talento local durante las fiestas.<\/h4><p> <\/p><p><\/p><p><\/p><div><p><\/p><p data-start=\"621\" data-end=\"760\">El Escenario Jingle Bell presenta escuelas, grupos de baile, coros, bandas y artistas de la comunidad durante toda la temporada de Navidad en el Parque.<\/p><p data-start=\"762\" data-end=\"880\">Nuestro escenario al aire libre ofrece un entorno festivo en el centro de la ciudad para que los artistas compartan su talento con miles de visitantes.<\/p><p data-start=\"762\" data-end=\"880\">Cada temporada participan m\u00e1s de 100 grupos locales.<\/p><h5 data-start=\"882\" data-end=\"922\"> <\/h5><h5 data-start=\"882\" data-end=\"922\">\u00bfTe interesa actuar?<\/h5><p>Las solicitudes para la pr\u00f3xima temporada se abrir\u00e1n en oto\u00f1o. \u00danete a nuestra lista de interesados para que te avisemos cuando haya inscripciones disponibles. <\/p><p> <\/p><p data-start=\"882\" data-end=\"922\"> <\/p><p data-start=\"882\" data-end=\"922\"> <\/p><p><\/p><\/div><p><\/p><p><\/p>\t\t\t\t\t\t\t\t<\/div>\n\t\t\t\t\t<\/div>\n\t\t\t\t<\/div>\n\t\t\t\t<\/div>\n\t\t","protected":false},"excerpt":{"rendered":"<p>La Banda Nueva Esperanza actuando en el Escenario Jingle Bell en Navidad en el Parque Celebra el talento local durante las fiestas. El Escenario Jingle Bell presenta escuelas, grupos de baile, coros, bandas y artistas de la comunidad durante toda la temporada de Navidad en el Parque. Nuestro escenario al aire libre ofrece un entorno [&hellip;]<\/p>\n","protected":false},"author":4,"featured_media":0,"parent":4569,"menu_order":0,"comment_status":"closed","ping_status":"closed","template":"","meta":{"footnotes":""},"class_list":["post-4695","page","type-page","status-publish","hentry"],"acpt":{"meta":[]},"yoast_head":"<!-- This site is optimized with the Yoast SEO plugin v27.0 - https:\/\/yoast.com\/product\/yoast-seo-wordpress\/ -->\n<title>Escenario Jingle Bell - Christmas en el parque<\/title>\n<meta name=\"robots\" content=\"index, follow, max-snippet:-1, max-image-preview:large, max-video-preview:-1\" \/>\n<link rel=\"canonical\" href=\"https:\/\/christmasinthepark.com\/es\/programas\/escenario-jingle-bell\/\" \/>\n<meta property=\"og:locale\" content=\"es_ES\" \/>\n<meta property=\"og:type\" content=\"article\" \/>\n<meta property=\"og:title\" content=\"Escenario Jingle Bell - Christmas en el parque\" \/>\n<meta property=\"og:description\" content=\"La Banda Nueva Esperanza actuando en el Escenario Jingle Bell en Navidad en el Parque Celebra el talento local durante las fiestas. El Escenario Jingle Bell presenta escuelas, grupos de baile, coros, bandas y artistas de la comunidad durante toda la temporada de Navidad en el Parque. Nuestro escenario al aire libre ofrece un entorno [&hellip;]\" \/>\n<meta property=\"og:url\" content=\"https:\/\/christmasinthepark.com\/es\/programas\/escenario-jingle-bell\/\" \/>\n<meta property=\"og:site_name\" content=\"Christmas en el parque\" \/>\n<meta property=\"article:modified_time\" content=\"2026-04-16T18:21:56+00:00\" \/>\n<meta property=\"og:image\" content=\"https:\/\/christmasinthepark.com\/wp-content\/uploads\/2026\/02\/stage-red.png\" \/>\n\t<meta property=\"og:image:width\" content=\"590\" \/>\n\t<meta property=\"og:image:height\" content=\"575\" \/>\n\t<meta property=\"og:image:type\" content=\"image\/png\" \/>\n<meta name=\"twitter:card\" content=\"summary_large_image\" \/>\n<meta name=\"twitter:label1\" content=\"Tiempo de lectura\" \/>\n\t<meta name=\"twitter:data1\" content=\"1 minuto\" \/>\n<script type=\"application\/ld+json\" class=\"yoast-schema-graph\">{\"@context\":\"https:\/\/schema.org\",\"@graph\":[{\"@type\":\"WebPage\",\"@id\":\"https:\/\/christmasinthepark.com\/es\/programas\/escenario-jingle-bell\/\",\"url\":\"https:\/\/christmasinthepark.com\/es\/programas\/escenario-jingle-bell\/\",\"name\":\"Escenario Jingle Bell - Christmas en el parque\",\"isPartOf\":{\"@id\":\"https:\/\/christmasinthepark.com\/es\/#website\"},\"primaryImageOfPage\":{\"@id\":\"https:\/\/christmasinthepark.com\/es\/programas\/escenario-jingle-bell\/#primaryimage\"},\"image\":{\"@id\":\"https:\/\/christmasinthepark.com\/es\/programas\/escenario-jingle-bell\/#primaryimage\"},\"thumbnailUrl\":\"https:\/\/christmasinthepark.com\/wp-content\/uploads\/2026\/02\/stage-red.png\",\"datePublished\":\"2024-03-10T13:29:43+00:00\",\"dateModified\":\"2026-04-16T18:21:56+00:00\",\"breadcrumb\":{\"@id\":\"https:\/\/christmasinthepark.com\/es\/programas\/escenario-jingle-bell\/#breadcrumb\"},\"inLanguage\":\"es\",\"potentialAction\":[{\"@type\":\"ReadAction\",\"target\":[\"https:\/\/christmasinthepark.com\/es\/programas\/escenario-jingle-bell\/\"]}]},{\"@type\":\"ImageObject\",\"inLanguage\":\"es\",\"@id\":\"https:\/\/christmasinthepark.com\/es\/programas\/escenario-jingle-bell\/#primaryimage\",\"url\":\"https:\/\/christmasinthepark.com\/wp-content\/uploads\/2026\/02\/stage-red.png\",\"contentUrl\":\"https:\/\/christmasinthepark.com\/wp-content\/uploads\/2026\/02\/stage-red.png\"},{\"@type\":\"BreadcrumbList\",\"@id\":\"https:\/\/christmasinthepark.com\/es\/programas\/escenario-jingle-bell\/#breadcrumb\",\"itemListElement\":[{\"@type\":\"ListItem\",\"position\":1,\"name\":\"Home\",\"item\":\"https:\/\/christmasinthepark.com\/es\/casa-nueva\/\"},{\"@type\":\"ListItem\",\"position\":2,\"name\":\"Programas\",\"item\":\"https:\/\/christmasinthepark.com\/es\/programas\/\"},{\"@type\":\"ListItem\",\"position\":3,\"name\":\"Escenario Jingle Bell\"}]},{\"@type\":\"WebSite\",\"@id\":\"https:\/\/christmasinthepark.com\/es\/#website\",\"url\":\"https:\/\/christmasinthepark.com\/es\/\",\"name\":\"Christmas en el parque\",\"description\":\"Festividad, luces y esp\u00edritu comunitario\",\"potentialAction\":[{\"@type\":\"SearchAction\",\"target\":{\"@type\":\"EntryPoint\",\"urlTemplate\":\"https:\/\/christmasinthepark.com\/es\/?s={search_term_string}\"},\"query-input\":{\"@type\":\"PropertyValueSpecification\",\"valueRequired\":true,\"valueName\":\"search_term_string\"}}],\"inLanguage\":\"es\"}]}<\/script>\n<!-- \/ Yoast SEO plugin. -->","yoast_head_json":{"title":"Escenario Jingle Bell - Christmas en el parque","robots":{"index":"index","follow":"follow","max-snippet":"max-snippet:-1","max-image-preview":"max-image-preview:large","max-video-preview":"max-video-preview:-1"},"canonical":"https:\/\/christmasinthepark.com\/es\/programas\/escenario-jingle-bell\/","og_locale":"es_ES","og_type":"article","og_title":"Escenario Jingle Bell - Christmas en el parque","og_description":"La Banda Nueva Esperanza actuando en el Escenario Jingle Bell en Navidad en el Parque Celebra el talento local durante las fiestas. El Escenario Jingle Bell presenta escuelas, grupos de baile, coros, bandas y artistas de la comunidad durante toda la temporada de Navidad en el Parque. Nuestro escenario al aire libre ofrece un entorno [&hellip;]","og_url":"https:\/\/christmasinthepark.com\/es\/programas\/escenario-jingle-bell\/","og_site_name":"Christmas en el parque","article_modified_time":"2026-04-16T18:21:56+00:00","og_image":[{"width":590,"height":575,"url":"https:\/\/christmasinthepark.com\/wp-content\/uploads\/2026\/02\/stage-red.png","type":"image\/png"}],"twitter_card":"summary_large_image","twitter_misc":{"Tiempo de lectura":"1 minuto"},"schema":{"@context":"https:\/\/schema.org","@graph":[{"@type":"WebPage","@id":"https:\/\/christmasinthepark.com\/es\/programas\/escenario-jingle-bell\/","url":"https:\/\/christmasinthepark.com\/es\/programas\/escenario-jingle-bell\/","name":"Escenario Jingle Bell - Christmas en el parque","isPartOf":{"@id":"https:\/\/christmasinthepark.com\/es\/#website"},"primaryImageOfPage":{"@id":"https:\/\/christmasinthepark.com\/es\/programas\/escenario-jingle-bell\/#primaryimage"},"image":{"@id":"https:\/\/christmasinthepark.com\/es\/programas\/escenario-jingle-bell\/#primaryimage"},"thumbnailUrl":"https:\/\/christmasinthepark.com\/wp-content\/uploads\/2026\/02\/stage-red.png","datePublished":"2024-03-10T13:29:43+00:00","dateModified":"2026-04-16T18:21:56+00:00","breadcrumb":{"@id":"https:\/\/christmasinthepark.com\/es\/programas\/escenario-jingle-bell\/#breadcrumb"},"inLanguage":"es","potentialAction":[{"@type":"ReadAction","target":["https:\/\/christmasinthepark.com\/es\/programas\/escenario-jingle-bell\/"]}]},{"@type":"ImageObject","inLanguage":"es","@id":"https:\/\/christmasinthepark.com\/es\/programas\/escenario-jingle-bell\/#primaryimage","url":"https:\/\/christmasinthepark.com\/wp-content\/uploads\/2026\/02\/stage-red.png","contentUrl":"https:\/\/christmasinthepark.com\/wp-content\/uploads\/2026\/02\/stage-red.png"},{"@type":"BreadcrumbList","@id":"https:\/\/christmasinthepark.com\/es\/programas\/escenario-jingle-bell\/#breadcrumb","itemListElement":[{"@type":"ListItem","position":1,"name":"Home","item":"https:\/\/christmasinthepark.com\/es\/casa-nueva\/"},{"@type":"ListItem","position":2,"name":"Programas","item":"https:\/\/christmasinthepark.com\/es\/programas\/"},{"@type":"ListItem","position":3,"name":"Escenario Jingle Bell"}]},{"@type":"WebSite","@id":"https:\/\/christmasinthepark.com\/es\/#website","url":"https:\/\/christmasinthepark.com\/es\/","name":"Christmas en el parque","description":"Festividad, luces y esp\u00edritu comunitario","potentialAction":[{"@type":"SearchAction","target":{"@type":"EntryPoint","urlTemplate":"https:\/\/christmasinthepark.com\/es\/?s={search_term_string}"},"query-input":{"@type":"PropertyValueSpecification","valueRequired":true,"valueName":"search_term_string"}}],"inLanguage":"es"}]}},"_links":{"self":[{"href":"https:\/\/christmasinthepark.com\/es\/wp-json\/wp\/v2\/pages\/4695","targetHints":{"allow":["GET"]}}],"collection":[{"href":"https:\/\/christmasinthepark.com\/es\/wp-json\/wp\/v2\/pages"}],"about":[{"href":"https:\/\/christmasinthepark.com\/es\/wp-json\/wp\/v2\/types\/page"}],"author":[{"embeddable":true,"href":"https:\/\/christmasinthepark.com\/es\/wp-json\/wp\/v2\/users\/4"}],"replies":[{"embeddable":true,"href":"https:\/\/christmasinthepark.com\/es\/wp-json\/wp\/v2\/comments?post=4695"}],"version-history":[{"count":4,"href":"https:\/\/christmasinthepark.com\/es\/wp-json\/wp\/v2\/pages\/4695\/revisions"}],"predecessor-version":[{"id":9138,"href":"https:\/\/christmasinthepark.com\/es\/wp-json\/wp\/v2\/pages\/4695\/revisions\/9138"}],"up":[{"embeddable":true,"href":"https:\/\/christmasinthepark.com\/es\/wp-json\/wp\/v2\/pages\/4569"}],"wp:attachment":[{"href":"https:\/\/christmasinthepark.com\/es\/wp-json\/wp\/v2\/media?parent=4695"}],"curies":[{"name":"wp","href":"https:\/\/api.w.org\/{rel}","templated":true}]}}