{"id":5214,"date":"2024-08-25T04:49:42","date_gmt":"2024-08-25T11:49:42","guid":{"rendered":"http:\/\/christmasinthepark.com\/nhung-nguoi-khac-noi-gi\/"},"modified":"2024-11-11T13:39:35","modified_gmt":"2024-11-11T21:39:35","slug":"nhung-nguoi-khac-noi-gi","status":"publish","type":"page","link":"https:\/\/christmasinthepark.com\/vi\/su-kien\/chuong-trinh-bieu-dien-anh-sang-drive-thru\/nhung-nguoi-khac-noi-gi\/","title":{"rendered":"Nh\u1eefng ng\u01b0\u1eddi kh\u00e1c n\u00f3i g\u00ec"},"content":{"rendered":"\n<div class=\"wp-block-columns is-layout-flex wp-container-core-columns-is-layout-9d6595d7 wp-block-columns-is-layout-flex\">\n<div class=\"wp-block-column is-layout-flow wp-block-column-is-layout-flow\">\n<pre class=\"wp-block-verse text-dark text-m\">Ch\u00fang t\u00f4i \u0111\u00e3 \u1edf \u0111\u00f3 v\u00e0o th\u1ee9 n\u0103m, \u0111\u1ebfn \u0111\u00f3 v\u00e0o kho\u1ea3ng 7 gi\u1edd t\u1ed1i \u0111\u1ec3 x\u1ebfp h\u00e0ng v\u00e0 sau \u0111\u00f3 r\u1eddi \u0111i l\u00fac 9:30 t\u1ed1i. B\u00e0 t\u00f4i r\u1ea5t th\u00edch ch\u01b0\u01a1ng tr\u00ecnh n\u00ean n\u00f3 r\u1ea5t \u0111\u00e1ng gi\u00e1 \u0111\u1ed1i v\u1edbi ch\u00fang t\u00f4i, b\u00e0 th\u1eadm ch\u00ed c\u00f2n nh\u1ea3y tr\u00ean xe v\u00e0 h\u00e1t theo. Th\u1eadt l\u00e0 m\u1ed9t k\u1ef7 ni\u1ec7m \u0111\u00e1ng nh\u1edb.  <\/pre>\n<\/div>\n\n\n\n<div class=\"wp-block-column is-layout-flow wp-block-column-is-layout-flow\">\n<pre class=\"wp-block-verse text-dark text-m\">Th\u00e0nh th\u1eadt m\u00e0 n\u00f3i, t\u00f4i ngh\u0129 n\u00f3 \u0111\u00e1ng gi\u00e1. N\u00f3 c\u00f3 qu\u00e1 xa hoa v\u00e0 c\u1ea7u k\u1ef3 kh\u00f4ng? Kh\u00f4ng. N\u00f3 v\u1eabn \u0111\u1eb9p ch\u1ee9? C\u00f3 ch\u1ee9! Con ch\u00f3 c\u1ee7a t\u00f4i c\u00f3 th\u00edch n\u00f3 kh\u00f4ng? N\u00f3 vui kinh kh\u1ee7ng.      <\/pre>\n<\/div>\n<\/div>\n\n<div class=\"wp-block-columns is-layout-flex wp-container-core-columns-is-layout-9d6595d7 wp-block-columns-is-layout-flex\">\n<div class=\"wp-block-column is-layout-flow wp-block-column-is-layout-flow\">\n<pre class=\"wp-block-verse text-dark text-m\">C\u00f4ng vi\u00ean l\u1ecbch s\u1eed tr\u00f4ng tuy\u1ec7t v\u1eddi d\u01b0\u1edbi \u00e1nh \u0111\u00e8n v\u00e0 b\u1ecdn tr\u1ebb nh\u00e0 t\u00f4i r\u1ea5t th\u00edch. Ngo\u00e0i ra, ti\u1ec1n c\u00f2n \u0111\u01b0\u1ee3c d\u00f9ng \u0111\u1ec3 h\u1ed7 tr\u1ee3 Gi\u00e1ng sinh t\u1ea1i c\u00f4ng vi\u00ean trung t\u00e2m th\u00e0nh ph\u1ed1 n\u00ean t\u00f4i s\u1ebd l\u00e0m c\u1ea3 hai. <\/pre>\n<\/div>\n\n\n\n<div class=\"wp-block-column is-layout-flow wp-block-column-is-layout-flow\">\n<pre class=\"wp-block-verse text-dark text-m\">T\u00f4i \u0111\u00e3 \u0111\u1ebfn t\u1ea5t c\u1ea3 c\u00e1c s\u1ef1 ki\u1ec7n l\u00e1i xe qua, ch\u00fang \u0111\u1ec1u c\u00f3 c\u00f9ng c\u00e1ch tr\u01b0ng b\u00e0y v\u00e0 t\u00f4i th\u1ef1c s\u1ef1 th\u00edch, t\u00f4i \u01b0\u1edbc n\u00f3 c\u00f3 th\u1ec3 d\u00e0i h\u01a1n m\u1ed9t ch\u00fat. H\u00e3y bi\u1ebfn n\u00f3 th\u00e0nh m\u1ed9t bu\u1ed5i t\u1ed1i \u1ea5m c\u00fang, v\u00e0 ch\u00fang ta n\u00ean ti\u1ebfp t\u1ee5c \u1ee7ng h\u1ed9 \u0111\u1ec3 n\u00f3 quay tr\u1edf l\u1ea1i m\u1ed7i n\u0103m. Ch\u00fang t\u00f4i h\u1ea7u nh\u01b0 kh\u00f4ng c\u00f3 s\u1ef1 ki\u1ec7n n\u00e0o di\u1ec5n ra \u1edf th\u00e0nh ph\u1ed1 n\u00e0y, th\u1eadt tuy\u1ec7t khi th\u1ea5y nh\u1eefng n\u1ed7 l\u1ef1c \u0111\u01b0\u1ee3c th\u1ef1c hi\u1ec7n \u0111\u1ec3 t\u1ed5 ch\u1ee9c nhi\u1ec1u s\u1ef1 ki\u1ec7n th\u00e2n thi\u1ec7n v\u1edbi gia \u0111\u00ecnh h\u01a1n  <\/pre>\n<\/div>\n<\/div>\n","protected":false},"excerpt":{"rendered":"<p>Ch\u00fang t\u00f4i \u0111\u00e3 \u1edf \u0111\u00f3 v\u00e0o th\u1ee9 n\u0103m, \u0111\u1ebfn \u0111\u00f3 v\u00e0o kho\u1ea3ng 7 gi\u1edd t\u1ed1i \u0111\u1ec3 x\u1ebfp h\u00e0ng v\u00e0 sau \u0111\u00f3 r\u1eddi \u0111i l\u00fac 9:30 t\u1ed1i. B\u00e0 t\u00f4i r\u1ea5t th\u00edch ch\u01b0\u01a1ng tr\u00ecnh n\u00ean n\u00f3 r\u1ea5t \u0111\u00e1ng gi\u00e1 \u0111\u1ed1i v\u1edbi ch\u00fang t\u00f4i, b\u00e0 th\u1eadm ch\u00ed c\u00f2n nh\u1ea3y tr\u00ean xe v\u00e0 h\u00e1t theo. Th\u1eadt l\u00e0 m\u1ed9t k\u1ef7 [&hellip;]<\/p>\n","protected":false},"author":4,"featured_media":0,"parent":5299,"menu_order":0,"comment_status":"closed","ping_status":"closed","template":"","meta":{"footnotes":""},"class_list":["post-5214","page","type-page","status-publish","hentry"],"acpt":{"meta":[]},"yoast_head":"<!-- This site is optimized with the Yoast SEO plugin v27.0 - https:\/\/yoast.com\/product\/yoast-seo-wordpress\/ -->\n<title>Nh\u1eefng ng\u01b0\u1eddi kh\u00e1c n\u00f3i g\u00ec - Christmas in the Park<\/title>\n<meta name=\"robots\" content=\"index, follow, max-snippet:-1, max-image-preview:large, max-video-preview:-1\" \/>\n<link rel=\"canonical\" href=\"https:\/\/christmasinthepark.com\/vi\/su-kien\/chuong-trinh-bieu-dien-anh-sang-drive-thru\/nhung-nguoi-khac-noi-gi\/\" \/>\n<meta property=\"og:locale\" content=\"vi_VN\" \/>\n<meta property=\"og:type\" content=\"article\" \/>\n<meta property=\"og:title\" content=\"Nh\u1eefng ng\u01b0\u1eddi kh\u00e1c n\u00f3i g\u00ec - Christmas in the Park\" \/>\n<meta property=\"og:description\" content=\"Ch\u00fang t\u00f4i \u0111\u00e3 \u1edf \u0111\u00f3 v\u00e0o th\u1ee9 n\u0103m, \u0111\u1ebfn \u0111\u00f3 v\u00e0o kho\u1ea3ng 7 gi\u1edd t\u1ed1i \u0111\u1ec3 x\u1ebfp h\u00e0ng v\u00e0 sau \u0111\u00f3 r\u1eddi \u0111i l\u00fac 9:30 t\u1ed1i. B\u00e0 t\u00f4i r\u1ea5t th\u00edch ch\u01b0\u01a1ng tr\u00ecnh n\u00ean n\u00f3 r\u1ea5t \u0111\u00e1ng gi\u00e1 \u0111\u1ed1i v\u1edbi ch\u00fang t\u00f4i, b\u00e0 th\u1eadm ch\u00ed c\u00f2n nh\u1ea3y tr\u00ean xe v\u00e0 h\u00e1t theo. Th\u1eadt l\u00e0 m\u1ed9t k\u1ef7 [&hellip;]\" \/>\n<meta property=\"og:url\" content=\"https:\/\/christmasinthepark.com\/vi\/su-kien\/chuong-trinh-bieu-dien-anh-sang-drive-thru\/nhung-nguoi-khac-noi-gi\/\" \/>\n<meta property=\"og:site_name\" content=\"Christmas in the Park\" \/>\n<meta property=\"article:modified_time\" content=\"2024-11-11T21:39:35+00:00\" \/>\n<meta name=\"twitter:card\" content=\"summary_large_image\" \/>\n<meta name=\"twitter:label1\" content=\"Est. reading time\" \/>\n\t<meta name=\"twitter:data1\" content=\"2 minutes\" \/>\n<script type=\"application\/ld+json\" class=\"yoast-schema-graph\">{\"@context\":\"https:\/\/schema.org\",\"@graph\":[{\"@type\":\"WebPage\",\"@id\":\"https:\/\/christmasinthepark.com\/vi\/su-kien\/chuong-trinh-bieu-dien-anh-sang-drive-thru\/nhung-nguoi-khac-noi-gi\/\",\"url\":\"https:\/\/christmasinthepark.com\/vi\/su-kien\/chuong-trinh-bieu-dien-anh-sang-drive-thru\/nhung-nguoi-khac-noi-gi\/\",\"name\":\"Nh\u1eefng ng\u01b0\u1eddi kh\u00e1c n\u00f3i g\u00ec - Christmas in the Park\",\"isPartOf\":{\"@id\":\"https:\/\/christmasinthepark.com\/vi\/#website\"},\"datePublished\":\"2024-08-25T11:49:42+00:00\",\"dateModified\":\"2024-11-11T21:39:35+00:00\",\"breadcrumb\":{\"@id\":\"https:\/\/christmasinthepark.com\/vi\/su-kien\/chuong-trinh-bieu-dien-anh-sang-drive-thru\/nhung-nguoi-khac-noi-gi\/#breadcrumb\"},\"inLanguage\":\"vi-VN\",\"potentialAction\":[{\"@type\":\"ReadAction\",\"target\":[\"https:\/\/christmasinthepark.com\/vi\/su-kien\/chuong-trinh-bieu-dien-anh-sang-drive-thru\/nhung-nguoi-khac-noi-gi\/\"]}]},{\"@type\":\"BreadcrumbList\",\"@id\":\"https:\/\/christmasinthepark.com\/vi\/su-kien\/chuong-trinh-bieu-dien-anh-sang-drive-thru\/nhung-nguoi-khac-noi-gi\/#breadcrumb\",\"itemListElement\":[{\"@type\":\"ListItem\",\"position\":1,\"name\":\"Home\",\"item\":\"https:\/\/christmasinthepark.com\/vi\/nha-moi\/\"},{\"@type\":\"ListItem\",\"position\":2,\"name\":\"S\u1ef1 ki\u1ec7n\",\"item\":\"https:\/\/christmasinthepark.com\/vi\/su-kien\/\"},{\"@type\":\"ListItem\",\"position\":3,\"name\":\"Ch\u01b0\u01a1ng tr\u00ecnh bi\u1ec3u di\u1ec5n \u00e1nh s\u00e1ng Drive Thru\",\"item\":\"https:\/\/christmasinthepark.com\/vi\/su-kien\/chuong-trinh-bieu-dien-anh-sang-drive-thru\/\"},{\"@type\":\"ListItem\",\"position\":4,\"name\":\"Nh\u1eefng ng\u01b0\u1eddi kh\u00e1c n\u00f3i g\u00ec\"}]},{\"@type\":\"WebSite\",\"@id\":\"https:\/\/christmasinthepark.com\/vi\/#website\",\"url\":\"https:\/\/christmasinthepark.com\/vi\/\",\"name\":\"Christmas in the Park\",\"description\":\"Festivity, Lights, and Community Spirit\",\"potentialAction\":[{\"@type\":\"SearchAction\",\"target\":{\"@type\":\"EntryPoint\",\"urlTemplate\":\"https:\/\/christmasinthepark.com\/vi\/?s={search_term_string}\"},\"query-input\":{\"@type\":\"PropertyValueSpecification\",\"valueRequired\":true,\"valueName\":\"search_term_string\"}}],\"inLanguage\":\"vi-VN\"}]}<\/script>\n<!-- \/ Yoast SEO plugin. -->","yoast_head_json":{"title":"Nh\u1eefng ng\u01b0\u1eddi kh\u00e1c n\u00f3i g\u00ec - Christmas in the Park","robots":{"index":"index","follow":"follow","max-snippet":"max-snippet:-1","max-image-preview":"max-image-preview:large","max-video-preview":"max-video-preview:-1"},"canonical":"https:\/\/christmasinthepark.com\/vi\/su-kien\/chuong-trinh-bieu-dien-anh-sang-drive-thru\/nhung-nguoi-khac-noi-gi\/","og_locale":"vi_VN","og_type":"article","og_title":"Nh\u1eefng ng\u01b0\u1eddi kh\u00e1c n\u00f3i g\u00ec - Christmas in the Park","og_description":"Ch\u00fang t\u00f4i \u0111\u00e3 \u1edf \u0111\u00f3 v\u00e0o th\u1ee9 n\u0103m, \u0111\u1ebfn \u0111\u00f3 v\u00e0o kho\u1ea3ng 7 gi\u1edd t\u1ed1i \u0111\u1ec3 x\u1ebfp h\u00e0ng v\u00e0 sau \u0111\u00f3 r\u1eddi \u0111i l\u00fac 9:30 t\u1ed1i. B\u00e0 t\u00f4i r\u1ea5t th\u00edch ch\u01b0\u01a1ng tr\u00ecnh n\u00ean n\u00f3 r\u1ea5t \u0111\u00e1ng gi\u00e1 \u0111\u1ed1i v\u1edbi ch\u00fang t\u00f4i, b\u00e0 th\u1eadm ch\u00ed c\u00f2n nh\u1ea3y tr\u00ean xe v\u00e0 h\u00e1t theo. Th\u1eadt l\u00e0 m\u1ed9t k\u1ef7 [&hellip;]","og_url":"https:\/\/christmasinthepark.com\/vi\/su-kien\/chuong-trinh-bieu-dien-anh-sang-drive-thru\/nhung-nguoi-khac-noi-gi\/","og_site_name":"Christmas in the Park","article_modified_time":"2024-11-11T21:39:35+00:00","twitter_card":"summary_large_image","twitter_misc":{"Est. reading time":"2 minutes"},"schema":{"@context":"https:\/\/schema.org","@graph":[{"@type":"WebPage","@id":"https:\/\/christmasinthepark.com\/vi\/su-kien\/chuong-trinh-bieu-dien-anh-sang-drive-thru\/nhung-nguoi-khac-noi-gi\/","url":"https:\/\/christmasinthepark.com\/vi\/su-kien\/chuong-trinh-bieu-dien-anh-sang-drive-thru\/nhung-nguoi-khac-noi-gi\/","name":"Nh\u1eefng ng\u01b0\u1eddi kh\u00e1c n\u00f3i g\u00ec - Christmas in the Park","isPartOf":{"@id":"https:\/\/christmasinthepark.com\/vi\/#website"},"datePublished":"2024-08-25T11:49:42+00:00","dateModified":"2024-11-11T21:39:35+00:00","breadcrumb":{"@id":"https:\/\/christmasinthepark.com\/vi\/su-kien\/chuong-trinh-bieu-dien-anh-sang-drive-thru\/nhung-nguoi-khac-noi-gi\/#breadcrumb"},"inLanguage":"vi-VN","potentialAction":[{"@type":"ReadAction","target":["https:\/\/christmasinthepark.com\/vi\/su-kien\/chuong-trinh-bieu-dien-anh-sang-drive-thru\/nhung-nguoi-khac-noi-gi\/"]}]},{"@type":"BreadcrumbList","@id":"https:\/\/christmasinthepark.com\/vi\/su-kien\/chuong-trinh-bieu-dien-anh-sang-drive-thru\/nhung-nguoi-khac-noi-gi\/#breadcrumb","itemListElement":[{"@type":"ListItem","position":1,"name":"Home","item":"https:\/\/christmasinthepark.com\/vi\/nha-moi\/"},{"@type":"ListItem","position":2,"name":"S\u1ef1 ki\u1ec7n","item":"https:\/\/christmasinthepark.com\/vi\/su-kien\/"},{"@type":"ListItem","position":3,"name":"Ch\u01b0\u01a1ng tr\u00ecnh bi\u1ec3u di\u1ec5n \u00e1nh s\u00e1ng Drive Thru","item":"https:\/\/christmasinthepark.com\/vi\/su-kien\/chuong-trinh-bieu-dien-anh-sang-drive-thru\/"},{"@type":"ListItem","position":4,"name":"Nh\u1eefng ng\u01b0\u1eddi kh\u00e1c n\u00f3i g\u00ec"}]},{"@type":"WebSite","@id":"https:\/\/christmasinthepark.com\/vi\/#website","url":"https:\/\/christmasinthepark.com\/vi\/","name":"Christmas in the Park","description":"Festivity, Lights, and Community Spirit","potentialAction":[{"@type":"SearchAction","target":{"@type":"EntryPoint","urlTemplate":"https:\/\/christmasinthepark.com\/vi\/?s={search_term_string}"},"query-input":{"@type":"PropertyValueSpecification","valueRequired":true,"valueName":"search_term_string"}}],"inLanguage":"vi-VN"}]}},"_links":{"self":[{"href":"https:\/\/christmasinthepark.com\/vi\/wp-json\/wp\/v2\/pages\/5214","targetHints":{"allow":["GET"]}}],"collection":[{"href":"https:\/\/christmasinthepark.com\/vi\/wp-json\/wp\/v2\/pages"}],"about":[{"href":"https:\/\/christmasinthepark.com\/vi\/wp-json\/wp\/v2\/types\/page"}],"author":[{"embeddable":true,"href":"https:\/\/christmasinthepark.com\/vi\/wp-json\/wp\/v2\/users\/4"}],"replies":[{"embeddable":true,"href":"https:\/\/christmasinthepark.com\/vi\/wp-json\/wp\/v2\/comments?post=5214"}],"version-history":[{"count":0,"href":"https:\/\/christmasinthepark.com\/vi\/wp-json\/wp\/v2\/pages\/5214\/revisions"}],"up":[{"embeddable":true,"href":"https:\/\/christmasinthepark.com\/vi\/wp-json\/wp\/v2\/pages\/5299"}],"wp:attachment":[{"href":"https:\/\/christmasinthepark.com\/vi\/wp-json\/wp\/v2\/media?parent=5214"}],"curies":[{"name":"wp","href":"https:\/\/api.w.org\/{rel}","templated":true}]}}