{"id":5251,"date":"2024-03-10T06:34:14","date_gmt":"2024-03-10T13:34:14","guid":{"rendered":"http:\/\/christmasinthepark.com\/tham-gia\/hay-lam-tinh-nguyen-cung-chung-toi\/"},"modified":"2026-04-16T11:21:54","modified_gmt":"2026-04-16T18:21:54","slug":"hay-lam-tinh-nguyen-cung-chung-toi","status":"publish","type":"page","link":"https:\/\/christmasinthepark.com\/vi\/tham-gia\/hay-lam-tinh-nguyen-cung-chung-toi\/","title":{"rendered":"H\u00e3y l\u00e0m t\u00ecnh nguy\u1ec7n c\u00f9ng ch\u00fang t\u00f4i!"},"content":{"rendered":"\t\t<div data-elementor-type=\"wp-page\" data-elementor-id=\"5251\" class=\"elementor elementor-5251 elementor-230\" data-elementor-post-type=\"page\">\n\t\t\t\t<div class=\"elementor-element elementor-element-557e1280 e-flex e-con-boxed e-con e-parent\" data-id=\"557e1280\" data-element_type=\"container\" data-e-type=\"container\">\n\t\t\t\t\t<div class=\"e-con-inner\">\n\t\t\t\t<div class=\"elementor-element elementor-element-39367b59 elementor-hidden-desktop elementor-hidden-tablet elementor-hidden-mobile elementor-widget elementor-widget-text-editor\" data-id=\"39367b59\" data-element_type=\"widget\" data-e-type=\"widget\" data-widget_type=\"text-editor.default\">\n\t\t\t\t\t\t\t\t\t\n<div class=\"wp-block-columns\">\n<div class=\"wp-block-column\" style=\"flex-basis: 66.66%;\">\n<h3 class=\"wp-block-heading text-xl\">C\u01a1 h\u1ed9i t\u00ecnh nguy\u1ec7n theo m\u00f9a<\/h3>\n\n<p>B\u1ea1n \u0111ang mu\u1ed1n ho\u00e0n th\u00e0nh gi\u1edd ph\u1ee5c v\u1ee5 c\u1ed9ng \u0111\u1ed3ng c\u1ee7a m\u00ecnh? Ch\u00fang t\u00f4i c\u00f3 m\u1ed9t s\u1ed1 c\u01a1 h\u1ed9i th\u00fa v\u1ecb trong m\u00f9a Gi\u00e1ng sinh! <\/p>\n\n<p>D\u00f9 nhi\u1ec7m v\u1ee5 l\u00e0 g\u00ec, b\u1ea1n c\u0169ng s\u1ebd \u0111\u00f3ng vai tr\u00f2 quan tr\u1ecdng trong s\u1ef1 k\u1ef3 di\u1ec7u c\u1ee7a l\u1ec5 Gi\u00e1ng sinh trong c\u00f4ng vi\u00ean!<\/p>\n<\/div>\n<\/div>\n\n<div class=\"wp-block-group\">\n<h4 class=\"wp-block-heading\">H\u00e3y tr\u1edf th\u00e0nh tr\u1ee3 l\u00fd c\u1ee7a \u00f4ng gi\u00e0 Noel!<\/h4>\n\n<p>\u00d4ng gi\u00e0 Noel \u0111ang t\u00ecm ki\u1ebfm <em>nh\u1eefng Ng\u01b0\u1eddi Tr\u1ee3 Gi\u00fap \u00d4ng Gi\u00e0 Noel<\/em> vui v\u1ebb v\u00e0 \u0111\u00e1ng tin c\u1eady \u0111\u1ec3 tham gia \u0111\u1ed9i ng\u0169 cho m\u00f9a l\u1ec5 h\u1ed9i n\u0103m 2025! H\u00e3y c\u00f9ng mang ph\u00e9p m\u00e0u Gi\u00e1ng sinh \u0111\u1ebfn v\u1edbi c\u1ed9ng \u0111\u1ed3ng c\u1ee7a ch\u00fang ta \u2014 h\u00e3y \u0111\u0103ng k\u00fd ngay h\u00f4m nay v\u00e0 l\u00e0m cho m\u00f9a l\u1ec5 h\u1ed9i th\u00eam vui t\u01b0\u01a1i v\u00e0 r\u1ef1c r\u1ee1! <\/p>\n\n<p><strong>Nh\u1eefng g\u00ec ch\u00fang t\u00f4i \u0111ang t\u00ecm ki\u1ebfm:<\/strong><\/p>\n<\/div>\n\n<div class=\"wp-block-group\">\n<p>&#8211; Ph\u1ea3i t\u1eeb <strong>16 tu\u1ed5i tr\u1edf l\u00ean<\/strong><\/p>\n\n<p>&#8211; Mang l\u1ea1i <strong>n\u0103ng l\u01b0\u1ee3ng t\u00edch c\u1ef1c, n\u1ee5 c\u01b0\u1eddi r\u1ea1ng r\u1ee1 v\u00e0 tinh th\u1ea7n l\u1ec5 h\u1ed9i th\u00e2n thi\u1ec7n<\/strong><\/p>\n\n<p>Tho\u1ea3i m\u00e1i <strong>khi \u0111\u1ee9ng, \u0111i b\u1ed9, c\u00fai xu\u1ed1ng<\/strong> v\u00e0 gi\u00fap h\u01b0\u1edbng d\u1eabn du kh\u00e1ch<\/p>\n\n<p>C\u00f3 kh\u1ea3 n\u0103ng <strong>suy ngh\u0129 nhanh nh\u1ea1y<\/strong> v\u00e0 x\u1eed l\u00fd nh\u1eefng kho\u1ea3nh kh\u1eafc b\u1eadn r\u1ed9n m\u1ed9t c\u00e1ch vui v\u1ebb<\/p>\n\n<p><strong>\u0110\u00e1ng tin c\u1eady v\u00e0 c\u00f3 tr\u00e1ch nhi\u1ec7m<\/strong> \u2014 \u00d4ng gi\u00e0 Noel tin t\u01b0\u1edfng v\u00e0o b\u1ea1n!<\/p>\n\n<p>S\u1eb5n s\u00e0ng l\u00e0m vi\u1ec7c trong <strong>c\u1ea3 m\u00f4i tr\u01b0\u1eddng trong nh\u00e0 v\u00e0 ngo\u00e0i tr\u1eddi<\/strong><\/p>\n\n<p><strong>Kh\u00f4ng c\u1ea7n Grinches ph\u1ea3i n\u1ed9p \u0111\u01a1n!<\/strong><\/p>\n\n<p>Ca l\u00e0m vi\u1ec7c k\u00e9o d\u00e0i 3 gi\u1edd t\u1eeb ng\u00e0y 29 th\u00e1ng 11 \u0111\u1ebfn \u0111\u00eam Gi\u00e1ng sinh.<\/p>\n\n<p><a href=\"https:\/\/www.signupgenius.com\/go\/10C094EA4AC2AA1F8C34-59636109-santas\" target=\"_blank\" rel=\"noreferrer noopener\"><strong>\u0110\u0103ng k\u00fd l\u00e0m t\u00ecnh nguy\u1ec7n vi\u00ean \u00f4ng gi\u00e0 Noel<\/strong><\/a><\/p>\n<\/div>\n\n<h4> <\/h4>\n<h4 class=\"wp-block-heading\">\u0110\u0103ng k\u00fd tham gia s\u1ef1 ki\u1ec7n Set to Saturday \u0111\u00e3 m\u1edf!<\/h4>\n\n<p>H\u00e3y tham gia v\u00e0o k\u1ef3 ngh\u1ec9 k\u1ef3 di\u1ec7u! \ud83c\udf84<br> H\u00e3y c\u00f9ng ch\u00fang t\u00f4i kh\u1edfi \u0111\u1ed9ng m\u00f9a l\u1ec5 h\u1ed9i t\u1ea1i <strong>Set Up Saturday<\/strong> khi ch\u00fang t\u00f4i bi\u1ebfn Qu\u1ea3ng tr\u01b0\u1eddng Cesar Chavez th\u00e0nh m\u1ed9t <strong>x\u1ee9 s\u1edf th\u1ea7n ti\u00ean Gi\u00e1ng sinh trong C\u00f4ng vi\u00ean<\/strong> lung linh. Ch\u00fang t\u00f4i s\u1ebd trang tr\u00ed c\u00e2y th\u00f4ng, treo bi\u1ec3n hi\u1ec7u, \u0111\u00e1nh b\u00f3ng c\u00e1c v\u1eadt tr\u01b0ng b\u00e0y v\u00e0 d\u1ecdn d\u1eb9p c\u00f4ng vi\u00ean cho ng\u00e0y khai m\u1ea1c! <\/p>\n\n<p><strong>Th\u1ee9 b\u1ea3y, ng\u00e0y 22 th\u00e1ng 11<\/strong><br> <strong>12:00 tr\u01b0a \u2013 3:00 chi\u1ec1u<\/strong><br> <strong>Gi\u00e1ng sinh trong c\u00f4ng vi\u00ean \u2013 C\u00f4ng vi\u00ean Plaza de Cesar Chavez<\/strong><\/p>\n\n<p>Ch\u00fang t\u00f4i \u0111ang t\u00ecm ki\u1ebfm <strong>100 t\u00ecnh nguy\u1ec7n vi\u00ean nhi\u1ec7t huy\u1ebft<\/strong> \u0111\u1ec3 c\u00f9ng tham gia ho\u1ea1t \u0111\u1ed9ng vui v\u1ebb n\u00e0y.<br> M\u1eb7c qu\u1ea7n \u00e1o ph\u00f9 h\u1ee3p v\u1edbi th\u1eddi ti\u1ebft, \u0111i gi\u00e0y k\u00edn m\u0169i v\u00e0 mang theo n\u01b0\u1edbc \u2014 c\u00f9ng ni\u1ec1m vui ng\u00e0y l\u1ec5 c\u1ee7a b\u1ea1n!<\/p>\n\n<p><strong><a href=\"https:\/\/www.signupgenius.com\/go\/10C094EA4AC2AA1F8C34-59918205-setupsaturday\">Thi\u1ebft l\u1eadp \u0110\u0103ng k\u00fd Th\u1ee9 B\u1ea3y<\/a><\/strong><\/p>\n\t\t\t\t\t\t\t\t<\/div>\n\t\t\t\t\t<\/div>\n\t\t\t\t<\/div>\n\t\t<div class=\"elementor-element elementor-element-ad1e696 e-flex e-con-boxed e-con e-parent\" data-id=\"ad1e696\" data-element_type=\"container\" data-e-type=\"container\">\n\t\t\t\t\t<div class=\"e-con-inner\">\n\t\t\t\t<div class=\"elementor-element elementor-element-eaddcf5 elementor-widget elementor-widget-text-editor\" data-id=\"eaddcf5\" data-element_type=\"widget\" data-e-type=\"widget\" data-widget_type=\"text-editor.default\">\n\t\t\t\t\t\t\t\t\t<h2 data-start=\"657\" data-end=\"679\">H\u00e3y c\u00f9ng h\u00f2a m\u00ecnh v\u00e0o \u0111i\u1ec1u k\u1ef3 di\u1ec7u \u2014 quanh n\u0103m.<\/h2>\n<p data-start=\"721\" data-end=\"894\">Ch\u01b0\u01a1ng tr\u00ecnh Gi\u00e1ng Sinh trong C\u00f4ng Vi\u00ean \u0111\u01b0\u1ee3c v\u1eadn h\u00e0nh b\u1edfi c\u00e1c t\u00ecnh nguy\u1ec7n vi\u00ean. T\u1eeb kh\u00e2u chu\u1ea9n b\u1ecb h\u1ed9i th\u1ea3o \u0111\u1ebfn c\u00e1c ho\u1ea1t \u0111\u1ed9ng l\u1ec5 h\u1ed9i, c\u00e1c t\u00ecnh nguy\u1ec7n vi\u00ean c\u1ee7a ch\u00fang t\u00f4i gi\u00fap t\u1ea1o n\u00ean ni\u1ec1m vui g\u1eafn k\u1ebft c\u1ed9ng \u0111\u1ed3ng m\u1ed7i m\u00f9a l\u1ec5 h\u1ed9i. <\/p>\n<p data-start=\"896\" data-end=\"1010\">D\u00f9 b\u1ea1n mu\u1ed1n t\u00edch l\u0169y gi\u1edd ph\u1ee5c v\u1ee5 c\u1ed9ng \u0111\u1ed3ng hay ch\u1ec9 \u0111\u01a1n gi\u1ea3n l\u00e0 th\u00edch lan t\u1ecfa ni\u1ec1m vui ng\u00e0y l\u1ec5, ch\u00fang t\u00f4i r\u1ea5t mong \u0111\u01b0\u1ee3c ch\u00e0o \u0111\u00f3n b\u1ea1n gia nh\u1eadp \u0111\u1ed9i ng\u0169.<\/p>\n<h4 data-start=\"1017\" data-end=\"1049\">C\u01a1 h\u1ed9i quanh n\u0103m<\/h4>\n<p data-start=\"1051\" data-end=\"1091\">Trong su\u1ed1t c\u1ea3 n\u0103m, c\u00e1c t\u00ecnh nguy\u1ec7n vi\u00ean h\u1ed7 tr\u1ee3:<\/p>\n<ul data-start=\"1093\" data-end=\"1202\">\n<li data-start=\"1093\" data-end=\"1117\">\n<p data-start=\"1095\" data-end=\"1117\">Chu\u1ea9n b\u1ecb h\u1ed9i th\u1ea3o<\/p>\n<\/li>\n<li data-start=\"1118\" data-end=\"1160\">\n<p data-start=\"1120\" data-end=\"1160\">H\u1ed7 tr\u1ee3 chu\u1ea9n b\u1ecb s\u1ef1 ki\u1ec7n v\u00e0 c\u00e1c c\u00f4ng vi\u1ec7c h\u1eadu tr\u01b0\u1eddng.<\/p>\n<\/li>\n<li data-start=\"1161\" data-end=\"1202\">\n<p data-start=\"1163\" data-end=\"1202\">C\u00e1c s\u1ef1 ki\u1ec7n \u0111\u1eb7c bi\u1ec7t v\u00e0 ch\u01b0\u01a1ng tr\u00ecnh c\u1ed9ng \u0111\u1ed3ng<\/p>\n<\/li>\n<\/ul>\n<p data-start=\"1204\" data-end=\"1265\">C\u00e1c c\u01a1 h\u1ed9i s\u1ebd kh\u00e1c nhau t\u00f9y thu\u1ed9c v\u00e0o m\u00f9a v\u1ee5 v\u00e0 nhu c\u1ea7u c\u1ee7a d\u1ef1 \u00e1n.<\/p>\n<p data-start=\"1204\" data-end=\"1265\"><strong data-start=\"1799\" data-end=\"1835\">H\u00e3y \u0111\u0103ng k\u00fd v\u00e0o <a href=\"https:\/\/docs.google.com\/forms\/d\/e\/1FAIpQLSdYU4OEQwq0SeI9WNM4Or3TB31His3lrDKhaemTYtKD8h0APg\/viewform?usp=header\">danh s\u00e1ch<\/a> nh\u1eefng ng\u01b0\u1eddi quan t\u00e2m \u0111\u1ebfn vi\u1ec7c l\u00e0m t\u00ecnh nguy\u1ec7n c\u1ee7a ch\u00fang t\u00f4i.<\/strong><\/p>\n<h4 data-start=\"1272\" data-end=\"1300\">C\u00e1c vai tr\u00f2 trong m\u00f9a l\u1ec5 h\u1ed9i<\/h4>\n<p data-start=\"1302\" data-end=\"1384\">Trong m\u00f9a l\u1ec5 h\u1ed9i (cu\u1ed1i th\u00e1ng 11 \u2013 \u0111\u1ea7u th\u00e1ng 1), c\u00e1c vai tr\u00f2 b\u1ed5 sung bao g\u1ed3m:<\/p>\n<ul data-start=\"1386\" data-end=\"1466\">\n<li data-start=\"1386\" data-end=\"1403\">\n<p data-start=\"1388\" data-end=\"1403\">Nh\u1eefng ng\u01b0\u1eddi tr\u1ee3 gi\u00fap c\u1ee7a \u00f4ng gi\u00e0 Noel<\/p>\n<\/li>\n<li data-start=\"1404\" data-end=\"1424\">\n<p data-start=\"1406\" data-end=\"1424\">Chu\u1ea9n b\u1ecb v\u00e0o c\u00e1c ng\u00e0y th\u1ee9 B\u1ea3y<\/p>\n<\/li>\n<li data-start=\"1425\" data-end=\"1466\">\n<p data-start=\"1427\" data-end=\"1466\">Nh\u1eefng n\u00e0ng ti\u00ean l\u00e0m \u0111\u1eb9p  <\/p>\n<\/li>\n<\/ul>\n<p data-start=\"1427\" data-end=\"1466\">Vi\u1ec7c \u0111\u0103ng k\u00fd theo m\u00f9a s\u1ebd b\u1eaft \u0111\u1ea7u v\u00e0o m\u00f9a thu.<\/p>\n<h5 data-start=\"1515\" data-end=\"1539\">Nh\u1eefng \u0111i\u1ec1u c\u01a1 b\u1ea3n v\u1ec1 t\u00ecnh nguy\u1ec7n vi\u00ean<\/h5>\n<ul data-start=\"1541\" data-end=\"1674\">\n<li data-start=\"1541\" data-end=\"1570\">\n<p data-start=\"1543\" data-end=\"1570\">Ph\u1ea3i t\u1eeb 16 tu\u1ed5i tr\u1edf l\u00ean<\/p>\n<\/li>\n<li data-start=\"1571\" data-end=\"1618\">\n<p data-start=\"1573\" data-end=\"1618\">Mang \u0111\u1ebfn ngu\u1ed3n n\u0103ng l\u01b0\u1ee3ng t\u00edch c\u1ef1c v\u00e0 tinh th\u1ea7n th\u00e2n thi\u1ec7n.<\/p>\n<\/li>\n<li data-start=\"1619\" data-end=\"1674\">\n<p data-start=\"1621\" data-end=\"1674\">Tho\u1ea3i m\u00e1i khi h\u1ed7 tr\u1ee3 kh\u00e1ch v\u00e0 \u0111\u1ee9ng l\u00e0m vi\u1ec7c.<\/p>\n<\/li>\n<\/ul>\n<h5 data-start=\"1681\" data-end=\"1703\">B\u1ea1n \u0111\u00e3 s\u1eb5n s\u00e0ng tham gia c\u00f9ng ch\u00fang t\u00f4i ch\u01b0a?<\/h5>\n<p data-start=\"1705\" data-end=\"1794\">H\u00e3y th\u00eam t\u00ean c\u1ee7a b\u1ea1n v\u00e0o Danh s\u00e1ch quan t\u00e2m t\u00ecnh nguy\u1ec7n vi\u00ean c\u1ee7a ch\u00fang t\u00f4i v\u00e0 ch\u00fang t\u00f4i s\u1ebd li\u00ean h\u1ec7 khi c\u00f3 c\u01a1 h\u1ed9i.<\/p>\n<p data-start=\"1796\" data-end=\"1835\"><strong data-start=\"1799\" data-end=\"1835\">H\u00e3y \u0111\u0103ng k\u00fd v\u00e0o <a href=\"https:\/\/docs.google.com\/forms\/d\/e\/1FAIpQLSdYU4OEQwq0SeI9WNM4Or3TB31His3lrDKhaemTYtKD8h0APg\/viewform?usp=header\">danh s\u00e1ch<\/a> nh\u1eefng ng\u01b0\u1eddi quan t\u00e2m \u0111\u1ebfn vi\u1ec7c l\u00e0m t\u00ecnh nguy\u1ec7n c\u1ee7a ch\u00fang t\u00f4i.<\/strong><\/p>\t\t\t\t\t\t\t\t<\/div>\n\t\t\t\t\t<\/div>\n\t\t\t\t<\/div>\n\t\t\t\t<\/div>\n\t\t","protected":false},"excerpt":{"rendered":"<p>C\u01a1 h\u1ed9i t\u00ecnh nguy\u1ec7n theo m\u00f9a B\u1ea1n \u0111ang mu\u1ed1n ho\u00e0n th\u00e0nh gi\u1edd ph\u1ee5c v\u1ee5 c\u1ed9ng \u0111\u1ed3ng c\u1ee7a m\u00ecnh? Ch\u00fang t\u00f4i c\u00f3 m\u1ed9t s\u1ed1 c\u01a1 h\u1ed9i th\u00fa v\u1ecb trong m\u00f9a Gi\u00e1ng sinh! D\u00f9 nhi\u1ec7m v\u1ee5 l\u00e0 g\u00ec, b\u1ea1n c\u0169ng s\u1ebd \u0111\u00f3ng vai tr\u00f2 quan tr\u1ecdng trong s\u1ef1 k\u1ef3 di\u1ec7u c\u1ee7a l\u1ec5 Gi\u00e1ng sinh trong c\u00f4ng vi\u00ean! [&hellip;]<\/p>\n","protected":false},"author":4,"featured_media":0,"parent":4992,"menu_order":0,"comment_status":"closed","ping_status":"closed","template":"","meta":{"footnotes":""},"class_list":["post-5251","page","type-page","status-publish","hentry"],"acpt":{"meta":[]},"yoast_head":"<!-- This site is optimized with the Yoast SEO plugin v27.0 - https:\/\/yoast.com\/product\/yoast-seo-wordpress\/ -->\n<title>H\u00e3y l\u00e0m t\u00ecnh nguy\u1ec7n c\u00f9ng ch\u00fang t\u00f4i! - Christmas in the Park<\/title>\n<meta name=\"robots\" content=\"index, follow, max-snippet:-1, max-image-preview:large, max-video-preview:-1\" \/>\n<link rel=\"canonical\" href=\"https:\/\/christmasinthepark.com\/vi\/tham-gia\/hay-lam-tinh-nguyen-cung-chung-toi\/\" \/>\n<meta property=\"og:locale\" content=\"vi_VN\" \/>\n<meta property=\"og:type\" content=\"article\" \/>\n<meta property=\"og:title\" content=\"H\u00e3y l\u00e0m t\u00ecnh nguy\u1ec7n c\u00f9ng ch\u00fang t\u00f4i! - Christmas in the Park\" \/>\n<meta property=\"og:description\" content=\"C\u01a1 h\u1ed9i t\u00ecnh nguy\u1ec7n theo m\u00f9a B\u1ea1n \u0111ang mu\u1ed1n ho\u00e0n th\u00e0nh gi\u1edd ph\u1ee5c v\u1ee5 c\u1ed9ng \u0111\u1ed3ng c\u1ee7a m\u00ecnh? Ch\u00fang t\u00f4i c\u00f3 m\u1ed9t s\u1ed1 c\u01a1 h\u1ed9i th\u00fa v\u1ecb trong m\u00f9a Gi\u00e1ng sinh! D\u00f9 nhi\u1ec7m v\u1ee5 l\u00e0 g\u00ec, b\u1ea1n c\u0169ng s\u1ebd \u0111\u00f3ng vai tr\u00f2 quan tr\u1ecdng trong s\u1ef1 k\u1ef3 di\u1ec7u c\u1ee7a l\u1ec5 Gi\u00e1ng sinh trong c\u00f4ng vi\u00ean! [&hellip;]\" \/>\n<meta property=\"og:url\" content=\"https:\/\/christmasinthepark.com\/vi\/tham-gia\/hay-lam-tinh-nguyen-cung-chung-toi\/\" \/>\n<meta property=\"og:site_name\" content=\"Christmas in the Park\" \/>\n<meta property=\"article:modified_time\" content=\"2026-04-16T18:21:54+00:00\" \/>\n<meta name=\"twitter:card\" content=\"summary_large_image\" \/>\n<meta name=\"twitter:label1\" content=\"Est. reading time\" \/>\n\t<meta name=\"twitter:data1\" content=\"5 minutes\" \/>\n<script type=\"application\/ld+json\" class=\"yoast-schema-graph\">{\"@context\":\"https:\/\/schema.org\",\"@graph\":[{\"@type\":\"WebPage\",\"@id\":\"https:\/\/christmasinthepark.com\/vi\/tham-gia\/hay-lam-tinh-nguyen-cung-chung-toi\/\",\"url\":\"https:\/\/christmasinthepark.com\/vi\/tham-gia\/hay-lam-tinh-nguyen-cung-chung-toi\/\",\"name\":\"H\u00e3y l\u00e0m t\u00ecnh nguy\u1ec7n c\u00f9ng ch\u00fang t\u00f4i! - Christmas in the Park\",\"isPartOf\":{\"@id\":\"https:\/\/christmasinthepark.com\/vi\/#website\"},\"datePublished\":\"2024-03-10T13:34:14+00:00\",\"dateModified\":\"2026-04-16T18:21:54+00:00\",\"breadcrumb\":{\"@id\":\"https:\/\/christmasinthepark.com\/vi\/tham-gia\/hay-lam-tinh-nguyen-cung-chung-toi\/#breadcrumb\"},\"inLanguage\":\"vi-VN\",\"potentialAction\":[{\"@type\":\"ReadAction\",\"target\":[\"https:\/\/christmasinthepark.com\/vi\/tham-gia\/hay-lam-tinh-nguyen-cung-chung-toi\/\"]}]},{\"@type\":\"BreadcrumbList\",\"@id\":\"https:\/\/christmasinthepark.com\/vi\/tham-gia\/hay-lam-tinh-nguyen-cung-chung-toi\/#breadcrumb\",\"itemListElement\":[{\"@type\":\"ListItem\",\"position\":1,\"name\":\"Home\",\"item\":\"https:\/\/christmasinthepark.com\/vi\/nha-moi\/\"},{\"@type\":\"ListItem\",\"position\":2,\"name\":\"Tham gia\",\"item\":\"https:\/\/christmasinthepark.com\/vi\/tham-gia\/\"},{\"@type\":\"ListItem\",\"position\":3,\"name\":\"H\u00e3y l\u00e0m t\u00ecnh nguy\u1ec7n c\u00f9ng ch\u00fang t\u00f4i!\"}]},{\"@type\":\"WebSite\",\"@id\":\"https:\/\/christmasinthepark.com\/vi\/#website\",\"url\":\"https:\/\/christmasinthepark.com\/vi\/\",\"name\":\"Christmas in the Park\",\"description\":\"Festivity, Lights, and Community Spirit\",\"potentialAction\":[{\"@type\":\"SearchAction\",\"target\":{\"@type\":\"EntryPoint\",\"urlTemplate\":\"https:\/\/christmasinthepark.com\/vi\/?s={search_term_string}\"},\"query-input\":{\"@type\":\"PropertyValueSpecification\",\"valueRequired\":true,\"valueName\":\"search_term_string\"}}],\"inLanguage\":\"vi-VN\"}]}<\/script>\n<!-- \/ Yoast SEO plugin. -->","yoast_head_json":{"title":"H\u00e3y l\u00e0m t\u00ecnh nguy\u1ec7n c\u00f9ng ch\u00fang t\u00f4i! - Christmas in the Park","robots":{"index":"index","follow":"follow","max-snippet":"max-snippet:-1","max-image-preview":"max-image-preview:large","max-video-preview":"max-video-preview:-1"},"canonical":"https:\/\/christmasinthepark.com\/vi\/tham-gia\/hay-lam-tinh-nguyen-cung-chung-toi\/","og_locale":"vi_VN","og_type":"article","og_title":"H\u00e3y l\u00e0m t\u00ecnh nguy\u1ec7n c\u00f9ng ch\u00fang t\u00f4i! - Christmas in the Park","og_description":"C\u01a1 h\u1ed9i t\u00ecnh nguy\u1ec7n theo m\u00f9a B\u1ea1n \u0111ang mu\u1ed1n ho\u00e0n th\u00e0nh gi\u1edd ph\u1ee5c v\u1ee5 c\u1ed9ng \u0111\u1ed3ng c\u1ee7a m\u00ecnh? Ch\u00fang t\u00f4i c\u00f3 m\u1ed9t s\u1ed1 c\u01a1 h\u1ed9i th\u00fa v\u1ecb trong m\u00f9a Gi\u00e1ng sinh! D\u00f9 nhi\u1ec7m v\u1ee5 l\u00e0 g\u00ec, b\u1ea1n c\u0169ng s\u1ebd \u0111\u00f3ng vai tr\u00f2 quan tr\u1ecdng trong s\u1ef1 k\u1ef3 di\u1ec7u c\u1ee7a l\u1ec5 Gi\u00e1ng sinh trong c\u00f4ng vi\u00ean! [&hellip;]","og_url":"https:\/\/christmasinthepark.com\/vi\/tham-gia\/hay-lam-tinh-nguyen-cung-chung-toi\/","og_site_name":"Christmas in the Park","article_modified_time":"2026-04-16T18:21:54+00:00","twitter_card":"summary_large_image","twitter_misc":{"Est. reading time":"5 minutes"},"schema":{"@context":"https:\/\/schema.org","@graph":[{"@type":"WebPage","@id":"https:\/\/christmasinthepark.com\/vi\/tham-gia\/hay-lam-tinh-nguyen-cung-chung-toi\/","url":"https:\/\/christmasinthepark.com\/vi\/tham-gia\/hay-lam-tinh-nguyen-cung-chung-toi\/","name":"H\u00e3y l\u00e0m t\u00ecnh nguy\u1ec7n c\u00f9ng ch\u00fang t\u00f4i! - Christmas in the Park","isPartOf":{"@id":"https:\/\/christmasinthepark.com\/vi\/#website"},"datePublished":"2024-03-10T13:34:14+00:00","dateModified":"2026-04-16T18:21:54+00:00","breadcrumb":{"@id":"https:\/\/christmasinthepark.com\/vi\/tham-gia\/hay-lam-tinh-nguyen-cung-chung-toi\/#breadcrumb"},"inLanguage":"vi-VN","potentialAction":[{"@type":"ReadAction","target":["https:\/\/christmasinthepark.com\/vi\/tham-gia\/hay-lam-tinh-nguyen-cung-chung-toi\/"]}]},{"@type":"BreadcrumbList","@id":"https:\/\/christmasinthepark.com\/vi\/tham-gia\/hay-lam-tinh-nguyen-cung-chung-toi\/#breadcrumb","itemListElement":[{"@type":"ListItem","position":1,"name":"Home","item":"https:\/\/christmasinthepark.com\/vi\/nha-moi\/"},{"@type":"ListItem","position":2,"name":"Tham gia","item":"https:\/\/christmasinthepark.com\/vi\/tham-gia\/"},{"@type":"ListItem","position":3,"name":"H\u00e3y l\u00e0m t\u00ecnh nguy\u1ec7n c\u00f9ng ch\u00fang t\u00f4i!"}]},{"@type":"WebSite","@id":"https:\/\/christmasinthepark.com\/vi\/#website","url":"https:\/\/christmasinthepark.com\/vi\/","name":"Christmas in the Park","description":"Festivity, Lights, and Community Spirit","potentialAction":[{"@type":"SearchAction","target":{"@type":"EntryPoint","urlTemplate":"https:\/\/christmasinthepark.com\/vi\/?s={search_term_string}"},"query-input":{"@type":"PropertyValueSpecification","valueRequired":true,"valueName":"search_term_string"}}],"inLanguage":"vi-VN"}]}},"_links":{"self":[{"href":"https:\/\/christmasinthepark.com\/vi\/wp-json\/wp\/v2\/pages\/5251","targetHints":{"allow":["GET"]}}],"collection":[{"href":"https:\/\/christmasinthepark.com\/vi\/wp-json\/wp\/v2\/pages"}],"about":[{"href":"https:\/\/christmasinthepark.com\/vi\/wp-json\/wp\/v2\/types\/page"}],"author":[{"embeddable":true,"href":"https:\/\/christmasinthepark.com\/vi\/wp-json\/wp\/v2\/users\/4"}],"replies":[{"embeddable":true,"href":"https:\/\/christmasinthepark.com\/vi\/wp-json\/wp\/v2\/comments?post=5251"}],"version-history":[{"count":23,"href":"https:\/\/christmasinthepark.com\/vi\/wp-json\/wp\/v2\/pages\/5251\/revisions"}],"predecessor-version":[{"id":9539,"href":"https:\/\/christmasinthepark.com\/vi\/wp-json\/wp\/v2\/pages\/5251\/revisions\/9539"}],"up":[{"embeddable":true,"href":"https:\/\/christmasinthepark.com\/vi\/wp-json\/wp\/v2\/pages\/4992"}],"wp:attachment":[{"href":"https:\/\/christmasinthepark.com\/vi\/wp-json\/wp\/v2\/media?parent=5251"}],"curies":[{"name":"wp","href":"https:\/\/api.w.org\/{rel}","templated":true}]}}