{"id":5299,"date":"2024-03-10T06:30:53","date_gmt":"2024-03-10T13:30:53","guid":{"rendered":"http:\/\/christmasinthepark.com\/su-kien\/chuong-trinh-bieu-dien-anh-sang-drive-thru\/"},"modified":"2024-11-12T02:14:58","modified_gmt":"2024-11-12T10:14:58","slug":"chuong-trinh-bieu-dien-anh-sang-drive-thru","status":"publish","type":"page","link":"https:\/\/christmasinthepark.com\/vi\/su-kien\/chuong-trinh-bieu-dien-anh-sang-drive-thru\/","title":{"rendered":"Ch\u01b0\u01a1ng tr\u00ecnh bi\u1ec3u di\u1ec5n \u00e1nh s\u00e1ng Drive Thru"},"content":{"rendered":"\n<div class=\"wp-block-columns is-layout-flex wp-container-core-columns-is-layout-9d6595d7 wp-block-columns-is-layout-flex\">\n<div class=\"wp-block-column is-vertically-aligned-center is-layout-flow wp-block-column-is-layout-flow\" style=\"flex-basis:75%\">\n<h3 class=\"wp-block-heading text-xl\">Ch\u01b0\u01a1ng tr\u00ecnh tr\u00ecnh di\u1ec5n \u00e1nh s\u00e1ng Drive Thru c\u1ee7a ch\u00fang t\u00f4i hi\u1ec7n \u0111\u00e3 \u0111\u00f3ng c\u1eeda.<\/h3>\n\n\n\n<p>\u0110\u01b0\u1ee3c th\u00e0nh l\u1eadp v\u00e0 x\u00e2y d\u1ef1ng v\u00e0o n\u0103m 2020 trong th\u1eddi k\u1ef3 \u0111\u1ea1i d\u1ecbch to\u00e0n c\u1ea7u, Christmas in the Park \u0111\u00e3 chuy\u1ec3n sang h\u00ecnh th\u1ee9c l\u00e1i xe \u0111\u1ebfn l\u1ea5y \u0111\u1ed3 \u0103n \u0111\u1ec3 ti\u1ebfp t\u1ee5c mang ni\u1ec1m vui Gi\u00e1ng sinh \u0111\u1ebfn c\u1ed9ng \u0111\u1ed3ng.<br> T\u1ecda l\u1ea1c t\u1ea1i C\u00f4ng vi\u00ean L\u1ecbch s\u1eed San Jose, Ch\u01b0\u01a1ng tr\u00ecnh bi\u1ec3u di\u1ec5n \u00e1nh s\u00e1ng Drive Thru s\u1ebd khi\u1ebfn b\u1ea1n cho\u00e1ng ng\u1ee3p khi t\u1eeb t\u1eeb \u0111i qua c\u00e1c \u0111\u01b0\u1eddng h\u1ea7m \u00e1nh s\u00e1ng, nh\u1eefng t\u00f2a nh\u00e0 \u0111\u01b0\u1ee3c trang tr\u00ed v\u00e0 nh\u1eefng c\u00e2y k\u1eb9o que kh\u1ed5ng l\u1ed3 \u0111\u01b0\u1ee3c s\u1eafp x\u1ebfp theo nh\u1ea1c ng\u00e0y l\u1ec5.<\/p>\n\n\n\n<p>Ngo\u00e0i s\u1ef1 ki\u1ec7n tham quan mi\u1ec5n ph\u00ed t\u1ea1i trung t\u00e2m th\u00e0nh ph\u1ed1, Drive Thru l\u00e0 c\u01a1 h\u1ed9i \u0111\u1ec3 \u1ee7ng h\u1ed9 ch\u01b0\u01a1ng tr\u00ecnh Gi\u00e1ng sinh trong C\u00f4ng vi\u00ean v\u00e0 t\u1eadn h\u01b0\u1edfng m\u1ed9t truy\u1ec1n th\u1ed1ng ng\u00e0y l\u1ec5 m\u1edbi.<\/p>\n\n\n\n<p class=\"text-primary\"><strong>V\u00e9 s\u1ebd c\u00f3 th\u1ec3 mua v\u00e0o th\u00e1ng 8 n\u0103m 2024<\/strong><\/p>\n<\/div>\n\n\n\n<div class=\"wp-block-column is-vertically-aligned-center is-layout-flow wp-block-column-is-layout-flow\" style=\"flex-basis:33.33%\">\n<figure class=\"wp-block-image size-full shadow-m padding-3xs\"><img fetchpriority=\"high\" decoding=\"async\" width=\"960\" height=\"960\" src=\"http:\/\/christmasinthepark.com\/wp-content\/uploads\/2024\/03\/Drive_Thru_Logo.webp\" alt=\"Logo ch\u01b0\u01a1ng tr\u00ecnh bi\u1ec3u di\u1ec5n \u00e1nh s\u00e1ng Drive Thru\" class=\"wp-image-312\" srcset=\"https:\/\/christmasinthepark.com\/wp-content\/uploads\/2024\/03\/Drive_Thru_Logo.webp 960w, https:\/\/christmasinthepark.com\/wp-content\/uploads\/2024\/03\/Drive_Thru_Logo-300x300.webp 300w, https:\/\/christmasinthepark.com\/wp-content\/uploads\/2024\/03\/Drive_Thru_Logo-150x150.webp 150w, https:\/\/christmasinthepark.com\/wp-content\/uploads\/2024\/03\/Drive_Thru_Logo-768x768.webp 768w\" sizes=\"(max-width: 960px) 100vw, 960px\" \/><\/figure>\n<\/div>\n<\/div>\n\n\n\n<figure class=\"wp-block-gallery aligncenter has-nested-images columns-default is-cropped wp-block-gallery-1 is-layout-flex wp-block-gallery-is-layout-flex\">\n<figure data-wp-context=\"{&quot;imageId&quot;:&quot;69ebabdd763d4&quot;}\" data-wp-interactive=\"core\/image\" data-wp-key=\"69ebabdd763d4\" class=\"wp-block-image size-medium wp-lightbox-container\"><img decoding=\"async\" width=\"300\" height=\"200\" data-wp-class--hide=\"state.isContentHidden\" data-wp-class--show=\"state.isContentVisible\" data-wp-init=\"callbacks.setButtonStyles\" data-wp-on--click=\"actions.showLightbox\" data-wp-on--load=\"callbacks.setButtonStyles\" data-wp-on-window--resize=\"callbacks.setButtonStyles\" data-id=\"318\" src=\"http:\/\/christmasinthepark.com\/wp-content\/uploads\/2024\/03\/Christmas-in-the-Park-Drive-Thru-Light-Show-6-300x200.webp\" alt=\"Ch\u01b0\u01a1ng tr\u00ecnh bi\u1ec3u di\u1ec5n \u00e1nh s\u00e1ng Gi\u00e1ng sinh t\u1ea1i c\u00f4ng vi\u00ean Drive Thru\" class=\"wp-image-318\" srcset=\"https:\/\/christmasinthepark.com\/wp-content\/uploads\/2024\/03\/Christmas-in-the-Park-Drive-Thru-Light-Show-6-300x200.webp 300w, https:\/\/christmasinthepark.com\/wp-content\/uploads\/2024\/03\/Christmas-in-the-Park-Drive-Thru-Light-Show-6-768x512.webp 768w, https:\/\/christmasinthepark.com\/wp-content\/uploads\/2024\/03\/Christmas-in-the-Park-Drive-Thru-Light-Show-6.webp 836w\" sizes=\"(max-width: 300px) 100vw, 300px\" \/><button\n\t\t\tclass=\"lightbox-trigger\"\n\t\t\ttype=\"button\"\n\t\t\taria-haspopup=\"dialog\"\n\t\t\taria-label=\"Enlarge\"\n\t\t\tdata-wp-init=\"callbacks.initTriggerButton\"\n\t\t\tdata-wp-on--click=\"actions.showLightbox\"\n\t\t\tdata-wp-style--right=\"state.imageButtonRight\"\n\t\t\tdata-wp-style--top=\"state.imageButtonTop\"\n\t\t>\n\t\t\t<svg xmlns=\"http:\/\/www.w3.org\/2000\/svg\" width=\"12\" height=\"12\" fill=\"none\" viewBox=\"0 0 12 12\">\n\t\t\t\t<path fill=\"#fff\" d=\"M2 0a2 2 0 0 0-2 2v2h1.5V2a.5.5 0 0 1 .5-.5h2V0H2Zm2 10.5H2a.5.5 0 0 1-.5-.5V8H0v2a2 2 0 0 0 2 2h2v-1.5ZM8 12v-1.5h2a.5.5 0 0 0 .5-.5V8H12v2a2 2 0 0 1-2 2H8Zm2-12a2 2 0 0 1 2 2v2h-1.5V2a.5.5 0 0 0-.5-.5H8V0h2Z\" \/>\n\t\t\t<\/svg>\n\t\t<\/button><\/figure>\n\n\n\n<figure data-wp-context=\"{&quot;imageId&quot;:&quot;69ebabdd77de8&quot;}\" data-wp-interactive=\"core\/image\" data-wp-key=\"69ebabdd77de8\" class=\"wp-block-image size-medium wp-lightbox-container\"><img decoding=\"async\" width=\"300\" height=\"200\" data-wp-class--hide=\"state.isContentHidden\" data-wp-class--show=\"state.isContentVisible\" data-wp-init=\"callbacks.setButtonStyles\" data-wp-on--click=\"actions.showLightbox\" data-wp-on--load=\"callbacks.setButtonStyles\" data-wp-on-window--resize=\"callbacks.setButtonStyles\" data-id=\"313\" src=\"http:\/\/christmasinthepark.com\/wp-content\/uploads\/2024\/03\/Christmas-in-the-Park-Drive-Thru-Light-Show-1-300x200.webp\" alt=\"Ch\u01b0\u01a1ng tr\u00ecnh bi\u1ec3u di\u1ec5n \u00e1nh s\u00e1ng l\u00e1i xe qua c\u00f4ng vi\u00ean Gi\u00e1ng sinh l\u1ea7n th\u1ee9 1\" class=\"wp-image-313\" srcset=\"https:\/\/christmasinthepark.com\/wp-content\/uploads\/2024\/03\/Christmas-in-the-Park-Drive-Thru-Light-Show-1-300x200.webp 300w, https:\/\/christmasinthepark.com\/wp-content\/uploads\/2024\/03\/Christmas-in-the-Park-Drive-Thru-Light-Show-1-768x511.webp 768w, https:\/\/christmasinthepark.com\/wp-content\/uploads\/2024\/03\/Christmas-in-the-Park-Drive-Thru-Light-Show-1.webp 1000w\" sizes=\"(max-width: 300px) 100vw, 300px\" \/><button\n\t\t\tclass=\"lightbox-trigger\"\n\t\t\ttype=\"button\"\n\t\t\taria-haspopup=\"dialog\"\n\t\t\taria-label=\"Enlarge\"\n\t\t\tdata-wp-init=\"callbacks.initTriggerButton\"\n\t\t\tdata-wp-on--click=\"actions.showLightbox\"\n\t\t\tdata-wp-style--right=\"state.imageButtonRight\"\n\t\t\tdata-wp-style--top=\"state.imageButtonTop\"\n\t\t>\n\t\t\t<svg xmlns=\"http:\/\/www.w3.org\/2000\/svg\" width=\"12\" height=\"12\" fill=\"none\" viewBox=\"0 0 12 12\">\n\t\t\t\t<path fill=\"#fff\" d=\"M2 0a2 2 0 0 0-2 2v2h1.5V2a.5.5 0 0 1 .5-.5h2V0H2Zm2 10.5H2a.5.5 0 0 1-.5-.5V8H0v2a2 2 0 0 0 2 2h2v-1.5ZM8 12v-1.5h2a.5.5 0 0 0 .5-.5V8H12v2a2 2 0 0 1-2 2H8Zm2-12a2 2 0 0 1 2 2v2h-1.5V2a.5.5 0 0 0-.5-.5H8V0h2Z\" \/>\n\t\t\t<\/svg>\n\t\t<\/button><\/figure>\n\n\n\n<figure data-wp-context=\"{&quot;imageId&quot;:&quot;69ebabdd796f7&quot;}\" data-wp-interactive=\"core\/image\" data-wp-key=\"69ebabdd796f7\" class=\"wp-block-image size-medium wp-lightbox-container\"><img loading=\"lazy\" decoding=\"async\" width=\"300\" height=\"200\" data-wp-class--hide=\"state.isContentHidden\" data-wp-class--show=\"state.isContentVisible\" data-wp-init=\"callbacks.setButtonStyles\" data-wp-on--click=\"actions.showLightbox\" data-wp-on--load=\"callbacks.setButtonStyles\" data-wp-on-window--resize=\"callbacks.setButtonStyles\" data-id=\"317\" src=\"http:\/\/christmasinthepark.com\/wp-content\/uploads\/2024\/03\/Christmas-in-the-Park-Drive-Thru-Light-Show-5-300x200.webp\" alt=\"Ch\u01b0\u01a1ng tr\u00ecnh bi\u1ec3u di\u1ec5n \u00e1nh s\u00e1ng Gi\u00e1ng sinh t\u1ea1i c\u00f4ng vi\u00ean Drive Thru 5\" class=\"wp-image-317\" srcset=\"https:\/\/christmasinthepark.com\/wp-content\/uploads\/2024\/03\/Christmas-in-the-Park-Drive-Thru-Light-Show-5-300x200.webp 300w, https:\/\/christmasinthepark.com\/wp-content\/uploads\/2024\/03\/Christmas-in-the-Park-Drive-Thru-Light-Show-5-768x511.webp 768w, https:\/\/christmasinthepark.com\/wp-content\/uploads\/2024\/03\/Christmas-in-the-Park-Drive-Thru-Light-Show-5.webp 1000w\" sizes=\"(max-width: 300px) 100vw, 300px\" \/><button\n\t\t\tclass=\"lightbox-trigger\"\n\t\t\ttype=\"button\"\n\t\t\taria-haspopup=\"dialog\"\n\t\t\taria-label=\"Enlarge\"\n\t\t\tdata-wp-init=\"callbacks.initTriggerButton\"\n\t\t\tdata-wp-on--click=\"actions.showLightbox\"\n\t\t\tdata-wp-style--right=\"state.imageButtonRight\"\n\t\t\tdata-wp-style--top=\"state.imageButtonTop\"\n\t\t>\n\t\t\t<svg xmlns=\"http:\/\/www.w3.org\/2000\/svg\" width=\"12\" height=\"12\" fill=\"none\" viewBox=\"0 0 12 12\">\n\t\t\t\t<path fill=\"#fff\" d=\"M2 0a2 2 0 0 0-2 2v2h1.5V2a.5.5 0 0 1 .5-.5h2V0H2Zm2 10.5H2a.5.5 0 0 1-.5-.5V8H0v2a2 2 0 0 0 2 2h2v-1.5ZM8 12v-1.5h2a.5.5 0 0 0 .5-.5V8H12v2a2 2 0 0 1-2 2H8Zm2-12a2 2 0 0 1 2 2v2h-1.5V2a.5.5 0 0 0-.5-.5H8V0h2Z\" \/>\n\t\t\t<\/svg>\n\t\t<\/button><\/figure>\n\n\n\n<figure data-wp-context=\"{&quot;imageId&quot;:&quot;69ebabdd7b4a3&quot;}\" data-wp-interactive=\"core\/image\" data-wp-key=\"69ebabdd7b4a3\" class=\"wp-block-image size-medium wp-lightbox-container\"><img loading=\"lazy\" decoding=\"async\" width=\"300\" height=\"200\" data-wp-class--hide=\"state.isContentHidden\" data-wp-class--show=\"state.isContentVisible\" data-wp-init=\"callbacks.setButtonStyles\" data-wp-on--click=\"actions.showLightbox\" data-wp-on--load=\"callbacks.setButtonStyles\" data-wp-on-window--resize=\"callbacks.setButtonStyles\" data-id=\"314\" src=\"http:\/\/christmasinthepark.com\/wp-content\/uploads\/2024\/03\/Christmas-in-the-Park-Drive-Thru-Light-Show-2-300x200.webp\" alt=\"Ch\u01b0\u01a1ng tr\u00ecnh bi\u1ec3u di\u1ec5n \u00e1nh s\u00e1ng Gi\u00e1ng sinh trong c\u00f4ng vi\u00ean Drive Thru 2\" class=\"wp-image-314\" srcset=\"https:\/\/christmasinthepark.com\/wp-content\/uploads\/2024\/03\/Christmas-in-the-Park-Drive-Thru-Light-Show-2-300x200.webp 300w, https:\/\/christmasinthepark.com\/wp-content\/uploads\/2024\/03\/Christmas-in-the-Park-Drive-Thru-Light-Show-2-768x511.webp 768w, https:\/\/christmasinthepark.com\/wp-content\/uploads\/2024\/03\/Christmas-in-the-Park-Drive-Thru-Light-Show-2.webp 1000w\" sizes=\"(max-width: 300px) 100vw, 300px\" \/><button\n\t\t\tclass=\"lightbox-trigger\"\n\t\t\ttype=\"button\"\n\t\t\taria-haspopup=\"dialog\"\n\t\t\taria-label=\"Enlarge\"\n\t\t\tdata-wp-init=\"callbacks.initTriggerButton\"\n\t\t\tdata-wp-on--click=\"actions.showLightbox\"\n\t\t\tdata-wp-style--right=\"state.imageButtonRight\"\n\t\t\tdata-wp-style--top=\"state.imageButtonTop\"\n\t\t>\n\t\t\t<svg xmlns=\"http:\/\/www.w3.org\/2000\/svg\" width=\"12\" height=\"12\" fill=\"none\" viewBox=\"0 0 12 12\">\n\t\t\t\t<path fill=\"#fff\" d=\"M2 0a2 2 0 0 0-2 2v2h1.5V2a.5.5 0 0 1 .5-.5h2V0H2Zm2 10.5H2a.5.5 0 0 1-.5-.5V8H0v2a2 2 0 0 0 2 2h2v-1.5ZM8 12v-1.5h2a.5.5 0 0 0 .5-.5V8H12v2a2 2 0 0 1-2 2H8Zm2-12a2 2 0 0 1 2 2v2h-1.5V2a.5.5 0 0 0-.5-.5H8V0h2Z\" \/>\n\t\t\t<\/svg>\n\t\t<\/button><\/figure>\n\n\n\n<figure data-wp-context=\"{&quot;imageId&quot;:&quot;69ebabdd7cf90&quot;}\" data-wp-interactive=\"core\/image\" data-wp-key=\"69ebabdd7cf90\" class=\"wp-block-image size-medium wp-lightbox-container\"><img loading=\"lazy\" decoding=\"async\" width=\"300\" height=\"200\" data-wp-class--hide=\"state.isContentHidden\" data-wp-class--show=\"state.isContentVisible\" data-wp-init=\"callbacks.setButtonStyles\" data-wp-on--click=\"actions.showLightbox\" data-wp-on--load=\"callbacks.setButtonStyles\" data-wp-on-window--resize=\"callbacks.setButtonStyles\" data-id=\"316\" src=\"http:\/\/christmasinthepark.com\/wp-content\/uploads\/2024\/03\/Christmas-in-the-Park-Drive-Thru-Light-Show-4-300x200.webp\" alt=\"Ch\u01b0\u01a1ng tr\u00ecnh bi\u1ec3u di\u1ec5n \u00e1nh s\u00e1ng Gi\u00e1ng sinh t\u1ea1i c\u00f4ng vi\u00ean Drive Thru\" class=\"wp-image-316\" srcset=\"https:\/\/christmasinthepark.com\/wp-content\/uploads\/2024\/03\/Christmas-in-the-Park-Drive-Thru-Light-Show-4-300x200.webp 300w, https:\/\/christmasinthepark.com\/wp-content\/uploads\/2024\/03\/Christmas-in-the-Park-Drive-Thru-Light-Show-4-768x511.webp 768w, https:\/\/christmasinthepark.com\/wp-content\/uploads\/2024\/03\/Christmas-in-the-Park-Drive-Thru-Light-Show-4.webp 1000w\" sizes=\"(max-width: 300px) 100vw, 300px\" \/><button\n\t\t\tclass=\"lightbox-trigger\"\n\t\t\ttype=\"button\"\n\t\t\taria-haspopup=\"dialog\"\n\t\t\taria-label=\"Enlarge\"\n\t\t\tdata-wp-init=\"callbacks.initTriggerButton\"\n\t\t\tdata-wp-on--click=\"actions.showLightbox\"\n\t\t\tdata-wp-style--right=\"state.imageButtonRight\"\n\t\t\tdata-wp-style--top=\"state.imageButtonTop\"\n\t\t>\n\t\t\t<svg xmlns=\"http:\/\/www.w3.org\/2000\/svg\" width=\"12\" height=\"12\" fill=\"none\" viewBox=\"0 0 12 12\">\n\t\t\t\t<path fill=\"#fff\" d=\"M2 0a2 2 0 0 0-2 2v2h1.5V2a.5.5 0 0 1 .5-.5h2V0H2Zm2 10.5H2a.5.5 0 0 1-.5-.5V8H0v2a2 2 0 0 0 2 2h2v-1.5ZM8 12v-1.5h2a.5.5 0 0 0 .5-.5V8H12v2a2 2 0 0 1-2 2H8Zm2-12a2 2 0 0 1 2 2v2h-1.5V2a.5.5 0 0 0-.5-.5H8V0h2Z\" \/>\n\t\t\t<\/svg>\n\t\t<\/button><\/figure>\n\n\n\n<figure data-wp-context=\"{&quot;imageId&quot;:&quot;69ebabdd7e980&quot;}\" data-wp-interactive=\"core\/image\" data-wp-key=\"69ebabdd7e980\" class=\"wp-block-image size-medium wp-lightbox-container\"><img loading=\"lazy\" decoding=\"async\" width=\"300\" height=\"200\" data-wp-class--hide=\"state.isContentHidden\" data-wp-class--show=\"state.isContentVisible\" data-wp-init=\"callbacks.setButtonStyles\" data-wp-on--click=\"actions.showLightbox\" data-wp-on--load=\"callbacks.setButtonStyles\" data-wp-on-window--resize=\"callbacks.setButtonStyles\" data-id=\"315\" src=\"http:\/\/christmasinthepark.com\/wp-content\/uploads\/2024\/03\/Christmas-in-the-Park-Drive-Thru-Light-Show-3-300x200.webp\" alt=\"Ch\u01b0\u01a1ng tr\u00ecnh bi\u1ec3u di\u1ec5n \u00e1nh s\u00e1ng Gi\u00e1ng sinh t\u1ea1i c\u00f4ng vi\u00ean Drive Thru\" class=\"wp-image-315\" srcset=\"https:\/\/christmasinthepark.com\/wp-content\/uploads\/2024\/03\/Christmas-in-the-Park-Drive-Thru-Light-Show-3-300x200.webp 300w, https:\/\/christmasinthepark.com\/wp-content\/uploads\/2024\/03\/Christmas-in-the-Park-Drive-Thru-Light-Show-3-768x511.webp 768w, https:\/\/christmasinthepark.com\/wp-content\/uploads\/2024\/03\/Christmas-in-the-Park-Drive-Thru-Light-Show-3.webp 1000w\" sizes=\"(max-width: 300px) 100vw, 300px\" \/><button\n\t\t\tclass=\"lightbox-trigger\"\n\t\t\ttype=\"button\"\n\t\t\taria-haspopup=\"dialog\"\n\t\t\taria-label=\"Enlarge\"\n\t\t\tdata-wp-init=\"callbacks.initTriggerButton\"\n\t\t\tdata-wp-on--click=\"actions.showLightbox\"\n\t\t\tdata-wp-style--right=\"state.imageButtonRight\"\n\t\t\tdata-wp-style--top=\"state.imageButtonTop\"\n\t\t>\n\t\t\t<svg xmlns=\"http:\/\/www.w3.org\/2000\/svg\" width=\"12\" height=\"12\" fill=\"none\" viewBox=\"0 0 12 12\">\n\t\t\t\t<path fill=\"#fff\" d=\"M2 0a2 2 0 0 0-2 2v2h1.5V2a.5.5 0 0 1 .5-.5h2V0H2Zm2 10.5H2a.5.5 0 0 1-.5-.5V8H0v2a2 2 0 0 0 2 2h2v-1.5ZM8 12v-1.5h2a.5.5 0 0 0 .5-.5V8H12v2a2 2 0 0 1-2 2H8Zm2-12a2 2 0 0 1 2 2v2h-1.5V2a.5.5 0 0 0-.5-.5H8V0h2Z\" \/>\n\t\t\t<\/svg>\n\t\t<\/button><\/figure>\n<\/figure>\n\n\n\n<h4 class=\"wp-block-heading margin-bottom-l\">C\u1ea3m \u01a1n c\u00e1c nh\u00e0 t\u00e0i tr\u1ee3!<\/h4>\n\n\n<p>[sponsors category=&#8221;drive-thru-light-show&#8221;]<\/p>\n","protected":false},"excerpt":{"rendered":"<p>Ch\u01b0\u01a1ng tr\u00ecnh tr\u00ecnh di\u1ec5n \u00e1nh s\u00e1ng Drive Thru c\u1ee7a ch\u00fang t\u00f4i hi\u1ec7n \u0111\u00e3 \u0111\u00f3ng c\u1eeda. \u0110\u01b0\u1ee3c th\u00e0nh l\u1eadp v\u00e0 x\u00e2y d\u1ef1ng v\u00e0o n\u0103m 2020 trong th\u1eddi k\u1ef3 \u0111\u1ea1i d\u1ecbch to\u00e0n c\u1ea7u, Christmas in the Park \u0111\u00e3 chuy\u1ec3n sang h\u00ecnh th\u1ee9c l\u00e1i xe \u0111\u1ebfn l\u1ea5y \u0111\u1ed3 \u0103n \u0111\u1ec3 ti\u1ebfp t\u1ee5c mang ni\u1ec1m vui Gi\u00e1ng sinh \u0111\u1ebfn [&hellip;]<\/p>\n","protected":false},"author":4,"featured_media":6533,"parent":4996,"menu_order":0,"comment_status":"closed","ping_status":"closed","template":"","meta":{"footnotes":""},"class_list":["post-5299","page","type-page","status-publish","has-post-thumbnail","hentry"],"acpt":{"meta":[]},"yoast_head":"<!-- This site is optimized with the Yoast SEO plugin v27.0 - https:\/\/yoast.com\/product\/yoast-seo-wordpress\/ -->\n<title>Ch\u01b0\u01a1ng tr\u00ecnh bi\u1ec3u di\u1ec5n \u00e1nh s\u00e1ng Drive Thru - Christmas in the Park<\/title>\n<meta name=\"robots\" content=\"index, follow, max-snippet:-1, max-image-preview:large, max-video-preview:-1\" \/>\n<link rel=\"canonical\" href=\"https:\/\/christmasinthepark.com\/vi\/su-kien\/chuong-trinh-bieu-dien-anh-sang-drive-thru\/\" \/>\n<meta property=\"og:locale\" content=\"vi_VN\" \/>\n<meta property=\"og:type\" content=\"article\" \/>\n<meta property=\"og:title\" content=\"Ch\u01b0\u01a1ng tr\u00ecnh bi\u1ec3u di\u1ec5n \u00e1nh s\u00e1ng Drive Thru - Christmas in the Park\" \/>\n<meta property=\"og:description\" content=\"Ch\u01b0\u01a1ng tr\u00ecnh tr\u00ecnh di\u1ec5n \u00e1nh s\u00e1ng Drive Thru c\u1ee7a ch\u00fang t\u00f4i hi\u1ec7n \u0111\u00e3 \u0111\u00f3ng c\u1eeda. \u0110\u01b0\u1ee3c th\u00e0nh l\u1eadp v\u00e0 x\u00e2y d\u1ef1ng v\u00e0o n\u0103m 2020 trong th\u1eddi k\u1ef3 \u0111\u1ea1i d\u1ecbch to\u00e0n c\u1ea7u, Christmas in the Park \u0111\u00e3 chuy\u1ec3n sang h\u00ecnh th\u1ee9c l\u00e1i xe \u0111\u1ebfn l\u1ea5y \u0111\u1ed3 \u0103n \u0111\u1ec3 ti\u1ebfp t\u1ee5c mang ni\u1ec1m vui Gi\u00e1ng sinh \u0111\u1ebfn [&hellip;]\" \/>\n<meta property=\"og:url\" content=\"https:\/\/christmasinthepark.com\/vi\/su-kien\/chuong-trinh-bieu-dien-anh-sang-drive-thru\/\" \/>\n<meta property=\"og:site_name\" content=\"Christmas in the Park\" \/>\n<meta property=\"article:modified_time\" content=\"2024-11-12T10:14:58+00:00\" \/>\n<meta property=\"og:image\" content=\"https:\/\/christmasinthepark.com\/wp-content\/uploads\/2024\/09\/Drive-Thru-Home-Page.webp\" \/>\n\t<meta property=\"og:image:width\" content=\"486\" \/>\n\t<meta property=\"og:image:height\" content=\"486\" \/>\n\t<meta property=\"og:image:type\" content=\"image\/webp\" \/>\n<meta name=\"twitter:card\" content=\"summary_large_image\" \/>\n<meta name=\"twitter:label1\" content=\"Est. reading time\" \/>\n\t<meta name=\"twitter:data1\" content=\"1 minute\" \/>\n<script type=\"application\/ld+json\" class=\"yoast-schema-graph\">{\"@context\":\"https:\/\/schema.org\",\"@graph\":[{\"@type\":\"WebPage\",\"@id\":\"https:\/\/christmasinthepark.com\/vi\/su-kien\/chuong-trinh-bieu-dien-anh-sang-drive-thru\/\",\"url\":\"https:\/\/christmasinthepark.com\/vi\/su-kien\/chuong-trinh-bieu-dien-anh-sang-drive-thru\/\",\"name\":\"Ch\u01b0\u01a1ng tr\u00ecnh bi\u1ec3u di\u1ec5n \u00e1nh s\u00e1ng Drive Thru - Christmas in the Park\",\"isPartOf\":{\"@id\":\"https:\/\/christmasinthepark.com\/vi\/#website\"},\"primaryImageOfPage\":{\"@id\":\"https:\/\/christmasinthepark.com\/vi\/su-kien\/chuong-trinh-bieu-dien-anh-sang-drive-thru\/#primaryimage\"},\"image\":{\"@id\":\"https:\/\/christmasinthepark.com\/vi\/su-kien\/chuong-trinh-bieu-dien-anh-sang-drive-thru\/#primaryimage\"},\"thumbnailUrl\":\"https:\/\/christmasinthepark.com\/wp-content\/uploads\/2024\/09\/Drive-Thru-Home-Page.webp\",\"datePublished\":\"2024-03-10T13:30:53+00:00\",\"dateModified\":\"2024-11-12T10:14:58+00:00\",\"breadcrumb\":{\"@id\":\"https:\/\/christmasinthepark.com\/vi\/su-kien\/chuong-trinh-bieu-dien-anh-sang-drive-thru\/#breadcrumb\"},\"inLanguage\":\"vi-VN\",\"potentialAction\":[{\"@type\":\"ReadAction\",\"target\":[\"https:\/\/christmasinthepark.com\/vi\/su-kien\/chuong-trinh-bieu-dien-anh-sang-drive-thru\/\"]}]},{\"@type\":\"ImageObject\",\"inLanguage\":\"vi-VN\",\"@id\":\"https:\/\/christmasinthepark.com\/vi\/su-kien\/chuong-trinh-bieu-dien-anh-sang-drive-thru\/#primaryimage\",\"url\":\"https:\/\/christmasinthepark.com\/wp-content\/uploads\/2024\/09\/Drive-Thru-Home-Page.webp\",\"contentUrl\":\"https:\/\/christmasinthepark.com\/wp-content\/uploads\/2024\/09\/Drive-Thru-Home-Page.webp\",\"width\":486,\"height\":486},{\"@type\":\"BreadcrumbList\",\"@id\":\"https:\/\/christmasinthepark.com\/vi\/su-kien\/chuong-trinh-bieu-dien-anh-sang-drive-thru\/#breadcrumb\",\"itemListElement\":[{\"@type\":\"ListItem\",\"position\":1,\"name\":\"Home\",\"item\":\"https:\/\/christmasinthepark.com\/vi\/nha-moi\/\"},{\"@type\":\"ListItem\",\"position\":2,\"name\":\"S\u1ef1 ki\u1ec7n\",\"item\":\"https:\/\/christmasinthepark.com\/vi\/su-kien\/\"},{\"@type\":\"ListItem\",\"position\":3,\"name\":\"Ch\u01b0\u01a1ng tr\u00ecnh bi\u1ec3u di\u1ec5n \u00e1nh s\u00e1ng Drive Thru\"}]},{\"@type\":\"WebSite\",\"@id\":\"https:\/\/christmasinthepark.com\/vi\/#website\",\"url\":\"https:\/\/christmasinthepark.com\/vi\/\",\"name\":\"Christmas in the Park\",\"description\":\"Festivity, Lights, and Community Spirit\",\"potentialAction\":[{\"@type\":\"SearchAction\",\"target\":{\"@type\":\"EntryPoint\",\"urlTemplate\":\"https:\/\/christmasinthepark.com\/vi\/?s={search_term_string}\"},\"query-input\":{\"@type\":\"PropertyValueSpecification\",\"valueRequired\":true,\"valueName\":\"search_term_string\"}}],\"inLanguage\":\"vi-VN\"}]}<\/script>\n<!-- \/ Yoast SEO plugin. -->","yoast_head_json":{"title":"Ch\u01b0\u01a1ng tr\u00ecnh bi\u1ec3u di\u1ec5n \u00e1nh s\u00e1ng Drive Thru - Christmas in the Park","robots":{"index":"index","follow":"follow","max-snippet":"max-snippet:-1","max-image-preview":"max-image-preview:large","max-video-preview":"max-video-preview:-1"},"canonical":"https:\/\/christmasinthepark.com\/vi\/su-kien\/chuong-trinh-bieu-dien-anh-sang-drive-thru\/","og_locale":"vi_VN","og_type":"article","og_title":"Ch\u01b0\u01a1ng tr\u00ecnh bi\u1ec3u di\u1ec5n \u00e1nh s\u00e1ng Drive Thru - Christmas in the Park","og_description":"Ch\u01b0\u01a1ng tr\u00ecnh tr\u00ecnh di\u1ec5n \u00e1nh s\u00e1ng Drive Thru c\u1ee7a ch\u00fang t\u00f4i hi\u1ec7n \u0111\u00e3 \u0111\u00f3ng c\u1eeda. \u0110\u01b0\u1ee3c th\u00e0nh l\u1eadp v\u00e0 x\u00e2y d\u1ef1ng v\u00e0o n\u0103m 2020 trong th\u1eddi k\u1ef3 \u0111\u1ea1i d\u1ecbch to\u00e0n c\u1ea7u, Christmas in the Park \u0111\u00e3 chuy\u1ec3n sang h\u00ecnh th\u1ee9c l\u00e1i xe \u0111\u1ebfn l\u1ea5y \u0111\u1ed3 \u0103n \u0111\u1ec3 ti\u1ebfp t\u1ee5c mang ni\u1ec1m vui Gi\u00e1ng sinh \u0111\u1ebfn [&hellip;]","og_url":"https:\/\/christmasinthepark.com\/vi\/su-kien\/chuong-trinh-bieu-dien-anh-sang-drive-thru\/","og_site_name":"Christmas in the Park","article_modified_time":"2024-11-12T10:14:58+00:00","og_image":[{"width":486,"height":486,"url":"https:\/\/christmasinthepark.com\/wp-content\/uploads\/2024\/09\/Drive-Thru-Home-Page.webp","type":"image\/webp"}],"twitter_card":"summary_large_image","twitter_misc":{"Est. reading time":"1 minute"},"schema":{"@context":"https:\/\/schema.org","@graph":[{"@type":"WebPage","@id":"https:\/\/christmasinthepark.com\/vi\/su-kien\/chuong-trinh-bieu-dien-anh-sang-drive-thru\/","url":"https:\/\/christmasinthepark.com\/vi\/su-kien\/chuong-trinh-bieu-dien-anh-sang-drive-thru\/","name":"Ch\u01b0\u01a1ng tr\u00ecnh bi\u1ec3u di\u1ec5n \u00e1nh s\u00e1ng Drive Thru - Christmas in the Park","isPartOf":{"@id":"https:\/\/christmasinthepark.com\/vi\/#website"},"primaryImageOfPage":{"@id":"https:\/\/christmasinthepark.com\/vi\/su-kien\/chuong-trinh-bieu-dien-anh-sang-drive-thru\/#primaryimage"},"image":{"@id":"https:\/\/christmasinthepark.com\/vi\/su-kien\/chuong-trinh-bieu-dien-anh-sang-drive-thru\/#primaryimage"},"thumbnailUrl":"https:\/\/christmasinthepark.com\/wp-content\/uploads\/2024\/09\/Drive-Thru-Home-Page.webp","datePublished":"2024-03-10T13:30:53+00:00","dateModified":"2024-11-12T10:14:58+00:00","breadcrumb":{"@id":"https:\/\/christmasinthepark.com\/vi\/su-kien\/chuong-trinh-bieu-dien-anh-sang-drive-thru\/#breadcrumb"},"inLanguage":"vi-VN","potentialAction":[{"@type":"ReadAction","target":["https:\/\/christmasinthepark.com\/vi\/su-kien\/chuong-trinh-bieu-dien-anh-sang-drive-thru\/"]}]},{"@type":"ImageObject","inLanguage":"vi-VN","@id":"https:\/\/christmasinthepark.com\/vi\/su-kien\/chuong-trinh-bieu-dien-anh-sang-drive-thru\/#primaryimage","url":"https:\/\/christmasinthepark.com\/wp-content\/uploads\/2024\/09\/Drive-Thru-Home-Page.webp","contentUrl":"https:\/\/christmasinthepark.com\/wp-content\/uploads\/2024\/09\/Drive-Thru-Home-Page.webp","width":486,"height":486},{"@type":"BreadcrumbList","@id":"https:\/\/christmasinthepark.com\/vi\/su-kien\/chuong-trinh-bieu-dien-anh-sang-drive-thru\/#breadcrumb","itemListElement":[{"@type":"ListItem","position":1,"name":"Home","item":"https:\/\/christmasinthepark.com\/vi\/nha-moi\/"},{"@type":"ListItem","position":2,"name":"S\u1ef1 ki\u1ec7n","item":"https:\/\/christmasinthepark.com\/vi\/su-kien\/"},{"@type":"ListItem","position":3,"name":"Ch\u01b0\u01a1ng tr\u00ecnh bi\u1ec3u di\u1ec5n \u00e1nh s\u00e1ng Drive Thru"}]},{"@type":"WebSite","@id":"https:\/\/christmasinthepark.com\/vi\/#website","url":"https:\/\/christmasinthepark.com\/vi\/","name":"Christmas in the Park","description":"Festivity, Lights, and Community Spirit","potentialAction":[{"@type":"SearchAction","target":{"@type":"EntryPoint","urlTemplate":"https:\/\/christmasinthepark.com\/vi\/?s={search_term_string}"},"query-input":{"@type":"PropertyValueSpecification","valueRequired":true,"valueName":"search_term_string"}}],"inLanguage":"vi-VN"}]}},"_links":{"self":[{"href":"https:\/\/christmasinthepark.com\/vi\/wp-json\/wp\/v2\/pages\/5299","targetHints":{"allow":["GET"]}}],"collection":[{"href":"https:\/\/christmasinthepark.com\/vi\/wp-json\/wp\/v2\/pages"}],"about":[{"href":"https:\/\/christmasinthepark.com\/vi\/wp-json\/wp\/v2\/types\/page"}],"author":[{"embeddable":true,"href":"https:\/\/christmasinthepark.com\/vi\/wp-json\/wp\/v2\/users\/4"}],"replies":[{"embeddable":true,"href":"https:\/\/christmasinthepark.com\/vi\/wp-json\/wp\/v2\/comments?post=5299"}],"version-history":[{"count":0,"href":"https:\/\/christmasinthepark.com\/vi\/wp-json\/wp\/v2\/pages\/5299\/revisions"}],"up":[{"embeddable":true,"href":"https:\/\/christmasinthepark.com\/vi\/wp-json\/wp\/v2\/pages\/4996"}],"wp:featuredmedia":[{"embeddable":true,"href":"https:\/\/christmasinthepark.com\/vi\/wp-json\/wp\/v2\/media\/6533"}],"wp:attachment":[{"href":"https:\/\/christmasinthepark.com\/vi\/wp-json\/wp\/v2\/media?parent=5299"}],"curies":[{"name":"wp","href":"https:\/\/api.w.org\/{rel}","templated":true}]}}