{"id":5306,"date":"2024-03-10T06:30:53","date_gmt":"2024-03-10T13:30:53","guid":{"rendered":"http:\/\/christmasinthepark.com\/su-kien\/cong-vien-trung-tam-thanh-pho\/"},"modified":"2026-04-14T09:51:29","modified_gmt":"2026-04-14T16:51:29","slug":"cong-vien-trung-tam-thanh-pho","status":"publish","type":"page","link":"https:\/\/christmasinthepark.com\/vi\/su-kien\/cong-vien-trung-tam-thanh-pho\/","title":{"rendered":"Tr\u1ea3i nghi\u1ec7m C\u00f4ng vi\u00ean trung t\u00e2m th\u00e0nh ph\u1ed1"},"content":{"rendered":"\n<style>article.wordpress#brx-content { padding: 0 !important; max-width: 100% !important; }\narticle#brx-content > h1 { display: none !important; }\n.brxe-breadcrumbs, #brxe-rtcujs { display: none !important; }\n.citp-page { font-family: \"Figtree\", \"Lato\", system-ui, sans-serif; color: #1a1a1a; }\n.citp-page .hero { position: relative; min-height: 300px; display: flex; align-items: center; justify-content: center; text-align: center; padding: 80px 24px; background-size: cover; background-position: center; }\n.citp-page .hero::before { content: ''; position: absolute; inset: 0; background: linear-gradient(180deg, rgba(13,59,30,0.85) 0%, rgba(13,59,30,0.7) 100%); }\n.citp-page .hero-content { position: relative; z-index: 1; max-width: 700px; }\n.citp-page .hero h1 { color: #d4af37; font-size: clamp(30px, 5vw, 46px); font-weight: 800; margin: 0 0 12px; line-height: 1.15; }\n.citp-page .hero .tagline { color: rgba(255,255,255,0.8); font-size: clamp(16px, 2.5vw, 20px); line-height: 1.6; margin: 0; }\n.citp-page .content-body { max-width: 800px; margin: 0 auto; padding: 48px 24px; }\n.citp-page .content-body h2, .citp-page .content-body h3 { color: #0d3b1e; font-weight: 800; }\n.citp-page .content-body p { font-size: 16px; line-height: 1.7; color: #333; }\n.citp-page .content-body a { color: #0d3b1e; font-weight: 600; }\n.citp-page .content-body a:hover { color: #d4af37; }\n.citp-page .content-body img { border-radius: 12px; margin: 16px 0; }\n.citp-page .content-body figure { margin: 24px 0; }\n.citp-page .content-body figcaption { font-size: 13px; color: #777; text-align: center; margin-top: 8px; }\n.citp-page .cta-block { background: #0d3b1e; padding: 56px 24px; text-align: center; }\n.citp-page .cta-block h2 { color: #d4af37; font-size: clamp(24px, 4vw, 32px); margin: 0 0 12px; }\n.citp-page .cta-block p { color: rgba(255,255,255,0.7); font-size: 16px; max-width: 560px; margin: 0 auto 24px; line-height: 1.6; }\n.citp-page .cta-block .btn { display: inline-block; background: linear-gradient(135deg, #d4af37, #e8c84a, #d4af37); color: #0d3b1e; padding: 16px 40px; border-radius: 50px; font-size: 16px; font-weight: 800; text-decoration: none; text-transform: uppercase; box-shadow: 0 4px 16px rgba(212,175,55,0.25); transition: transform 0.2s; }\n.citp-page .cta-block .btn:hover { transform: translateY(-2px); }\n@media (max-width: 600px) { .citp-page .hero { min-height: 260px; padding: 60px 20px; } .citp-page .content-body { padding: 36px 20px; } }\n<\/style><div class=\"citp-page\"><div class=\"hero\" style=\"background-image: url('https:\/\/christmasinthepark.com\/wp-content\/uploads\/2026\/04\/citp-hero-story.jpg')\"><div class=\"hero-content\"><h1>Downtown Park Experience<\/h1><p class=\"tagline\">Walk through the magic in the heart of downtown San Jos\u00e9.<\/p><\/div><\/div><div class=\"content-body\"><\/div><\/div>\n<div class=\"wp-block-columns display-none is-layout-flex wp-container-core-columns-is-layout-9d6595d7 wp-block-columns-is-layout-flex\">\n<div class=\"wp-block-column is-layout-flow wp-block-column-is-layout-flow\">\n<p><strong>Ch\u1ee7 nh\u1eadt, ng\u00e0y 8 th\u00e1ng 12, t\u1eeb 10 gi\u1edd s\u00e1ng \u0111\u1ebfn 2 gi\u1edd chi\u1ec1u &#8211; M\u1edf c\u1eeda cho ng\u01b0\u1eddi khuy\u1ebft t\u1eadt v\u00e0o Ch\u1ee7 nh\u1eadt.<\/strong><br\/> <em>D\u1ef1 \u00e1n n\u00e0y \u0111\u01b0\u1ee3c th\u1ef1c hi\u1ec7n nh\u1edd s\u1ef1 \u0111\u00f3ng g\u00f3p h\u00e0o ph\u00f3ng t\u1eeb Valeta v\u00e0 TJ Rodgers.<\/em><br\/> &#8211; M\u1ed9t s\u1ef1 ki\u1ec7n mi\u1ec5n ph\u00ed d\u00e0nh ri\u00eang cho c\u00e1c gia \u0111\u00ecnh c\u00f3 nhu c\u1ea7u kh\u00e1c nhau, ch\u1ec9 d\u00e0nh cho kh\u00e1ch m\u1eddi.<\/p>\n\n\n\n<p><strong>Th\u1ee9 b\u1ea3y, ng\u00e0y 14 th\u00e1ng 12<\/strong><br\/> &#8211; Ch\u01b0\u01a1ng tr\u00ecnh Toys for Tots Stuff the Bus, v\u1edbi s\u1ef1 h\u1ed7 tr\u1ee3 h\u00e0o ph\u00f3ng t\u1eeb VTA, Th\u1ee7y qu\u00e2n l\u1ee5c chi\u1ebfn v\u00e0 c\u00e1c h\u01b0\u1edbng \u0111\u1ea1o sinh \u0111\u1ecba ph\u01b0\u01a1ng.<br\/> &#8211; Ch\u01b0\u01a1ng tr\u00ecnh g\u1eb7p g\u1ee1 th\u00fa c\u01b0ng v\u1edbi \u00f4ng gi\u00e0 Noel t\u1eeb 10 gi\u1edd s\u00e1ng \u0111\u1ebfn 12 gi\u1edd tr\u01b0a.<br\/><\/p>\n<\/div>\n<\/div>\n\n<div class=\"wp-block-columns is-layout-flex wp-container-core-columns-is-layout-9d6595d7 wp-block-columns-is-layout-flex\">\n<div class=\"wp-block-column is-layout-flow wp-block-column-is-layout-flow\" style=\"flex-basis:66.66%\">\n<h3 class=\"wp-block-heading text-xl\">L\u1ec5 Gi\u00e1ng sinh \u1edf c\u00f4ng vi\u00ean l\u00e0 g\u00ec?<\/h3>\n\n\n\n<p>L\u1ec5 h\u1ed9i Gi\u00e1ng sinh trong c\u00f4ng vi\u00ean l\u00e0 m\u1ed9t truy\u1ec1n th\u1ed1ng th\u01b0\u1eddng ni\u00ean di\u1ec5n ra t\u1ea1i trung t\u00e2m th\u00e0nh ph\u1ed1 San Jos\u00e9, \u1edf qu\u1ea3ng tr\u01b0\u1eddng Cesar Chavez. Trong su\u1ed1t 43 n\u0103m qua, c\u00f4ng vi\u00ean \u0111\u00e3 quy t\u1ee5 ng\u01b0\u1eddi d\u00e2n t\u1eeb kh\u1eafp v\u00f9ng V\u1ecbnh San Francisco trong m\u00f9a l\u1ec5 h\u1ed9i. <\/p>\n\n\n\n<p>H\u00e0ng n\u0103m, c\u00f4ng vi\u00ean r\u1ed9ng hai m\u1eabu Anh n\u00e0y \u0111\u01b0\u1ee3c bi\u1ebfn th\u00e0nh m\u1ed9t x\u1ee9 s\u1edf th\u1ea7n ti\u00ean m\u00f9a l\u1ec5 h\u1ed9i v\u1edbi h\u01a1n 40 gian tr\u01b0ng b\u00e0y \u00e2m nh\u1ea1c v\u00e0 ho\u1ea1t h\u00ecnh, \u00e1nh \u0111\u00e8n l\u1ea5p l\u00e1nh v\u00e0 m\u1ed9t c\u00e2y th\u00f4ng Noel cao 65 feet \u0111\u01b0\u1ee3c th\u1eafp s\u00e1ng. Kh\u00e1ch tham quan b\u01b0\u1edbc v\u00e0o m\u1ed9t x\u1ee9 s\u1edf m\u00f9a \u0111\u00f4ng k\u1ef3 di\u1ec7u v\u1edbi \u00e1nh s\u00e1ng, \u00e2m nh\u1ea1c v\u00e0 c\u00e1c ti\u1ebft m\u1ee5c gi\u1ea3i tr\u00ed \u0111\u1ecba ph\u01b0\u01a1ng khi t\u1ea3n b\u1ed9 qua khu r\u1eebng c\u00e2y huy\u1ec1n \u1ea3o \u0111\u01b0\u1ee3c trang tr\u00ed b\u1edfi c\u00e1c tr\u01b0\u1eddng h\u1ecdc, nh\u00f3m c\u1ed9ng \u0111\u1ed3ng v\u00e0 doanh nghi\u1ec7p \u1edf San Jos\u00e9. <\/p>\n\n\n\n<p>L\u1ec5 h\u1ed9i Gi\u00e1ng sinh trong c\u00f4ng vi\u00ean l\u00e0 m\u1ed9t t\u1ed5 ch\u1ee9c phi l\u1ee3i nhu\u1eadn \u0111\u01b0\u1ee3c h\u1ed7 tr\u1ee3 b\u1edfi c\u00e1c ho\u1ea1t \u0111\u1ed9ng g\u00e2y qu\u1ef9 v\u00e0 c\u1ed9ng \u0111\u1ed3ng. L\u1ec5 h\u1ed9i lu\u00f4n lu\u00f4n mi\u1ec5n ph\u00ed. Tr\u1ebb em (c\u1ea3 l\u1edbn v\u00e0 nh\u1ecf) c\u00f3 th\u1ec3 g\u1eb7p g\u1ee1 \u00f4ng gi\u00e0 Noel, xem c\u00e1c ch\u01b0\u01a1ng tr\u00ecnh gi\u1ea3i tr\u00ed h\u00e0ng \u0111\u00eam v\u00e0 th\u01b0\u1edfng th\u1ee9c \u0111\u1ed3 \u0103n th\u1ee9c u\u1ed1ng theo ch\u1ee7 \u0111\u1ec1 Gi\u00e1ng sinh t\u1eeb c\u00e1c gian h\u00e0ng c\u1ee7a ch\u00fang t\u00f4i.  <\/p>\n\n\n\n<p><br\/><strong>B\u1ea1n c\u00f3 th\u1eafc m\u1eafc g\u00ec kh\u00f4ng?<\/strong><br\/> Vui l\u00f2ng truy c\u1eadp trang c\u00e2u h\u1ecfi th\u01b0\u1eddng g\u1eb7p c\u1ee7a ch\u00fang t\u00f4i b\u1eb1ng c\u00e1ch nh\u1ea5p v\u00e0o <strong><a href=\"https:\/\/christmasinthepark.com\/vi\/cau-hoi-thuong-gap\/\" data-type=\"page\" data-id=\"292\">\u0110\u00c2Y.<\/a><\/strong><\/p>\n<\/div>\n\n\n\n<div class=\"wp-block-column is-layout-flow wp-block-column-is-layout-flow\" style=\"flex-basis:33.33%\">\n<figure class=\"wp-block-image size-full shadow-m padding-3xs\"><img fetchpriority=\"high\" decoding=\"async\" width=\"400\" height=\"400\" src=\"http:\/\/christmasinthepark.com\/wp-content\/uploads\/2025\/05\/img_0246.jpg\" alt=\"Gi&#xE1;ng sinh trong c&#xF4;ng vi&#xEA;n\" class=\"wp-image-6492\" srcset=\"https:\/\/christmasinthepark.com\/wp-content\/uploads\/2025\/05\/img_0246.jpg 400w, https:\/\/christmasinthepark.com\/wp-content\/uploads\/2025\/05\/img_0246-300x300.jpg 300w, https:\/\/christmasinthepark.com\/wp-content\/uploads\/2025\/05\/img_0246-150x150.jpg 150w\" sizes=\"(max-width: 400px) 100vw, 400px\" \/><\/figure>\n<\/div>\n<\/div>\n\n<figure class=\"wp-block-gallery aligncenter has-nested-images columns-default is-cropped wp-block-gallery-1 is-layout-flex wp-block-gallery-is-layout-flex\">\n<figure data-wp-context=\"{&quot;imageId&quot;:&quot;69eab6c72c601&quot;}\" data-wp-interactive=\"core\/image\" data-wp-key=\"69eab6c72c601\" class=\"wp-block-image size-medium bg-primary wp-lightbox-container\"><img decoding=\"async\" width=\"300\" height=\"300\" data-wp-class--hide=\"state.isContentHidden\" data-wp-class--show=\"state.isContentVisible\" data-wp-init=\"callbacks.setButtonStyles\" data-wp-on--click=\"actions.showLightbox\" data-wp-on--load=\"callbacks.setButtonStyles\" data-wp-on-window--resize=\"callbacks.setButtonStyles\" data-id=\"309\" src=\"http:\/\/christmasinthepark.com\/wp-content\/uploads\/2024\/03\/Christmas-in-the-Park-Train-300x300.webp\" alt=\"Chuy&#x1EBF;n t&#xE0;u Gi&#xE1;ng sinh trong c&#xF4;ng vi&#xEA;n\" class=\"wp-image-309\" srcset=\"https:\/\/christmasinthepark.com\/wp-content\/uploads\/2024\/03\/Christmas-in-the-Park-Train-300x300.webp 300w, https:\/\/christmasinthepark.com\/wp-content\/uploads\/2024\/03\/Christmas-in-the-Park-Train-150x150.webp 150w, https:\/\/christmasinthepark.com\/wp-content\/uploads\/2024\/03\/Christmas-in-the-Park-Train-768x768.webp 768w, https:\/\/christmasinthepark.com\/wp-content\/uploads\/2024\/03\/Christmas-in-the-Park-Train.webp 800w\" sizes=\"(max-width: 300px) 100vw, 300px\" \/><button\n\t\t\tclass=\"lightbox-trigger\"\n\t\t\ttype=\"button\"\n\t\t\taria-haspopup=\"dialog\"\n\t\t\taria-label=\"Enlarge\"\n\t\t\tdata-wp-init=\"callbacks.initTriggerButton\"\n\t\t\tdata-wp-on--click=\"actions.showLightbox\"\n\t\t\tdata-wp-style--right=\"state.imageButtonRight\"\n\t\t\tdata-wp-style--top=\"state.imageButtonTop\"\n\t\t>\n\t\t\t<svg xmlns=\"http:\/\/www.w3.org\/2000\/svg\" width=\"12\" height=\"12\" fill=\"none\" viewBox=\"0 0 12 12\">\n\t\t\t\t<path fill=\"#fff\" d=\"M2 0a2 2 0 0 0-2 2v2h1.5V2a.5.5 0 0 1 .5-.5h2V0H2Zm2 10.5H2a.5.5 0 0 1-.5-.5V8H0v2a2 2 0 0 0 2 2h2v-1.5ZM8 12v-1.5h2a.5.5 0 0 0 .5-.5V8H12v2a2 2 0 0 1-2 2H8Zm2-12a2 2 0 0 1 2 2v2h-1.5V2a.5.5 0 0 0-.5-.5H8V0h2Z\" \/>\n\t\t\t<\/svg>\n\t\t<\/button><\/figure>\n\n\n\n<figure data-wp-context=\"{&quot;imageId&quot;:&quot;69eab6c72d137&quot;}\" data-wp-interactive=\"core\/image\" data-wp-key=\"69eab6c72d137\" class=\"wp-block-image size-medium wp-lightbox-container\"><img decoding=\"async\" width=\"300\" height=\"300\" data-wp-class--hide=\"state.isContentHidden\" data-wp-class--show=\"state.isContentVisible\" data-wp-init=\"callbacks.setButtonStyles\" data-wp-on--click=\"actions.showLightbox\" data-wp-on--load=\"callbacks.setButtonStyles\" data-wp-on-window--resize=\"callbacks.setButtonStyles\" data-id=\"308\" src=\"http:\/\/christmasinthepark.com\/wp-content\/uploads\/2024\/03\/Christmas-in-the-Park-Train-2-300x300.webp\" alt=\"Chuy&#x1EBF;n t&#xE0;u Gi&#xE1;ng sinh trong c&#xF4;ng vi&#xEA;n\" class=\"wp-image-308\" srcset=\"https:\/\/christmasinthepark.com\/wp-content\/uploads\/2024\/03\/Christmas-in-the-Park-Train-2-300x300.webp 300w, https:\/\/christmasinthepark.com\/wp-content\/uploads\/2024\/03\/Christmas-in-the-Park-Train-2-150x150.webp 150w, https:\/\/christmasinthepark.com\/wp-content\/uploads\/2024\/03\/Christmas-in-the-Park-Train-2-768x768.webp 768w, https:\/\/christmasinthepark.com\/wp-content\/uploads\/2024\/03\/Christmas-in-the-Park-Train-2.webp 800w\" sizes=\"(max-width: 300px) 100vw, 300px\" \/><button\n\t\t\tclass=\"lightbox-trigger\"\n\t\t\ttype=\"button\"\n\t\t\taria-haspopup=\"dialog\"\n\t\t\taria-label=\"Enlarge\"\n\t\t\tdata-wp-init=\"callbacks.initTriggerButton\"\n\t\t\tdata-wp-on--click=\"actions.showLightbox\"\n\t\t\tdata-wp-style--right=\"state.imageButtonRight\"\n\t\t\tdata-wp-style--top=\"state.imageButtonTop\"\n\t\t>\n\t\t\t<svg xmlns=\"http:\/\/www.w3.org\/2000\/svg\" width=\"12\" height=\"12\" fill=\"none\" viewBox=\"0 0 12 12\">\n\t\t\t\t<path fill=\"#fff\" d=\"M2 0a2 2 0 0 0-2 2v2h1.5V2a.5.5 0 0 1 .5-.5h2V0H2Zm2 10.5H2a.5.5 0 0 1-.5-.5V8H0v2a2 2 0 0 0 2 2h2v-1.5ZM8 12v-1.5h2a.5.5 0 0 0 .5-.5V8H12v2a2 2 0 0 1-2 2H8Zm2-12a2 2 0 0 1 2 2v2h-1.5V2a.5.5 0 0 0-.5-.5H8V0h2Z\" \/>\n\t\t\t<\/svg>\n\t\t<\/button><\/figure>\n\n\n\n<figure data-wp-context=\"{&quot;imageId&quot;:&quot;69eab6c72de74&quot;}\" data-wp-interactive=\"core\/image\" data-wp-key=\"69eab6c72de74\" class=\"wp-block-image size-medium wp-lightbox-container\"><img loading=\"lazy\" decoding=\"async\" width=\"300\" height=\"300\" data-wp-class--hide=\"state.isContentHidden\" data-wp-class--show=\"state.isContentVisible\" data-wp-init=\"callbacks.setButtonStyles\" data-wp-on--click=\"actions.showLightbox\" data-wp-on--load=\"callbacks.setButtonStyles\" data-wp-on-window--resize=\"callbacks.setButtonStyles\" data-id=\"307\" src=\"http:\/\/christmasinthepark.com\/wp-content\/uploads\/2024\/03\/Christmas-in-the-Park-Shop-300x300.webp\" alt=\"C&#x1EED;a h&#xE0;ng Gi&#xE1;ng sinh trong c&#xF4;ng vi&#xEA;n\" class=\"wp-image-307\" srcset=\"https:\/\/christmasinthepark.com\/wp-content\/uploads\/2024\/03\/Christmas-in-the-Park-Shop-300x300.webp 300w, https:\/\/christmasinthepark.com\/wp-content\/uploads\/2024\/03\/Christmas-in-the-Park-Shop-150x150.webp 150w, https:\/\/christmasinthepark.com\/wp-content\/uploads\/2024\/03\/Christmas-in-the-Park-Shop-768x768.webp 768w, https:\/\/christmasinthepark.com\/wp-content\/uploads\/2024\/03\/Christmas-in-the-Park-Shop.webp 800w\" sizes=\"(max-width: 300px) 100vw, 300px\" \/><button\n\t\t\tclass=\"lightbox-trigger\"\n\t\t\ttype=\"button\"\n\t\t\taria-haspopup=\"dialog\"\n\t\t\taria-label=\"Enlarge\"\n\t\t\tdata-wp-init=\"callbacks.initTriggerButton\"\n\t\t\tdata-wp-on--click=\"actions.showLightbox\"\n\t\t\tdata-wp-style--right=\"state.imageButtonRight\"\n\t\t\tdata-wp-style--top=\"state.imageButtonTop\"\n\t\t>\n\t\t\t<svg xmlns=\"http:\/\/www.w3.org\/2000\/svg\" width=\"12\" height=\"12\" fill=\"none\" viewBox=\"0 0 12 12\">\n\t\t\t\t<path fill=\"#fff\" d=\"M2 0a2 2 0 0 0-2 2v2h1.5V2a.5.5 0 0 1 .5-.5h2V0H2Zm2 10.5H2a.5.5 0 0 1-.5-.5V8H0v2a2 2 0 0 0 2 2h2v-1.5ZM8 12v-1.5h2a.5.5 0 0 0 .5-.5V8H12v2a2 2 0 0 1-2 2H8Zm2-12a2 2 0 0 1 2 2v2h-1.5V2a.5.5 0 0 0-.5-.5H8V0h2Z\" \/>\n\t\t\t<\/svg>\n\t\t<\/button><\/figure>\n<\/figure>\n\n<p><\/p>\n\n  ","protected":false},"excerpt":{"rendered":"<p>Downtown Park Experience Walk through the magic in the heart of downtown San Jos\u00e9. Ch\u1ee7 nh\u1eadt, ng\u00e0y 8 th\u00e1ng 12, t\u1eeb 10 gi\u1edd s\u00e1ng \u0111\u1ebfn 2 gi\u1edd chi\u1ec1u &#8211; M\u1edf c\u1eeda cho ng\u01b0\u1eddi khuy\u1ebft t\u1eadt v\u00e0o Ch\u1ee7 nh\u1eadt. D\u1ef1 \u00e1n n\u00e0y \u0111\u01b0\u1ee3c th\u1ef1c hi\u1ec7n nh\u1edd s\u1ef1 \u0111\u00f3ng g\u00f3p h\u00e0o ph\u00f3ng t\u1eeb Valeta v\u00e0 TJ Rodgers. [&hellip;]<\/p>\n","protected":false},"author":4,"featured_media":6494,"parent":4996,"menu_order":0,"comment_status":"closed","ping_status":"closed","template":"","meta":{"footnotes":""},"class_list":["post-5306","page","type-page","status-publish","has-post-thumbnail","hentry"],"acpt":{"meta":[]},"yoast_head":"<!-- This site is optimized with the Yoast SEO plugin v27.0 - https:\/\/yoast.com\/product\/yoast-seo-wordpress\/ -->\n<title>Tr\u1ea3i nghi\u1ec7m C\u00f4ng vi\u00ean trung t\u00e2m th\u00e0nh ph\u1ed1 - Christmas in the Park<\/title>\n<meta name=\"robots\" content=\"index, follow, max-snippet:-1, max-image-preview:large, max-video-preview:-1\" \/>\n<link rel=\"canonical\" href=\"https:\/\/christmasinthepark.com\/vi\/su-kien\/cong-vien-trung-tam-thanh-pho\/\" \/>\n<meta property=\"og:locale\" content=\"vi_VN\" \/>\n<meta property=\"og:type\" content=\"article\" \/>\n<meta property=\"og:title\" content=\"Tr\u1ea3i nghi\u1ec7m C\u00f4ng vi\u00ean trung t\u00e2m th\u00e0nh ph\u1ed1 - Christmas in the Park\" \/>\n<meta property=\"og:description\" content=\"Downtown Park Experience Walk through the magic in the heart of downtown San Jos\u00e9. Ch\u1ee7 nh\u1eadt, ng\u00e0y 8 th\u00e1ng 12, t\u1eeb 10 gi\u1edd s\u00e1ng \u0111\u1ebfn 2 gi\u1edd chi\u1ec1u &#8211; M\u1edf c\u1eeda cho ng\u01b0\u1eddi khuy\u1ebft t\u1eadt v\u00e0o Ch\u1ee7 nh\u1eadt. D\u1ef1 \u00e1n n\u00e0y \u0111\u01b0\u1ee3c th\u1ef1c hi\u1ec7n nh\u1edd s\u1ef1 \u0111\u00f3ng g\u00f3p h\u00e0o ph\u00f3ng t\u1eeb Valeta v\u00e0 TJ Rodgers. [&hellip;]\" \/>\n<meta property=\"og:url\" content=\"https:\/\/christmasinthepark.com\/vi\/su-kien\/cong-vien-trung-tam-thanh-pho\/\" \/>\n<meta property=\"og:site_name\" content=\"Christmas in the Park\" \/>\n<meta property=\"article:modified_time\" content=\"2026-04-14T16:51:29+00:00\" \/>\n<meta property=\"og:image\" content=\"https:\/\/christmasinthepark.com\/wp-content\/uploads\/2025\/05\/img_0246.jpg\" \/>\n\t<meta property=\"og:image:width\" content=\"400\" \/>\n\t<meta property=\"og:image:height\" content=\"400\" \/>\n\t<meta property=\"og:image:type\" content=\"image\/jpeg\" \/>\n<meta name=\"twitter:card\" content=\"summary_large_image\" \/>\n<meta name=\"twitter:label1\" content=\"Est. reading time\" \/>\n\t<meta name=\"twitter:data1\" content=\"3 minutes\" \/>\n<script type=\"application\/ld+json\" class=\"yoast-schema-graph\">{\"@context\":\"https:\/\/schema.org\",\"@graph\":[{\"@type\":\"WebPage\",\"@id\":\"https:\/\/christmasinthepark.com\/vi\/su-kien\/cong-vien-trung-tam-thanh-pho\/\",\"url\":\"https:\/\/christmasinthepark.com\/vi\/su-kien\/cong-vien-trung-tam-thanh-pho\/\",\"name\":\"Tr\u1ea3i nghi\u1ec7m C\u00f4ng vi\u00ean trung t\u00e2m th\u00e0nh ph\u1ed1 - Christmas in the Park\",\"isPartOf\":{\"@id\":\"https:\/\/christmasinthepark.com\/vi\/#website\"},\"primaryImageOfPage\":{\"@id\":\"https:\/\/christmasinthepark.com\/vi\/su-kien\/cong-vien-trung-tam-thanh-pho\/#primaryimage\"},\"image\":{\"@id\":\"https:\/\/christmasinthepark.com\/vi\/su-kien\/cong-vien-trung-tam-thanh-pho\/#primaryimage\"},\"thumbnailUrl\":\"https:\/\/christmasinthepark.com\/wp-content\/uploads\/2025\/05\/img_0246.jpg\",\"datePublished\":\"2024-03-10T13:30:53+00:00\",\"dateModified\":\"2026-04-14T16:51:29+00:00\",\"breadcrumb\":{\"@id\":\"https:\/\/christmasinthepark.com\/vi\/su-kien\/cong-vien-trung-tam-thanh-pho\/#breadcrumb\"},\"inLanguage\":\"vi-VN\",\"potentialAction\":[{\"@type\":\"ReadAction\",\"target\":[\"https:\/\/christmasinthepark.com\/vi\/su-kien\/cong-vien-trung-tam-thanh-pho\/\"]}]},{\"@type\":\"ImageObject\",\"inLanguage\":\"vi-VN\",\"@id\":\"https:\/\/christmasinthepark.com\/vi\/su-kien\/cong-vien-trung-tam-thanh-pho\/#primaryimage\",\"url\":\"https:\/\/christmasinthepark.com\/wp-content\/uploads\/2025\/05\/img_0246.jpg\",\"contentUrl\":\"https:\/\/christmasinthepark.com\/wp-content\/uploads\/2025\/05\/img_0246.jpg\",\"width\":400,\"height\":400,\"caption\":\"Christmas in the Park\"},{\"@type\":\"BreadcrumbList\",\"@id\":\"https:\/\/christmasinthepark.com\/vi\/su-kien\/cong-vien-trung-tam-thanh-pho\/#breadcrumb\",\"itemListElement\":[{\"@type\":\"ListItem\",\"position\":1,\"name\":\"Home\",\"item\":\"https:\/\/christmasinthepark.com\/vi\/nha-moi\/\"},{\"@type\":\"ListItem\",\"position\":2,\"name\":\"S\u1ef1 ki\u1ec7n\",\"item\":\"https:\/\/christmasinthepark.com\/vi\/su-kien\/\"},{\"@type\":\"ListItem\",\"position\":3,\"name\":\"Tr\u1ea3i nghi\u1ec7m C\u00f4ng vi\u00ean trung t\u00e2m th\u00e0nh ph\u1ed1\"}]},{\"@type\":\"WebSite\",\"@id\":\"https:\/\/christmasinthepark.com\/vi\/#website\",\"url\":\"https:\/\/christmasinthepark.com\/vi\/\",\"name\":\"Christmas in the Park\",\"description\":\"Festivity, Lights, and Community Spirit\",\"potentialAction\":[{\"@type\":\"SearchAction\",\"target\":{\"@type\":\"EntryPoint\",\"urlTemplate\":\"https:\/\/christmasinthepark.com\/vi\/?s={search_term_string}\"},\"query-input\":{\"@type\":\"PropertyValueSpecification\",\"valueRequired\":true,\"valueName\":\"search_term_string\"}}],\"inLanguage\":\"vi-VN\"}]}<\/script>\n<!-- \/ Yoast SEO plugin. -->","yoast_head_json":{"title":"Tr\u1ea3i nghi\u1ec7m C\u00f4ng vi\u00ean trung t\u00e2m th\u00e0nh ph\u1ed1 - Christmas in the Park","robots":{"index":"index","follow":"follow","max-snippet":"max-snippet:-1","max-image-preview":"max-image-preview:large","max-video-preview":"max-video-preview:-1"},"canonical":"https:\/\/christmasinthepark.com\/vi\/su-kien\/cong-vien-trung-tam-thanh-pho\/","og_locale":"vi_VN","og_type":"article","og_title":"Tr\u1ea3i nghi\u1ec7m C\u00f4ng vi\u00ean trung t\u00e2m th\u00e0nh ph\u1ed1 - Christmas in the Park","og_description":"Downtown Park Experience Walk through the magic in the heart of downtown San Jos\u00e9. Ch\u1ee7 nh\u1eadt, ng\u00e0y 8 th\u00e1ng 12, t\u1eeb 10 gi\u1edd s\u00e1ng \u0111\u1ebfn 2 gi\u1edd chi\u1ec1u &#8211; M\u1edf c\u1eeda cho ng\u01b0\u1eddi khuy\u1ebft t\u1eadt v\u00e0o Ch\u1ee7 nh\u1eadt. D\u1ef1 \u00e1n n\u00e0y \u0111\u01b0\u1ee3c th\u1ef1c hi\u1ec7n nh\u1edd s\u1ef1 \u0111\u00f3ng g\u00f3p h\u00e0o ph\u00f3ng t\u1eeb Valeta v\u00e0 TJ Rodgers. [&hellip;]","og_url":"https:\/\/christmasinthepark.com\/vi\/su-kien\/cong-vien-trung-tam-thanh-pho\/","og_site_name":"Christmas in the Park","article_modified_time":"2026-04-14T16:51:29+00:00","og_image":[{"width":400,"height":400,"url":"https:\/\/christmasinthepark.com\/wp-content\/uploads\/2025\/05\/img_0246.jpg","type":"image\/jpeg"}],"twitter_card":"summary_large_image","twitter_misc":{"Est. reading time":"3 minutes"},"schema":{"@context":"https:\/\/schema.org","@graph":[{"@type":"WebPage","@id":"https:\/\/christmasinthepark.com\/vi\/su-kien\/cong-vien-trung-tam-thanh-pho\/","url":"https:\/\/christmasinthepark.com\/vi\/su-kien\/cong-vien-trung-tam-thanh-pho\/","name":"Tr\u1ea3i nghi\u1ec7m C\u00f4ng vi\u00ean trung t\u00e2m th\u00e0nh ph\u1ed1 - Christmas in the Park","isPartOf":{"@id":"https:\/\/christmasinthepark.com\/vi\/#website"},"primaryImageOfPage":{"@id":"https:\/\/christmasinthepark.com\/vi\/su-kien\/cong-vien-trung-tam-thanh-pho\/#primaryimage"},"image":{"@id":"https:\/\/christmasinthepark.com\/vi\/su-kien\/cong-vien-trung-tam-thanh-pho\/#primaryimage"},"thumbnailUrl":"https:\/\/christmasinthepark.com\/wp-content\/uploads\/2025\/05\/img_0246.jpg","datePublished":"2024-03-10T13:30:53+00:00","dateModified":"2026-04-14T16:51:29+00:00","breadcrumb":{"@id":"https:\/\/christmasinthepark.com\/vi\/su-kien\/cong-vien-trung-tam-thanh-pho\/#breadcrumb"},"inLanguage":"vi-VN","potentialAction":[{"@type":"ReadAction","target":["https:\/\/christmasinthepark.com\/vi\/su-kien\/cong-vien-trung-tam-thanh-pho\/"]}]},{"@type":"ImageObject","inLanguage":"vi-VN","@id":"https:\/\/christmasinthepark.com\/vi\/su-kien\/cong-vien-trung-tam-thanh-pho\/#primaryimage","url":"https:\/\/christmasinthepark.com\/wp-content\/uploads\/2025\/05\/img_0246.jpg","contentUrl":"https:\/\/christmasinthepark.com\/wp-content\/uploads\/2025\/05\/img_0246.jpg","width":400,"height":400,"caption":"Christmas in the Park"},{"@type":"BreadcrumbList","@id":"https:\/\/christmasinthepark.com\/vi\/su-kien\/cong-vien-trung-tam-thanh-pho\/#breadcrumb","itemListElement":[{"@type":"ListItem","position":1,"name":"Home","item":"https:\/\/christmasinthepark.com\/vi\/nha-moi\/"},{"@type":"ListItem","position":2,"name":"S\u1ef1 ki\u1ec7n","item":"https:\/\/christmasinthepark.com\/vi\/su-kien\/"},{"@type":"ListItem","position":3,"name":"Tr\u1ea3i nghi\u1ec7m C\u00f4ng vi\u00ean trung t\u00e2m th\u00e0nh ph\u1ed1"}]},{"@type":"WebSite","@id":"https:\/\/christmasinthepark.com\/vi\/#website","url":"https:\/\/christmasinthepark.com\/vi\/","name":"Christmas in the Park","description":"Festivity, Lights, and Community Spirit","potentialAction":[{"@type":"SearchAction","target":{"@type":"EntryPoint","urlTemplate":"https:\/\/christmasinthepark.com\/vi\/?s={search_term_string}"},"query-input":{"@type":"PropertyValueSpecification","valueRequired":true,"valueName":"search_term_string"}}],"inLanguage":"vi-VN"}]}},"_links":{"self":[{"href":"https:\/\/christmasinthepark.com\/vi\/wp-json\/wp\/v2\/pages\/5306","targetHints":{"allow":["GET"]}}],"collection":[{"href":"https:\/\/christmasinthepark.com\/vi\/wp-json\/wp\/v2\/pages"}],"about":[{"href":"https:\/\/christmasinthepark.com\/vi\/wp-json\/wp\/v2\/types\/page"}],"author":[{"embeddable":true,"href":"https:\/\/christmasinthepark.com\/vi\/wp-json\/wp\/v2\/users\/4"}],"replies":[{"embeddable":true,"href":"https:\/\/christmasinthepark.com\/vi\/wp-json\/wp\/v2\/comments?post=5306"}],"version-history":[{"count":2,"href":"https:\/\/christmasinthepark.com\/vi\/wp-json\/wp\/v2\/pages\/5306\/revisions"}],"predecessor-version":[{"id":9018,"href":"https:\/\/christmasinthepark.com\/vi\/wp-json\/wp\/v2\/pages\/5306\/revisions\/9018"}],"up":[{"embeddable":true,"href":"https:\/\/christmasinthepark.com\/vi\/wp-json\/wp\/v2\/pages\/4996"}],"wp:featuredmedia":[{"embeddable":true,"href":"https:\/\/christmasinthepark.com\/vi\/wp-json\/wp\/v2\/media\/6494"}],"wp:attachment":[{"href":"https:\/\/christmasinthepark.com\/vi\/wp-json\/wp\/v2\/media?parent=5306"}],"curies":[{"name":"wp","href":"https:\/\/api.w.org\/{rel}","templated":true}]}}