{"id":5314,"date":"2024-03-10T06:29:43","date_gmt":"2024-03-10T13:29:43","guid":{"rendered":"http:\/\/christmasinthepark.com\/chuong-trinh\/ong-gia-noel-den-tham\/"},"modified":"2026-04-16T11:22:00","modified_gmt":"2026-04-16T18:22:00","slug":"ong-gia-noel-den-tham","status":"publish","type":"page","link":"https:\/\/christmasinthepark.com\/vi\/chuong-trinh\/ong-gia-noel-den-tham\/","title":{"rendered":"\u00d4ng gi\u00e0 Noel \u0111\u1ebfn th\u0103m"},"content":{"rendered":"\t\t<div data-elementor-type=\"wp-page\" data-elementor-id=\"5314\" class=\"elementor elementor-5314 elementor-219\" data-elementor-post-type=\"page\">\n\t\t\t\t<div class=\"elementor-element elementor-element-2b039c4 e-flex e-con-boxed e-con e-parent\" data-id=\"2b039c4\" data-element_type=\"container\" data-e-type=\"container\">\n\t\t\t\t\t<div class=\"e-con-inner\">\n\t\t\t\t<div class=\"elementor-element elementor-element-6d549662 elementor-widget elementor-widget-text-editor\" data-id=\"6d549662\" data-element_type=\"widget\" data-e-type=\"widget\" data-widget_type=\"text-editor.default\">\n\t\t\t\t\t\t\t\t\t<div class=\"wp-block-columns\"><div class=\"wp-block-column is-vertically-aligned-center\" style=\"flex-basis: 66.66%;\"><p data-start=\"592\" data-end=\"668\">\u00d4ng gi\u00e0 Noel gh\u00e9 th\u0103m l\u1ec5 h\u1ed9i Gi\u00e1ng sinh trong c\u00f4ng vi\u00ean \u1edf trung t\u00e2m th\u00e0nh ph\u1ed1 San Jose m\u1ed7i m\u00f9a l\u1ec5 h\u1ed9i.<\/p><p data-start=\"670\" data-end=\"761\">C\u00e1c gia \u0111\u00ecnh \u0111\u01b0\u1ee3c m\u1eddi ch\u1ee5p \u1ea3nh, chia s\u1ebb danh s\u00e1ch \u0111i\u1ec1u \u01b0\u1edbc v\u00e0 c\u00f9ng nhau t\u1eadn h\u01b0\u1edfng kho\u1ea3nh kh\u1eafc k\u1ef3 di\u1ec7u.<\/p><p data-start=\"763\" data-end=\"825\">Th\u00f4ng tin chi ti\u1ebft v\u1ec1 m\u00f9a gi\u1ea3i s\u1eafp t\u1edbi s\u1ebd \u0111\u01b0\u1ee3c c\u00f4ng b\u1ed1 v\u00e0o m\u00f9a thu.<\/p><p data-start=\"827\" data-end=\"921\">H\u00e3y \u0111\u0103ng k\u00fd v\u00e0o danh s\u00e1ch nh\u1eadn th\u01b0 c\u1ee7a ch\u00fang t\u00f4i ho\u1eb7c theo d\u00f5i ch\u00fang t\u00f4i tr\u00ean m\u1ea1ng x\u00e3 h\u1ed9i \u0111\u1ec3 l\u00e0 ng\u01b0\u1eddi \u0111\u1ea7u ti\u00ean bi\u1ebft khi n\u00e0o \u00f4ng gi\u00e0 Noel tr\u1edf l\u1ea1i.<\/p><\/div><div class=\"wp-block-column is-vertically-aligned-center\" style=\"flex-basis: 33.33%;\"><figure class=\"wp-block-image size-full shadow-m padding-3xs\"><img fetchpriority=\"high\" decoding=\"async\" width=\"400\" height=\"300\" class=\"wp-image-5991\" src=\"http:\/\/christmasinthepark.com\/wp-content\/uploads\/2025\/01\/SJCE-Santa-House-2.jpg\" alt=\"ng\u00f4i nh\u00e0 santa sjce 2\" srcset=\"https:\/\/christmasinthepark.com\/wp-content\/uploads\/2025\/01\/SJCE-Santa-House-2.jpg 400w, https:\/\/christmasinthepark.com\/wp-content\/uploads\/2025\/01\/SJCE-Santa-House-2-300x225.jpg 300w\" sizes=\"(max-width: 400px) 100vw, 400px\" \/><\/figure><\/div><\/div>\t\t\t\t\t\t\t\t<\/div>\n\t\t\t\t\t<\/div>\n\t\t\t\t<\/div>\n\t\t\t\t<\/div>\n\t\t","protected":false},"excerpt":{"rendered":"<p>\u00d4ng gi\u00e0 Noel gh\u00e9 th\u0103m l\u1ec5 h\u1ed9i Gi\u00e1ng sinh trong c\u00f4ng vi\u00ean \u1edf trung t\u00e2m th\u00e0nh ph\u1ed1 San Jose m\u1ed7i m\u00f9a l\u1ec5 h\u1ed9i. C\u00e1c gia \u0111\u00ecnh \u0111\u01b0\u1ee3c m\u1eddi ch\u1ee5p \u1ea3nh, chia s\u1ebb danh s\u00e1ch \u0111i\u1ec1u \u01b0\u1edbc v\u00e0 c\u00f9ng nhau t\u1eadn h\u01b0\u1edfng kho\u1ea3nh kh\u1eafc k\u1ef3 di\u1ec7u. Th\u00f4ng tin chi ti\u1ebft v\u1ec1 m\u00f9a gi\u1ea3i s\u1eafp t\u1edbi s\u1ebd [&hellip;]<\/p>\n","protected":false},"author":4,"featured_media":0,"parent":4991,"menu_order":0,"comment_status":"closed","ping_status":"closed","template":"","meta":{"footnotes":""},"class_list":["post-5314","page","type-page","status-publish","hentry"],"acpt":{"meta":[]},"yoast_head":"<!-- This site is optimized with the Yoast SEO plugin v27.0 - https:\/\/yoast.com\/product\/yoast-seo-wordpress\/ -->\n<title>\u00d4ng gi\u00e0 Noel \u0111\u1ebfn th\u0103m - Christmas in the Park<\/title>\n<meta name=\"robots\" content=\"index, follow, max-snippet:-1, max-image-preview:large, max-video-preview:-1\" \/>\n<link rel=\"canonical\" href=\"https:\/\/christmasinthepark.com\/vi\/chuong-trinh\/ong-gia-noel-den-tham\/\" \/>\n<meta property=\"og:locale\" content=\"vi_VN\" \/>\n<meta property=\"og:type\" content=\"article\" \/>\n<meta property=\"og:title\" content=\"\u00d4ng gi\u00e0 Noel \u0111\u1ebfn th\u0103m - Christmas in the Park\" \/>\n<meta property=\"og:description\" content=\"\u00d4ng gi\u00e0 Noel gh\u00e9 th\u0103m l\u1ec5 h\u1ed9i Gi\u00e1ng sinh trong c\u00f4ng vi\u00ean \u1edf trung t\u00e2m th\u00e0nh ph\u1ed1 San Jose m\u1ed7i m\u00f9a l\u1ec5 h\u1ed9i. C\u00e1c gia \u0111\u00ecnh \u0111\u01b0\u1ee3c m\u1eddi ch\u1ee5p \u1ea3nh, chia s\u1ebb danh s\u00e1ch \u0111i\u1ec1u \u01b0\u1edbc v\u00e0 c\u00f9ng nhau t\u1eadn h\u01b0\u1edfng kho\u1ea3nh kh\u1eafc k\u1ef3 di\u1ec7u. Th\u00f4ng tin chi ti\u1ebft v\u1ec1 m\u00f9a gi\u1ea3i s\u1eafp t\u1edbi s\u1ebd [&hellip;]\" \/>\n<meta property=\"og:url\" content=\"https:\/\/christmasinthepark.com\/vi\/chuong-trinh\/ong-gia-noel-den-tham\/\" \/>\n<meta property=\"og:site_name\" content=\"Christmas in the Park\" \/>\n<meta property=\"article:modified_time\" content=\"2026-04-16T18:22:00+00:00\" \/>\n<meta property=\"og:image\" content=\"http:\/\/christmasinthepark.com\/wp-content\/uploads\/2025\/01\/SJCE-Santa-House-2.jpg\" \/>\n<meta name=\"twitter:card\" content=\"summary_large_image\" \/>\n<meta name=\"twitter:label1\" content=\"Est. reading time\" \/>\n\t<meta name=\"twitter:data1\" content=\"1 minute\" \/>\n<script type=\"application\/ld+json\" class=\"yoast-schema-graph\">{\"@context\":\"https:\/\/schema.org\",\"@graph\":[{\"@type\":\"WebPage\",\"@id\":\"https:\/\/christmasinthepark.com\/vi\/chuong-trinh\/ong-gia-noel-den-tham\/\",\"url\":\"https:\/\/christmasinthepark.com\/vi\/chuong-trinh\/ong-gia-noel-den-tham\/\",\"name\":\"\u00d4ng gi\u00e0 Noel \u0111\u1ebfn th\u0103m - Christmas in the Park\",\"isPartOf\":{\"@id\":\"https:\/\/christmasinthepark.com\/vi\/#website\"},\"primaryImageOfPage\":{\"@id\":\"https:\/\/christmasinthepark.com\/vi\/chuong-trinh\/ong-gia-noel-den-tham\/#primaryimage\"},\"image\":{\"@id\":\"https:\/\/christmasinthepark.com\/vi\/chuong-trinh\/ong-gia-noel-den-tham\/#primaryimage\"},\"thumbnailUrl\":\"http:\/\/christmasinthepark.com\/wp-content\/uploads\/2025\/01\/SJCE-Santa-House-2.jpg\",\"datePublished\":\"2024-03-10T13:29:43+00:00\",\"dateModified\":\"2026-04-16T18:22:00+00:00\",\"breadcrumb\":{\"@id\":\"https:\/\/christmasinthepark.com\/vi\/chuong-trinh\/ong-gia-noel-den-tham\/#breadcrumb\"},\"inLanguage\":\"vi-VN\",\"potentialAction\":[{\"@type\":\"ReadAction\",\"target\":[\"https:\/\/christmasinthepark.com\/vi\/chuong-trinh\/ong-gia-noel-den-tham\/\"]}]},{\"@type\":\"ImageObject\",\"inLanguage\":\"vi-VN\",\"@id\":\"https:\/\/christmasinthepark.com\/vi\/chuong-trinh\/ong-gia-noel-den-tham\/#primaryimage\",\"url\":\"http:\/\/christmasinthepark.com\/wp-content\/uploads\/2025\/01\/SJCE-Santa-House-2.jpg\",\"contentUrl\":\"http:\/\/christmasinthepark.com\/wp-content\/uploads\/2025\/01\/SJCE-Santa-House-2.jpg\"},{\"@type\":\"BreadcrumbList\",\"@id\":\"https:\/\/christmasinthepark.com\/vi\/chuong-trinh\/ong-gia-noel-den-tham\/#breadcrumb\",\"itemListElement\":[{\"@type\":\"ListItem\",\"position\":1,\"name\":\"Home\",\"item\":\"https:\/\/christmasinthepark.com\/vi\/nha-moi\/\"},{\"@type\":\"ListItem\",\"position\":2,\"name\":\"Ch\u01b0\u01a1ng tr\u00ecnh\",\"item\":\"https:\/\/christmasinthepark.com\/vi\/chuong-trinh\/\"},{\"@type\":\"ListItem\",\"position\":3,\"name\":\"\u00d4ng gi\u00e0 Noel \u0111\u1ebfn th\u0103m\"}]},{\"@type\":\"WebSite\",\"@id\":\"https:\/\/christmasinthepark.com\/vi\/#website\",\"url\":\"https:\/\/christmasinthepark.com\/vi\/\",\"name\":\"Christmas in the Park\",\"description\":\"Festivity, Lights, and Community Spirit\",\"potentialAction\":[{\"@type\":\"SearchAction\",\"target\":{\"@type\":\"EntryPoint\",\"urlTemplate\":\"https:\/\/christmasinthepark.com\/vi\/?s={search_term_string}\"},\"query-input\":{\"@type\":\"PropertyValueSpecification\",\"valueRequired\":true,\"valueName\":\"search_term_string\"}}],\"inLanguage\":\"vi-VN\"}]}<\/script>\n<!-- \/ Yoast SEO plugin. -->","yoast_head_json":{"title":"\u00d4ng gi\u00e0 Noel \u0111\u1ebfn th\u0103m - Christmas in the Park","robots":{"index":"index","follow":"follow","max-snippet":"max-snippet:-1","max-image-preview":"max-image-preview:large","max-video-preview":"max-video-preview:-1"},"canonical":"https:\/\/christmasinthepark.com\/vi\/chuong-trinh\/ong-gia-noel-den-tham\/","og_locale":"vi_VN","og_type":"article","og_title":"\u00d4ng gi\u00e0 Noel \u0111\u1ebfn th\u0103m - Christmas in the Park","og_description":"\u00d4ng gi\u00e0 Noel gh\u00e9 th\u0103m l\u1ec5 h\u1ed9i Gi\u00e1ng sinh trong c\u00f4ng vi\u00ean \u1edf trung t\u00e2m th\u00e0nh ph\u1ed1 San Jose m\u1ed7i m\u00f9a l\u1ec5 h\u1ed9i. C\u00e1c gia \u0111\u00ecnh \u0111\u01b0\u1ee3c m\u1eddi ch\u1ee5p \u1ea3nh, chia s\u1ebb danh s\u00e1ch \u0111i\u1ec1u \u01b0\u1edbc v\u00e0 c\u00f9ng nhau t\u1eadn h\u01b0\u1edfng kho\u1ea3nh kh\u1eafc k\u1ef3 di\u1ec7u. Th\u00f4ng tin chi ti\u1ebft v\u1ec1 m\u00f9a gi\u1ea3i s\u1eafp t\u1edbi s\u1ebd [&hellip;]","og_url":"https:\/\/christmasinthepark.com\/vi\/chuong-trinh\/ong-gia-noel-den-tham\/","og_site_name":"Christmas in the Park","article_modified_time":"2026-04-16T18:22:00+00:00","og_image":[{"url":"http:\/\/christmasinthepark.com\/wp-content\/uploads\/2025\/01\/SJCE-Santa-House-2.jpg","type":"","width":"","height":""}],"twitter_card":"summary_large_image","twitter_misc":{"Est. reading time":"1 minute"},"schema":{"@context":"https:\/\/schema.org","@graph":[{"@type":"WebPage","@id":"https:\/\/christmasinthepark.com\/vi\/chuong-trinh\/ong-gia-noel-den-tham\/","url":"https:\/\/christmasinthepark.com\/vi\/chuong-trinh\/ong-gia-noel-den-tham\/","name":"\u00d4ng gi\u00e0 Noel \u0111\u1ebfn th\u0103m - Christmas in the Park","isPartOf":{"@id":"https:\/\/christmasinthepark.com\/vi\/#website"},"primaryImageOfPage":{"@id":"https:\/\/christmasinthepark.com\/vi\/chuong-trinh\/ong-gia-noel-den-tham\/#primaryimage"},"image":{"@id":"https:\/\/christmasinthepark.com\/vi\/chuong-trinh\/ong-gia-noel-den-tham\/#primaryimage"},"thumbnailUrl":"http:\/\/christmasinthepark.com\/wp-content\/uploads\/2025\/01\/SJCE-Santa-House-2.jpg","datePublished":"2024-03-10T13:29:43+00:00","dateModified":"2026-04-16T18:22:00+00:00","breadcrumb":{"@id":"https:\/\/christmasinthepark.com\/vi\/chuong-trinh\/ong-gia-noel-den-tham\/#breadcrumb"},"inLanguage":"vi-VN","potentialAction":[{"@type":"ReadAction","target":["https:\/\/christmasinthepark.com\/vi\/chuong-trinh\/ong-gia-noel-den-tham\/"]}]},{"@type":"ImageObject","inLanguage":"vi-VN","@id":"https:\/\/christmasinthepark.com\/vi\/chuong-trinh\/ong-gia-noel-den-tham\/#primaryimage","url":"http:\/\/christmasinthepark.com\/wp-content\/uploads\/2025\/01\/SJCE-Santa-House-2.jpg","contentUrl":"http:\/\/christmasinthepark.com\/wp-content\/uploads\/2025\/01\/SJCE-Santa-House-2.jpg"},{"@type":"BreadcrumbList","@id":"https:\/\/christmasinthepark.com\/vi\/chuong-trinh\/ong-gia-noel-den-tham\/#breadcrumb","itemListElement":[{"@type":"ListItem","position":1,"name":"Home","item":"https:\/\/christmasinthepark.com\/vi\/nha-moi\/"},{"@type":"ListItem","position":2,"name":"Ch\u01b0\u01a1ng tr\u00ecnh","item":"https:\/\/christmasinthepark.com\/vi\/chuong-trinh\/"},{"@type":"ListItem","position":3,"name":"\u00d4ng gi\u00e0 Noel \u0111\u1ebfn th\u0103m"}]},{"@type":"WebSite","@id":"https:\/\/christmasinthepark.com\/vi\/#website","url":"https:\/\/christmasinthepark.com\/vi\/","name":"Christmas in the Park","description":"Festivity, Lights, and Community Spirit","potentialAction":[{"@type":"SearchAction","target":{"@type":"EntryPoint","urlTemplate":"https:\/\/christmasinthepark.com\/vi\/?s={search_term_string}"},"query-input":{"@type":"PropertyValueSpecification","valueRequired":true,"valueName":"search_term_string"}}],"inLanguage":"vi-VN"}]}},"_links":{"self":[{"href":"https:\/\/christmasinthepark.com\/vi\/wp-json\/wp\/v2\/pages\/5314","targetHints":{"allow":["GET"]}}],"collection":[{"href":"https:\/\/christmasinthepark.com\/vi\/wp-json\/wp\/v2\/pages"}],"about":[{"href":"https:\/\/christmasinthepark.com\/vi\/wp-json\/wp\/v2\/types\/page"}],"author":[{"embeddable":true,"href":"https:\/\/christmasinthepark.com\/vi\/wp-json\/wp\/v2\/users\/4"}],"replies":[{"embeddable":true,"href":"https:\/\/christmasinthepark.com\/vi\/wp-json\/wp\/v2\/comments?post=5314"}],"version-history":[{"count":9,"href":"https:\/\/christmasinthepark.com\/vi\/wp-json\/wp\/v2\/pages\/5314\/revisions"}],"predecessor-version":[{"id":8267,"href":"https:\/\/christmasinthepark.com\/vi\/wp-json\/wp\/v2\/pages\/5314\/revisions\/8267"}],"up":[{"embeddable":true,"href":"https:\/\/christmasinthepark.com\/vi\/wp-json\/wp\/v2\/pages\/4991"}],"wp:attachment":[{"href":"https:\/\/christmasinthepark.com\/vi\/wp-json\/wp\/v2\/media?parent=5314"}],"curies":[{"name":"wp","href":"https:\/\/api.w.org\/{rel}","templated":true}]}}