{"id":5318,"date":"2024-03-10T06:29:43","date_gmt":"2024-03-10T13:29:43","guid":{"rendered":"http:\/\/christmasinthepark.com\/chuong-trinh\/san-khau-jingle-bell\/"},"modified":"2026-04-16T11:21:57","modified_gmt":"2026-04-16T18:21:57","slug":"san-khau-jingle-bell","status":"publish","type":"page","link":"https:\/\/christmasinthepark.com\/vi\/chuong-trinh\/san-khau-jingle-bell\/","title":{"rendered":"S\u00e2n kh\u1ea5u Jingle Bell"},"content":{"rendered":"\t\t<div data-elementor-type=\"wp-page\" data-elementor-id=\"5318\" class=\"elementor elementor-5318 elementor-218\" data-elementor-post-type=\"page\">\n\t\t\t\t<div class=\"elementor-element elementor-element-93b3a2b e-flex e-con-boxed e-con e-parent\" data-id=\"93b3a2b\" data-element_type=\"container\" data-e-type=\"container\">\n\t\t\t\t\t<div class=\"e-con-inner\">\n\t\t\t\t<div class=\"elementor-element elementor-element-47c5438 elementor-widget elementor-widget-image\" data-id=\"47c5438\" data-element_type=\"widget\" data-e-type=\"widget\" data-widget_type=\"image.default\">\n\t\t\t\t\t\t\t\t\t\t\t\t<figure class=\"wp-caption\">\n\t\t\t\t\t\t\t\t\t\t<img fetchpriority=\"high\" decoding=\"async\" width=\"590\" height=\"575\" src=\"https:\/\/christmasinthepark.com\/wp-content\/uploads\/2026\/02\/stage-red.png\" class=\"attachment-full size-full wp-image-8271\" alt=\"\" srcset=\"https:\/\/christmasinthepark.com\/wp-content\/uploads\/2026\/02\/stage-red.png 590w, https:\/\/christmasinthepark.com\/wp-content\/uploads\/2026\/02\/stage-red-300x292.png 300w\" sizes=\"(max-width: 590px) 100vw, 590px\" \/>\t\t\t\t\t\t\t\t\t\t\t<figcaption class=\"widget-image-caption wp-caption-text\">Ban nh\u1ea1c New Hope bi\u1ec3u di\u1ec5n tr\u00ean s\u00e2n kh\u1ea5u Jingle Bell t\u1ea1i l\u1ec5 h\u1ed9i Gi\u00e1ng sinh trong c\u00f4ng vi\u00ean.<\/figcaption>\n\t\t\t\t\t\t\t\t\t\t<\/figure>\n\t\t\t\t\t\t\t\t\t<\/div>\n\t\t\t\t\t<\/div>\n\t\t\t\t<\/div>\n\t\t<div class=\"elementor-element elementor-element-428b7c3d e-flex e-con-boxed e-con e-parent\" data-id=\"428b7c3d\" data-element_type=\"container\" data-e-type=\"container\">\n\t\t\t\t\t<div class=\"e-con-inner\">\n\t\t\t\t<div class=\"elementor-element elementor-element-29c39ffd elementor-widget elementor-widget-text-editor\" data-id=\"29c39ffd\" data-element_type=\"widget\" data-e-type=\"widget\" data-widget_type=\"text-editor.default\">\n\t\t\t\t\t\t\t\t\t<h4>T\u00f4n vinh t\u00e0i n\u0103ng \u0111\u1ecba ph\u01b0\u01a1ng trong m\u00f9a l\u1ec5 h\u1ed9i.<\/h4><p> <\/p><p><\/p><p><\/p><div><p><\/p><p data-start=\"621\" data-end=\"760\">S\u00e2n kh\u1ea5u Jingle Bell l\u00e0 n\u01a1i tr\u00ecnh di\u1ec5n c\u1ee7a c\u00e1c tr\u01b0\u1eddng h\u1ecdc, nh\u00f3m nh\u1ea3y, d\u00e0n h\u1ee3p x\u01b0\u1edbng, ban nh\u1ea1c v\u00e0 c\u00e1c ngh\u1ec7 s\u0129 c\u1ed9ng \u0111\u1ed3ng trong su\u1ed1t m\u00f9a l\u1ec5 h\u1ed9i Gi\u00e1ng sinh trong c\u00f4ng vi\u00ean.<\/p><p data-start=\"762\" data-end=\"880\">S\u00e2n kh\u1ea5u ngo\u00e0i tr\u1eddi c\u1ee7a ch\u00fang t\u00f4i t\u1ea1o n\u00ean m\u1ed9t kh\u00f4ng gian l\u1ec5 h\u1ed9i s\u00f4i \u0111\u1ed9ng \u1edf trung t\u00e2m th\u00e0nh ph\u1ed1, n\u01a1i c\u00e1c ngh\u1ec7 s\u0129 c\u00f3 th\u1ec3 chia s\u1ebb t\u00e0i n\u0103ng c\u1ee7a m\u00ecnh v\u1edbi h\u00e0ng ng\u00e0n du kh\u00e1ch.<\/p><p data-start=\"762\" data-end=\"880\">M\u1ed7i m\u00f9a di\u1ec5n c\u00f3 h\u01a1n 100 nh\u00f3m bi\u1ec3u di\u1ec5n \u0111\u1ecba ph\u01b0\u01a1ng tham gia.<\/p><h5 data-start=\"882\" data-end=\"922\"> <\/h5><h5 data-start=\"882\" data-end=\"922\">B\u1ea1n c\u00f3 h\u1ee9ng th\u00fa bi\u1ec3u di\u1ec5n kh\u00f4ng?<\/h5><p>\u0110\u0103ng k\u00fd cho m\u00f9a gi\u1ea3i s\u1eafp t\u1edbi s\u1ebd m\u1edf v\u00e0o m\u00f9a thu. H\u00e3y tham gia danh s\u00e1ch quan t\u00e2m c\u1ee7a ch\u00fang t\u00f4i \u0111\u1ec3 \u0111\u01b0\u1ee3c th\u00f4ng b\u00e1o khi vi\u1ec7c \u0111\u0103ng k\u00fd b\u1eaft \u0111\u1ea7u. <\/p><p> <\/p><p data-start=\"882\" data-end=\"922\"> <\/p><p data-start=\"882\" data-end=\"922\"> <\/p><p><\/p><\/div><p><\/p><p><\/p>\t\t\t\t\t\t\t\t<\/div>\n\t\t\t\t\t<\/div>\n\t\t\t\t<\/div>\n\t\t\t\t<\/div>\n\t\t","protected":false},"excerpt":{"rendered":"<p>Ban nh\u1ea1c New Hope bi\u1ec3u di\u1ec5n tr\u00ean s\u00e2n kh\u1ea5u Jingle Bell t\u1ea1i l\u1ec5 h\u1ed9i Gi\u00e1ng sinh trong c\u00f4ng vi\u00ean. T\u00f4n vinh t\u00e0i n\u0103ng \u0111\u1ecba ph\u01b0\u01a1ng trong m\u00f9a l\u1ec5 h\u1ed9i. S\u00e2n kh\u1ea5u Jingle Bell l\u00e0 n\u01a1i tr\u00ecnh di\u1ec5n c\u1ee7a c\u00e1c tr\u01b0\u1eddng h\u1ecdc, nh\u00f3m nh\u1ea3y, d\u00e0n h\u1ee3p x\u01b0\u1edbng, ban nh\u1ea1c v\u00e0 c\u00e1c ngh\u1ec7 s\u0129 c\u1ed9ng \u0111\u1ed3ng trong [&hellip;]<\/p>\n","protected":false},"author":4,"featured_media":0,"parent":4991,"menu_order":0,"comment_status":"closed","ping_status":"closed","template":"","meta":{"footnotes":""},"class_list":["post-5318","page","type-page","status-publish","hentry"],"acpt":{"meta":[]},"yoast_head":"<!-- This site is optimized with the Yoast SEO plugin v27.0 - https:\/\/yoast.com\/product\/yoast-seo-wordpress\/ -->\n<title>S\u00e2n kh\u1ea5u Jingle Bell - Christmas in the Park<\/title>\n<meta name=\"robots\" content=\"index, follow, max-snippet:-1, max-image-preview:large, max-video-preview:-1\" \/>\n<link rel=\"canonical\" href=\"https:\/\/christmasinthepark.com\/vi\/chuong-trinh\/san-khau-jingle-bell\/\" \/>\n<meta property=\"og:locale\" content=\"vi_VN\" \/>\n<meta property=\"og:type\" content=\"article\" \/>\n<meta property=\"og:title\" content=\"S\u00e2n kh\u1ea5u Jingle Bell - Christmas in the Park\" \/>\n<meta property=\"og:description\" content=\"Ban nh\u1ea1c New Hope bi\u1ec3u di\u1ec5n tr\u00ean s\u00e2n kh\u1ea5u Jingle Bell t\u1ea1i l\u1ec5 h\u1ed9i Gi\u00e1ng sinh trong c\u00f4ng vi\u00ean. T\u00f4n vinh t\u00e0i n\u0103ng \u0111\u1ecba ph\u01b0\u01a1ng trong m\u00f9a l\u1ec5 h\u1ed9i. S\u00e2n kh\u1ea5u Jingle Bell l\u00e0 n\u01a1i tr\u00ecnh di\u1ec5n c\u1ee7a c\u00e1c tr\u01b0\u1eddng h\u1ecdc, nh\u00f3m nh\u1ea3y, d\u00e0n h\u1ee3p x\u01b0\u1edbng, ban nh\u1ea1c v\u00e0 c\u00e1c ngh\u1ec7 s\u0129 c\u1ed9ng \u0111\u1ed3ng trong [&hellip;]\" \/>\n<meta property=\"og:url\" content=\"https:\/\/christmasinthepark.com\/vi\/chuong-trinh\/san-khau-jingle-bell\/\" \/>\n<meta property=\"og:site_name\" content=\"Christmas in the Park\" \/>\n<meta property=\"article:modified_time\" content=\"2026-04-16T18:21:57+00:00\" \/>\n<meta property=\"og:image\" content=\"https:\/\/christmasinthepark.com\/wp-content\/uploads\/2026\/02\/stage-red.png\" \/>\n\t<meta property=\"og:image:width\" content=\"590\" \/>\n\t<meta property=\"og:image:height\" content=\"575\" \/>\n\t<meta property=\"og:image:type\" content=\"image\/png\" \/>\n<meta name=\"twitter:card\" content=\"summary_large_image\" \/>\n<meta name=\"twitter:label1\" content=\"Est. reading time\" \/>\n\t<meta name=\"twitter:data1\" content=\"1 minute\" \/>\n<script type=\"application\/ld+json\" class=\"yoast-schema-graph\">{\"@context\":\"https:\/\/schema.org\",\"@graph\":[{\"@type\":\"WebPage\",\"@id\":\"https:\/\/christmasinthepark.com\/vi\/chuong-trinh\/san-khau-jingle-bell\/\",\"url\":\"https:\/\/christmasinthepark.com\/vi\/chuong-trinh\/san-khau-jingle-bell\/\",\"name\":\"S\u00e2n kh\u1ea5u Jingle Bell - Christmas in the Park\",\"isPartOf\":{\"@id\":\"https:\/\/christmasinthepark.com\/vi\/#website\"},\"primaryImageOfPage\":{\"@id\":\"https:\/\/christmasinthepark.com\/vi\/chuong-trinh\/san-khau-jingle-bell\/#primaryimage\"},\"image\":{\"@id\":\"https:\/\/christmasinthepark.com\/vi\/chuong-trinh\/san-khau-jingle-bell\/#primaryimage\"},\"thumbnailUrl\":\"https:\/\/christmasinthepark.com\/wp-content\/uploads\/2026\/02\/stage-red.png\",\"datePublished\":\"2024-03-10T13:29:43+00:00\",\"dateModified\":\"2026-04-16T18:21:57+00:00\",\"breadcrumb\":{\"@id\":\"https:\/\/christmasinthepark.com\/vi\/chuong-trinh\/san-khau-jingle-bell\/#breadcrumb\"},\"inLanguage\":\"vi-VN\",\"potentialAction\":[{\"@type\":\"ReadAction\",\"target\":[\"https:\/\/christmasinthepark.com\/vi\/chuong-trinh\/san-khau-jingle-bell\/\"]}]},{\"@type\":\"ImageObject\",\"inLanguage\":\"vi-VN\",\"@id\":\"https:\/\/christmasinthepark.com\/vi\/chuong-trinh\/san-khau-jingle-bell\/#primaryimage\",\"url\":\"https:\/\/christmasinthepark.com\/wp-content\/uploads\/2026\/02\/stage-red.png\",\"contentUrl\":\"https:\/\/christmasinthepark.com\/wp-content\/uploads\/2026\/02\/stage-red.png\"},{\"@type\":\"BreadcrumbList\",\"@id\":\"https:\/\/christmasinthepark.com\/vi\/chuong-trinh\/san-khau-jingle-bell\/#breadcrumb\",\"itemListElement\":[{\"@type\":\"ListItem\",\"position\":1,\"name\":\"Home\",\"item\":\"https:\/\/christmasinthepark.com\/vi\/nha-moi\/\"},{\"@type\":\"ListItem\",\"position\":2,\"name\":\"Ch\u01b0\u01a1ng tr\u00ecnh\",\"item\":\"https:\/\/christmasinthepark.com\/vi\/chuong-trinh\/\"},{\"@type\":\"ListItem\",\"position\":3,\"name\":\"S\u00e2n kh\u1ea5u Jingle Bell\"}]},{\"@type\":\"WebSite\",\"@id\":\"https:\/\/christmasinthepark.com\/vi\/#website\",\"url\":\"https:\/\/christmasinthepark.com\/vi\/\",\"name\":\"Christmas in the Park\",\"description\":\"Festivity, Lights, and Community Spirit\",\"potentialAction\":[{\"@type\":\"SearchAction\",\"target\":{\"@type\":\"EntryPoint\",\"urlTemplate\":\"https:\/\/christmasinthepark.com\/vi\/?s={search_term_string}\"},\"query-input\":{\"@type\":\"PropertyValueSpecification\",\"valueRequired\":true,\"valueName\":\"search_term_string\"}}],\"inLanguage\":\"vi-VN\"}]}<\/script>\n<!-- \/ Yoast SEO plugin. -->","yoast_head_json":{"title":"S\u00e2n kh\u1ea5u Jingle Bell - Christmas in the Park","robots":{"index":"index","follow":"follow","max-snippet":"max-snippet:-1","max-image-preview":"max-image-preview:large","max-video-preview":"max-video-preview:-1"},"canonical":"https:\/\/christmasinthepark.com\/vi\/chuong-trinh\/san-khau-jingle-bell\/","og_locale":"vi_VN","og_type":"article","og_title":"S\u00e2n kh\u1ea5u Jingle Bell - Christmas in the Park","og_description":"Ban nh\u1ea1c New Hope bi\u1ec3u di\u1ec5n tr\u00ean s\u00e2n kh\u1ea5u Jingle Bell t\u1ea1i l\u1ec5 h\u1ed9i Gi\u00e1ng sinh trong c\u00f4ng vi\u00ean. T\u00f4n vinh t\u00e0i n\u0103ng \u0111\u1ecba ph\u01b0\u01a1ng trong m\u00f9a l\u1ec5 h\u1ed9i. S\u00e2n kh\u1ea5u Jingle Bell l\u00e0 n\u01a1i tr\u00ecnh di\u1ec5n c\u1ee7a c\u00e1c tr\u01b0\u1eddng h\u1ecdc, nh\u00f3m nh\u1ea3y, d\u00e0n h\u1ee3p x\u01b0\u1edbng, ban nh\u1ea1c v\u00e0 c\u00e1c ngh\u1ec7 s\u0129 c\u1ed9ng \u0111\u1ed3ng trong [&hellip;]","og_url":"https:\/\/christmasinthepark.com\/vi\/chuong-trinh\/san-khau-jingle-bell\/","og_site_name":"Christmas in the Park","article_modified_time":"2026-04-16T18:21:57+00:00","og_image":[{"width":590,"height":575,"url":"https:\/\/christmasinthepark.com\/wp-content\/uploads\/2026\/02\/stage-red.png","type":"image\/png"}],"twitter_card":"summary_large_image","twitter_misc":{"Est. reading time":"1 minute"},"schema":{"@context":"https:\/\/schema.org","@graph":[{"@type":"WebPage","@id":"https:\/\/christmasinthepark.com\/vi\/chuong-trinh\/san-khau-jingle-bell\/","url":"https:\/\/christmasinthepark.com\/vi\/chuong-trinh\/san-khau-jingle-bell\/","name":"S\u00e2n kh\u1ea5u Jingle Bell - Christmas in the Park","isPartOf":{"@id":"https:\/\/christmasinthepark.com\/vi\/#website"},"primaryImageOfPage":{"@id":"https:\/\/christmasinthepark.com\/vi\/chuong-trinh\/san-khau-jingle-bell\/#primaryimage"},"image":{"@id":"https:\/\/christmasinthepark.com\/vi\/chuong-trinh\/san-khau-jingle-bell\/#primaryimage"},"thumbnailUrl":"https:\/\/christmasinthepark.com\/wp-content\/uploads\/2026\/02\/stage-red.png","datePublished":"2024-03-10T13:29:43+00:00","dateModified":"2026-04-16T18:21:57+00:00","breadcrumb":{"@id":"https:\/\/christmasinthepark.com\/vi\/chuong-trinh\/san-khau-jingle-bell\/#breadcrumb"},"inLanguage":"vi-VN","potentialAction":[{"@type":"ReadAction","target":["https:\/\/christmasinthepark.com\/vi\/chuong-trinh\/san-khau-jingle-bell\/"]}]},{"@type":"ImageObject","inLanguage":"vi-VN","@id":"https:\/\/christmasinthepark.com\/vi\/chuong-trinh\/san-khau-jingle-bell\/#primaryimage","url":"https:\/\/christmasinthepark.com\/wp-content\/uploads\/2026\/02\/stage-red.png","contentUrl":"https:\/\/christmasinthepark.com\/wp-content\/uploads\/2026\/02\/stage-red.png"},{"@type":"BreadcrumbList","@id":"https:\/\/christmasinthepark.com\/vi\/chuong-trinh\/san-khau-jingle-bell\/#breadcrumb","itemListElement":[{"@type":"ListItem","position":1,"name":"Home","item":"https:\/\/christmasinthepark.com\/vi\/nha-moi\/"},{"@type":"ListItem","position":2,"name":"Ch\u01b0\u01a1ng tr\u00ecnh","item":"https:\/\/christmasinthepark.com\/vi\/chuong-trinh\/"},{"@type":"ListItem","position":3,"name":"S\u00e2n kh\u1ea5u Jingle Bell"}]},{"@type":"WebSite","@id":"https:\/\/christmasinthepark.com\/vi\/#website","url":"https:\/\/christmasinthepark.com\/vi\/","name":"Christmas in the Park","description":"Festivity, Lights, and Community Spirit","potentialAction":[{"@type":"SearchAction","target":{"@type":"EntryPoint","urlTemplate":"https:\/\/christmasinthepark.com\/vi\/?s={search_term_string}"},"query-input":{"@type":"PropertyValueSpecification","valueRequired":true,"valueName":"search_term_string"}}],"inLanguage":"vi-VN"}]}},"_links":{"self":[{"href":"https:\/\/christmasinthepark.com\/vi\/wp-json\/wp\/v2\/pages\/5318","targetHints":{"allow":["GET"]}}],"collection":[{"href":"https:\/\/christmasinthepark.com\/vi\/wp-json\/wp\/v2\/pages"}],"about":[{"href":"https:\/\/christmasinthepark.com\/vi\/wp-json\/wp\/v2\/types\/page"}],"author":[{"embeddable":true,"href":"https:\/\/christmasinthepark.com\/vi\/wp-json\/wp\/v2\/users\/4"}],"replies":[{"embeddable":true,"href":"https:\/\/christmasinthepark.com\/vi\/wp-json\/wp\/v2\/comments?post=5318"}],"version-history":[{"count":8,"href":"https:\/\/christmasinthepark.com\/vi\/wp-json\/wp\/v2\/pages\/5318\/revisions"}],"predecessor-version":[{"id":9135,"href":"https:\/\/christmasinthepark.com\/vi\/wp-json\/wp\/v2\/pages\/5318\/revisions\/9135"}],"up":[{"embeddable":true,"href":"https:\/\/christmasinthepark.com\/vi\/wp-json\/wp\/v2\/pages\/4991"}],"wp:attachment":[{"href":"https:\/\/christmasinthepark.com\/vi\/wp-json\/wp\/v2\/media?parent=5318"}],"curies":[{"name":"wp","href":"https:\/\/api.w.org\/{rel}","templated":true}]}}