{"id":5636,"date":"2024-11-23T12:39:22","date_gmt":"2024-11-23T20:39:22","guid":{"rendered":"http:\/\/christmasinthepark.com\/quan-ruou-park\/"},"modified":"2026-04-16T11:22:05","modified_gmt":"2026-04-16T18:22:05","slug":"quan-ruou-park","status":"publish","type":"page","link":"https:\/\/christmasinthepark.com\/vi\/quan-ruou-park\/","title":{"rendered":"Qu\u00e1n r\u01b0\u1ee3u Park"},"content":{"rendered":"\t\t<div data-elementor-type=\"wp-page\" data-elementor-id=\"5636\" class=\"elementor elementor-5636 elementor-5632\" data-elementor-post-type=\"page\">\n\t\t\t\t<div class=\"elementor-element elementor-element-46bad31 e-con-full e-flex e-con e-parent\" data-id=\"46bad31\" data-element_type=\"container\" data-e-type=\"container\">\n\t\t<div class=\"elementor-element elementor-element-c510105 e-con-full e-flex e-con e-child\" data-id=\"c510105\" data-element_type=\"container\" data-e-type=\"container\">\n\t\t\t\t<div class=\"elementor-element elementor-element-23eac56 elementor-widget__width-inherit elementor-widget elementor-widget-text-editor\" data-id=\"23eac56\" data-element_type=\"widget\" data-e-type=\"widget\" data-widget_type=\"text-editor.default\">\n\t\t\t\t\t\t\t\t\t<p><strong>Qu\u00e1n r\u01b0\u1ee3u Park Tavern<\/strong> , t\u1ef1 h\u00e0o \u0111\u01b0\u1ee3c gi\u1edbi thi\u1ec7u b\u1edfi <strong>LiUNA Local 270<\/strong> , l\u00e0 m\u1ed9t \u0111i\u1ec3m t\u1ee5 h\u1ecdp \u1ea5m c\u00fang ngay gi\u1eefa l\u1ec5 h\u1ed9i Gi\u00e1ng sinh trong c\u00f4ng vi\u00ean. V\u1edbi th\u1ef1c \u0111\u01a1n \u0111a d\u1ea1ng c\u00e1c <strong>lo\u1ea1i bia th\u1ee7 c\u00f4ng \u0111\u1ecba ph\u01b0\u01a1ng, r\u01b0\u1ee3u vang v\u00e0 \u0111\u1ed3 u\u1ed1ng kh\u00f4ng c\u1ed3n<\/strong> , qu\u00e1n r\u01b0\u1ee3u n\u00e0y \u0111\u00e1p \u1ee9ng \u0111\u01b0\u1ee3c nhu c\u1ea7u c\u1ee7a m\u1ecdi ng\u01b0\u1eddi\u2014cho d\u00f9 b\u1ea1n \u0111ang n\u00e2ng ly ch\u00fac m\u1eebng m\u00f9a l\u1ec5 h\u1ed9i hay ch\u1ec9 \u0111\u01a1n gi\u1ea3n l\u00e0 mu\u1ed1n th\u01b0 gi\u00e3n \u1ea5m \u00e1p b\u00ean gia \u0111\u00ecnh v\u00e0 b\u1ea1n b\u00e8. <\/p>\n<p>Qu\u00e1n r\u01b0\u1ee3u n\u00e0y <strong>th\u00e2n thi\u1ec7n v\u1edbi gia \u0111\u00ecnh<\/strong> , ch\u00e0o \u0111\u00f3n kh\u00e1ch \u1edf m\u1ecdi l\u1ee9a tu\u1ed5i, v\u00e0 ch\u1ec9 ph\u1ee5c v\u1ee5 \u0111\u1ed3 u\u1ed1ng cho ng\u01b0\u1eddi t\u1eeb 21 tu\u1ed5i tr\u1edf l\u00ean. Nhi\u1ec1u <strong>m\u00e0n h\u00ecnh TV \u0111\u01b0\u1ee3c b\u1eadt su\u1ed1t c\u1ea3 tu\u1ea7n<\/strong> , chi\u1ebfu c\u00e1c tr\u1eadn \u0111\u1ea5u th\u1ec3 thao tr\u1ef1c ti\u1ebfp bao g\u1ed3m <strong>c\u00e1c tr\u1eadn \u0111\u1ea5u c\u1ee7a \u0111\u1ed9i San Jose Sharks, c\u00e1c tr\u1eadn \u0111\u1ea5u NFL<\/strong> v\u00e0 c\u00e1c s\u1ef1 ki\u1ec7n th\u1ec3 thao l\u1edbn kh\u00e1c &#8211; khi\u1ebfn n\u01a1i \u0111\u00e2y tr\u1edf th\u00e0nh \u0111\u1ecba \u0111i\u1ec3m l\u00fd t\u01b0\u1edfng \u0111\u1ec3 th\u01b0 gi\u00e3n v\u00e0 xem tr\u1eadn \u0111\u1ea5u m\u00e0 kh\u00f4ng c\u1ea7n r\u1eddi kh\u1ecfi c\u00f4ng vi\u00ean. <\/p>\n<p>M\u1ed7i <strong>t\u1ed1i th\u1ee9 Ba<\/strong> , qu\u00e1n r\u01b0\u1ee3u l\u1ea1i tr\u1edf n\u00ean s\u1ed1ng \u0111\u1ed9ng v\u1edbi <strong>nh\u1ea1c s\u1ed1ng do Qu\u1ef9 Levitt t\u1ed5 ch\u1ee9c<\/strong> , g\u00f3p ph\u1ea7n t\u1ea1o n\u00ean kh\u00f4ng kh\u00ed l\u1ec5 h\u1ed9i v\u00e0 tinh th\u1ea7n c\u1ed9ng \u0111\u1ed3ng.<\/p>\n<p>N\u1eb1m <strong>ngay trong c\u00f4ng vi\u00ean, ch\u1ec9 c\u00e1ch c\u00e2y th\u00f4ng Noel cao 19 m\u00e9t n\u1ed5i ti\u1ebfng v\u00e0i b\u01b0\u1edbc ch\u00e2n<\/strong> , Park Tavern l\u00e0 \u0111\u1ecba \u0111i\u1ec3m l\u00fd t\u01b0\u1edfng \u0111\u1ec3 d\u1eebng ch\u00e2n, tr\u00f2 chuy\u1ec7n v\u00e0 t\u1eadn h\u01b0\u1edfng m\u00f9a l\u1ec5 h\u1ed9i.<\/p>\n<p><strong>Gi\u1edd ho\u1ea1t \u0111\u1ed9ng<\/strong><\/p>\n<ul>\n<li><strong>C\u00e1c ng\u00e0y trong tu\u1ea7n<\/strong> : 17:00 \u2013 21:00<\/li>\n<li><strong>Cu\u1ed1i tu\u1ea7n<\/strong> : 12:00 tr\u01b0a \u2013 9:00 t\u1ed1i<\/li>\n<\/ul>\n<p>D\u00f9 b\u1ea1n mu\u1ed1n g\u1eb7p g\u1ee1 b\u1ea1n b\u00e8, th\u01b0 gi\u00e3n gi\u1eefa c\u00e1c m\u00e0n tr\u00ecnh di\u1ec5n hay th\u01b0\u1edfng th\u1ee9c nh\u1ea1c s\u1ed1ng v\u00e0 c\u00e1c s\u1ef1 ki\u1ec7n th\u1ec3 thao, Park Tavern ch\u00ednh l\u00e0 \u0111\u1ecba \u0111i\u1ec3m l\u00fd t\u01b0\u1edfng \u0111\u1ec3 t\u1ee5 h\u1ecdp trong m\u00f9a l\u1ec5 h\u1ed9i n\u00e0y.<\/p>\t\t\t\t\t\t\t\t<\/div>\n\t\t<div class=\"elementor-element elementor-element-0981d5a e-con-full e-flex e-con e-child\" data-id=\"0981d5a\" data-element_type=\"container\" data-e-type=\"container\">\n\t\t\t\t<div class=\"elementor-element elementor-element-701c3ff elementor-widget-mobile__width-inherit elementor-widget elementor-widget-image\" data-id=\"701c3ff\" data-element_type=\"widget\" data-e-type=\"widget\" data-widget_type=\"image.default\">\n\t\t\t\t\t\t\t\t\t\t\t\t\t\t\t<img fetchpriority=\"high\" decoding=\"async\" width=\"300\" height=\"225\" src=\"https:\/\/christmasinthepark.com\/wp-content\/uploads\/2025\/12\/IMG_0029-300x225-1.jpeg\" class=\"attachment-large size-large wp-image-8062\" alt=\"\" \/>\t\t\t\t\t\t\t\t\t\t\t\t\t\t\t<\/div>\n\t\t\t\t<div class=\"elementor-element elementor-element-4b1a09f elementor-widget-mobile__width-inherit elementor-widget elementor-widget-image\" data-id=\"4b1a09f\" data-element_type=\"widget\" data-e-type=\"widget\" data-widget_type=\"image.default\">\n\t\t\t\t\t\t\t\t\t\t\t\t\t\t\t<img decoding=\"async\" width=\"300\" height=\"169\" src=\"https:\/\/christmasinthepark.com\/wp-content\/uploads\/2025\/12\/IMG_6480-300x169-1.jpeg\" class=\"attachment-large size-large wp-image-8059\" alt=\"\" \/>\t\t\t\t\t\t\t\t\t\t\t\t\t\t\t<\/div>\n\t\t\t\t<div class=\"elementor-element elementor-element-52199d5 elementor-widget elementor-widget-image\" data-id=\"52199d5\" data-element_type=\"widget\" data-e-type=\"widget\" data-widget_type=\"image.default\">\n\t\t\t\t\t\t\t\t\t\t\t\t\t\t\t<img decoding=\"async\" width=\"225\" height=\"300\" src=\"https:\/\/christmasinthepark.com\/wp-content\/uploads\/2025\/12\/IMG_5213-225x300.jpeg\" class=\"attachment-medium size-medium wp-image-8035\" alt=\"\" srcset=\"https:\/\/christmasinthepark.com\/wp-content\/uploads\/2025\/12\/IMG_5213-225x300.jpeg 225w, https:\/\/christmasinthepark.com\/wp-content\/uploads\/2025\/12\/IMG_5213-768x1024.jpeg 768w, https:\/\/christmasinthepark.com\/wp-content\/uploads\/2025\/12\/IMG_5213-1152x1536.jpeg 1152w, https:\/\/christmasinthepark.com\/wp-content\/uploads\/2025\/12\/IMG_5213-1536x2048.jpeg 1536w, https:\/\/christmasinthepark.com\/wp-content\/uploads\/2025\/12\/IMG_5213-scaled.jpeg 1920w\" sizes=\"(max-width: 225px) 100vw, 225px\" \/>\t\t\t\t\t\t\t\t\t\t\t\t\t\t\t<\/div>\n\t\t\t\t<\/div>\n\t\t\t\t<\/div>\n\t\t<div class=\"elementor-element elementor-element-96ba219 e-con-full e-flex e-con e-child\" data-id=\"96ba219\" data-element_type=\"container\" data-e-type=\"container\">\n\t\t\t\t<div class=\"elementor-element elementor-element-bcd2852 elementor-widget elementor-widget-image\" data-id=\"bcd2852\" data-element_type=\"widget\" data-e-type=\"widget\" data-widget_type=\"image.default\">\n\t\t\t\t\t\t\t\t\t\t\t\t\t\t\t<img loading=\"lazy\" decoding=\"async\" width=\"1024\" height=\"1024\" src=\"https:\/\/christmasinthepark.com\/wp-content\/uploads\/2025\/12\/Tavern-LiUNA-270.png\" class=\"attachment-large size-large wp-image-8038\" alt=\"\" srcset=\"https:\/\/christmasinthepark.com\/wp-content\/uploads\/2025\/12\/Tavern-LiUNA-270.png 1024w, https:\/\/christmasinthepark.com\/wp-content\/uploads\/2025\/12\/Tavern-LiUNA-270-300x300.png 300w, https:\/\/christmasinthepark.com\/wp-content\/uploads\/2025\/12\/Tavern-LiUNA-270-150x150.png 150w, https:\/\/christmasinthepark.com\/wp-content\/uploads\/2025\/12\/Tavern-LiUNA-270-768x768.png 768w\" sizes=\"(max-width: 1024px) 100vw, 1024px\" \/>\t\t\t\t\t\t\t\t\t\t\t\t\t\t\t<\/div>\n\t\t\t\t<div class=\"elementor-element elementor-element-e442ace elementor-widget elementor-widget-image\" data-id=\"e442ace\" data-element_type=\"widget\" data-e-type=\"widget\" data-widget_type=\"image.default\">\n\t\t\t\t\t\t\t\t\t\t\t\t\t\t\t<img loading=\"lazy\" decoding=\"async\" width=\"780\" height=\"439\" src=\"https:\/\/christmasinthepark.com\/wp-content\/uploads\/2025\/12\/The-Park-Tavern_min.webp\" class=\"attachment-large size-large wp-image-8051\" alt=\"\" srcset=\"https:\/\/christmasinthepark.com\/wp-content\/uploads\/2025\/12\/The-Park-Tavern_min.webp 780w, https:\/\/christmasinthepark.com\/wp-content\/uploads\/2025\/12\/The-Park-Tavern_min-300x169.webp 300w, https:\/\/christmasinthepark.com\/wp-content\/uploads\/2025\/12\/The-Park-Tavern_min-768x432.webp 768w\" sizes=\"(max-width: 780px) 100vw, 780px\" \/>\t\t\t\t\t\t\t\t\t\t\t\t\t\t\t<\/div>\n\t\t\t\t<\/div>\n\t\t\t\t<\/div>\n\t\t\t\t<\/div>\n\t\t","protected":false},"excerpt":{"rendered":"<p>Qu\u00e1n r\u01b0\u1ee3u Park Tavern , t\u1ef1 h\u00e0o \u0111\u01b0\u1ee3c gi\u1edbi thi\u1ec7u b\u1edfi LiUNA Local 270 , l\u00e0 m\u1ed9t \u0111i\u1ec3m t\u1ee5 h\u1ecdp \u1ea5m c\u00fang ngay gi\u1eefa l\u1ec5 h\u1ed9i Gi\u00e1ng sinh trong c\u00f4ng vi\u00ean. V\u1edbi th\u1ef1c \u0111\u01a1n \u0111a d\u1ea1ng c\u00e1c lo\u1ea1i bia th\u1ee7 c\u00f4ng \u0111\u1ecba ph\u01b0\u01a1ng, r\u01b0\u1ee3u vang v\u00e0 \u0111\u1ed3 u\u1ed1ng kh\u00f4ng c\u1ed3n , qu\u00e1n r\u01b0\u1ee3u n\u00e0y \u0111\u00e1p [&hellip;]<\/p>\n","protected":false},"author":4,"featured_media":0,"parent":0,"menu_order":0,"comment_status":"closed","ping_status":"closed","template":"","meta":{"footnotes":""},"class_list":["post-5636","page","type-page","status-publish","hentry"],"acpt":{"meta":[]},"yoast_head":"<!-- This site is optimized with the Yoast SEO plugin v27.0 - https:\/\/yoast.com\/product\/yoast-seo-wordpress\/ -->\n<title>Qu\u00e1n r\u01b0\u1ee3u Park - Christmas in the Park<\/title>\n<meta name=\"robots\" content=\"index, follow, max-snippet:-1, max-image-preview:large, max-video-preview:-1\" \/>\n<link rel=\"canonical\" href=\"https:\/\/christmasinthepark.com\/vi\/quan-ruou-park\/\" \/>\n<meta property=\"og:locale\" content=\"vi_VN\" \/>\n<meta property=\"og:type\" content=\"article\" \/>\n<meta property=\"og:title\" content=\"Qu\u00e1n r\u01b0\u1ee3u Park - Christmas in the Park\" \/>\n<meta property=\"og:description\" content=\"Qu\u00e1n r\u01b0\u1ee3u Park Tavern , t\u1ef1 h\u00e0o \u0111\u01b0\u1ee3c gi\u1edbi thi\u1ec7u b\u1edfi LiUNA Local 270 , l\u00e0 m\u1ed9t \u0111i\u1ec3m t\u1ee5 h\u1ecdp \u1ea5m c\u00fang ngay gi\u1eefa l\u1ec5 h\u1ed9i Gi\u00e1ng sinh trong c\u00f4ng vi\u00ean. V\u1edbi th\u1ef1c \u0111\u01a1n \u0111a d\u1ea1ng c\u00e1c lo\u1ea1i bia th\u1ee7 c\u00f4ng \u0111\u1ecba ph\u01b0\u01a1ng, r\u01b0\u1ee3u vang v\u00e0 \u0111\u1ed3 u\u1ed1ng kh\u00f4ng c\u1ed3n , qu\u00e1n r\u01b0\u1ee3u n\u00e0y \u0111\u00e1p [&hellip;]\" \/>\n<meta property=\"og:url\" content=\"https:\/\/christmasinthepark.com\/vi\/quan-ruou-park\/\" \/>\n<meta property=\"og:site_name\" content=\"Christmas in the Park\" \/>\n<meta property=\"article:modified_time\" content=\"2026-04-16T18:22:05+00:00\" \/>\n<meta property=\"og:image\" content=\"https:\/\/christmasinthepark.com\/wp-content\/uploads\/2025\/12\/IMG_0029-300x225-1.jpeg\" \/>\n\t<meta property=\"og:image:width\" content=\"300\" \/>\n\t<meta property=\"og:image:height\" content=\"225\" \/>\n\t<meta property=\"og:image:type\" content=\"image\/jpeg\" \/>\n<meta name=\"twitter:card\" content=\"summary_large_image\" \/>\n<meta name=\"twitter:label1\" content=\"Est. reading time\" \/>\n\t<meta name=\"twitter:data1\" content=\"2 minutes\" \/>\n<script type=\"application\/ld+json\" class=\"yoast-schema-graph\">{\"@context\":\"https:\/\/schema.org\",\"@graph\":[{\"@type\":\"WebPage\",\"@id\":\"https:\/\/christmasinthepark.com\/vi\/quan-ruou-park\/\",\"url\":\"https:\/\/christmasinthepark.com\/vi\/quan-ruou-park\/\",\"name\":\"Qu\u00e1n r\u01b0\u1ee3u Park - Christmas in the Park\",\"isPartOf\":{\"@id\":\"https:\/\/christmasinthepark.com\/vi\/#website\"},\"primaryImageOfPage\":{\"@id\":\"https:\/\/christmasinthepark.com\/vi\/quan-ruou-park\/#primaryimage\"},\"image\":{\"@id\":\"https:\/\/christmasinthepark.com\/vi\/quan-ruou-park\/#primaryimage\"},\"thumbnailUrl\":\"https:\/\/christmasinthepark.com\/wp-content\/uploads\/2025\/12\/IMG_0029-300x225-1.jpeg\",\"datePublished\":\"2024-11-23T20:39:22+00:00\",\"dateModified\":\"2026-04-16T18:22:05+00:00\",\"breadcrumb\":{\"@id\":\"https:\/\/christmasinthepark.com\/vi\/quan-ruou-park\/#breadcrumb\"},\"inLanguage\":\"vi-VN\",\"potentialAction\":[{\"@type\":\"ReadAction\",\"target\":[\"https:\/\/christmasinthepark.com\/vi\/quan-ruou-park\/\"]}]},{\"@type\":\"ImageObject\",\"inLanguage\":\"vi-VN\",\"@id\":\"https:\/\/christmasinthepark.com\/vi\/quan-ruou-park\/#primaryimage\",\"url\":\"https:\/\/christmasinthepark.com\/wp-content\/uploads\/2025\/12\/IMG_0029-300x225-1.jpeg\",\"contentUrl\":\"https:\/\/christmasinthepark.com\/wp-content\/uploads\/2025\/12\/IMG_0029-300x225-1.jpeg\"},{\"@type\":\"BreadcrumbList\",\"@id\":\"https:\/\/christmasinthepark.com\/vi\/quan-ruou-park\/#breadcrumb\",\"itemListElement\":[{\"@type\":\"ListItem\",\"position\":1,\"name\":\"Home\",\"item\":\"https:\/\/christmasinthepark.com\/vi\/nha-moi\/\"},{\"@type\":\"ListItem\",\"position\":2,\"name\":\"Qu\u00e1n r\u01b0\u1ee3u Park\"}]},{\"@type\":\"WebSite\",\"@id\":\"https:\/\/christmasinthepark.com\/vi\/#website\",\"url\":\"https:\/\/christmasinthepark.com\/vi\/\",\"name\":\"Christmas in the Park\",\"description\":\"Festivity, Lights, and Community Spirit\",\"potentialAction\":[{\"@type\":\"SearchAction\",\"target\":{\"@type\":\"EntryPoint\",\"urlTemplate\":\"https:\/\/christmasinthepark.com\/vi\/?s={search_term_string}\"},\"query-input\":{\"@type\":\"PropertyValueSpecification\",\"valueRequired\":true,\"valueName\":\"search_term_string\"}}],\"inLanguage\":\"vi-VN\"}]}<\/script>\n<!-- \/ Yoast SEO plugin. -->","yoast_head_json":{"title":"Qu\u00e1n r\u01b0\u1ee3u Park - Christmas in the Park","robots":{"index":"index","follow":"follow","max-snippet":"max-snippet:-1","max-image-preview":"max-image-preview:large","max-video-preview":"max-video-preview:-1"},"canonical":"https:\/\/christmasinthepark.com\/vi\/quan-ruou-park\/","og_locale":"vi_VN","og_type":"article","og_title":"Qu\u00e1n r\u01b0\u1ee3u Park - Christmas in the Park","og_description":"Qu\u00e1n r\u01b0\u1ee3u Park Tavern , t\u1ef1 h\u00e0o \u0111\u01b0\u1ee3c gi\u1edbi thi\u1ec7u b\u1edfi LiUNA Local 270 , l\u00e0 m\u1ed9t \u0111i\u1ec3m t\u1ee5 h\u1ecdp \u1ea5m c\u00fang ngay gi\u1eefa l\u1ec5 h\u1ed9i Gi\u00e1ng sinh trong c\u00f4ng vi\u00ean. V\u1edbi th\u1ef1c \u0111\u01a1n \u0111a d\u1ea1ng c\u00e1c lo\u1ea1i bia th\u1ee7 c\u00f4ng \u0111\u1ecba ph\u01b0\u01a1ng, r\u01b0\u1ee3u vang v\u00e0 \u0111\u1ed3 u\u1ed1ng kh\u00f4ng c\u1ed3n , qu\u00e1n r\u01b0\u1ee3u n\u00e0y \u0111\u00e1p [&hellip;]","og_url":"https:\/\/christmasinthepark.com\/vi\/quan-ruou-park\/","og_site_name":"Christmas in the Park","article_modified_time":"2026-04-16T18:22:05+00:00","og_image":[{"width":300,"height":225,"url":"https:\/\/christmasinthepark.com\/wp-content\/uploads\/2025\/12\/IMG_0029-300x225-1.jpeg","type":"image\/jpeg"}],"twitter_card":"summary_large_image","twitter_misc":{"Est. reading time":"2 minutes"},"schema":{"@context":"https:\/\/schema.org","@graph":[{"@type":"WebPage","@id":"https:\/\/christmasinthepark.com\/vi\/quan-ruou-park\/","url":"https:\/\/christmasinthepark.com\/vi\/quan-ruou-park\/","name":"Qu\u00e1n r\u01b0\u1ee3u Park - Christmas in the Park","isPartOf":{"@id":"https:\/\/christmasinthepark.com\/vi\/#website"},"primaryImageOfPage":{"@id":"https:\/\/christmasinthepark.com\/vi\/quan-ruou-park\/#primaryimage"},"image":{"@id":"https:\/\/christmasinthepark.com\/vi\/quan-ruou-park\/#primaryimage"},"thumbnailUrl":"https:\/\/christmasinthepark.com\/wp-content\/uploads\/2025\/12\/IMG_0029-300x225-1.jpeg","datePublished":"2024-11-23T20:39:22+00:00","dateModified":"2026-04-16T18:22:05+00:00","breadcrumb":{"@id":"https:\/\/christmasinthepark.com\/vi\/quan-ruou-park\/#breadcrumb"},"inLanguage":"vi-VN","potentialAction":[{"@type":"ReadAction","target":["https:\/\/christmasinthepark.com\/vi\/quan-ruou-park\/"]}]},{"@type":"ImageObject","inLanguage":"vi-VN","@id":"https:\/\/christmasinthepark.com\/vi\/quan-ruou-park\/#primaryimage","url":"https:\/\/christmasinthepark.com\/wp-content\/uploads\/2025\/12\/IMG_0029-300x225-1.jpeg","contentUrl":"https:\/\/christmasinthepark.com\/wp-content\/uploads\/2025\/12\/IMG_0029-300x225-1.jpeg"},{"@type":"BreadcrumbList","@id":"https:\/\/christmasinthepark.com\/vi\/quan-ruou-park\/#breadcrumb","itemListElement":[{"@type":"ListItem","position":1,"name":"Home","item":"https:\/\/christmasinthepark.com\/vi\/nha-moi\/"},{"@type":"ListItem","position":2,"name":"Qu\u00e1n r\u01b0\u1ee3u Park"}]},{"@type":"WebSite","@id":"https:\/\/christmasinthepark.com\/vi\/#website","url":"https:\/\/christmasinthepark.com\/vi\/","name":"Christmas in the Park","description":"Festivity, Lights, and Community Spirit","potentialAction":[{"@type":"SearchAction","target":{"@type":"EntryPoint","urlTemplate":"https:\/\/christmasinthepark.com\/vi\/?s={search_term_string}"},"query-input":{"@type":"PropertyValueSpecification","valueRequired":true,"valueName":"search_term_string"}}],"inLanguage":"vi-VN"}]}},"_links":{"self":[{"href":"https:\/\/christmasinthepark.com\/vi\/wp-json\/wp\/v2\/pages\/5636","targetHints":{"allow":["GET"]}}],"collection":[{"href":"https:\/\/christmasinthepark.com\/vi\/wp-json\/wp\/v2\/pages"}],"about":[{"href":"https:\/\/christmasinthepark.com\/vi\/wp-json\/wp\/v2\/types\/page"}],"author":[{"embeddable":true,"href":"https:\/\/christmasinthepark.com\/vi\/wp-json\/wp\/v2\/users\/4"}],"replies":[{"embeddable":true,"href":"https:\/\/christmasinthepark.com\/vi\/wp-json\/wp\/v2\/comments?post=5636"}],"version-history":[{"count":14,"href":"https:\/\/christmasinthepark.com\/vi\/wp-json\/wp\/v2\/pages\/5636\/revisions"}],"predecessor-version":[{"id":8098,"href":"https:\/\/christmasinthepark.com\/vi\/wp-json\/wp\/v2\/pages\/5636\/revisions\/8098"}],"wp:attachment":[{"href":"https:\/\/christmasinthepark.com\/vi\/wp-json\/wp\/v2\/media?parent=5636"}],"curies":[{"name":"wp","href":"https:\/\/api.w.org\/{rel}","templated":true}]}}