{"id":5647,"date":"2024-11-23T12:44:57","date_gmt":"2024-11-23T20:44:57","guid":{"rendered":"http:\/\/christmasinthepark.com\/downtown-ice-va-winter-wonderland\/"},"modified":"2024-11-23T12:45:06","modified_gmt":"2024-11-23T20:45:06","slug":"downtown-ice-va-winter-wonderland","status":"publish","type":"page","link":"https:\/\/christmasinthepark.com\/vi\/downtown-ice-va-winter-wonderland\/","title":{"rendered":"Downtown Ice v\u00e0 Winter Wonderland"},"content":{"rendered":"\n<p><\/p>\n\n<div class=\"wp-block-columns is-layout-flex wp-container-core-columns-is-layout-9d6595d7 wp-block-columns-is-layout-flex\">\n<div class=\"wp-block-column is-layout-flow wp-block-column-is-layout-flow\" style=\"flex-basis:60%\">\n<h3 class=\"wp-block-heading\"><strong>X\u1ee9 s\u1edf th\u1ea7n ti\u00ean m\u00f9a \u0111\u00f4ng<\/strong><\/h3>\n\n\n\n<p>N\u0103m nay, Winter Wonderland s\u1ebd mang \u0111\u1ebfn nh\u1eefng thay \u0111\u1ed5i m\u1edbi m\u1ebb trong hai tu\u1ea7n \u0111\u1ea7u ti\u00ean c\u1ee7a m\u00f9a gi\u1ea3i, \u0111\u1ec3 \u0111\u00e1p l\u1ea1i ph\u1ea3n h\u1ed3i t\u1eeb m\u1ed9t nh\u00e0 ph\u00e1t tri\u1ec3n trung t\u00e2m th\u00e0nh ph\u1ed1 n\u1eb1m tr\u00ean Park Avenue v\u00e0 San Jose State University Spartan Village tr\u00ean Paseo, n\u01a1i g\u1ea7n \u0111\u00e2y \u0111\u00e3 b\u1ed5 sung th\u00eam nh\u00e0 \u1edf cho sinh vi\u00ean g\u1ea7n \u0111\u00f3. Nh\u01b0 th\u01b0\u1eddng l\u1ec7, Winter Wonderland s\u1ebd c\u00f3 nhi\u1ec1u tr\u00f2 ch\u01a1i, ho\u1ea1t \u0111\u1ed9ng v\u00e0 l\u1ef1a ch\u1ecdn th\u1ef1c ph\u1ea9m th\u00e2n thi\u1ec7n v\u1edbi gia \u0111\u00ecnh, c\u00f9ng v\u1edbi vi\u1ec7c b\u1ed5 sung c\u00e1c b\u1ea3n c\u1eadp nh\u1eadt l\u1ecbch tr\u00ecnh \u0111\u1ed9c \u0111\u00e1o. <\/p>\n\n\n\n<p class=\"margin-bottom-xs\"><strong>B\u1eaft \u0111\u1ea7u t\u1eeb ng\u00e0y 29 th\u00e1ng 11:<\/strong> Du kh\u00e1ch c\u00f3 th\u1ec3 th\u01b0\u1edfng th\u1ee9c V\u00f2ng \u0111u quay kh\u1ed5ng l\u1ed3 mang t\u00ednh bi\u1ec3u t\u01b0\u1ee3ng tr\u00ean \u0110\u1ea1i l\u1ed9 Park<\/p>\n\n\n\n<p class=\"margin-bottom-4xs\"><strong>Winter Wonderland gi\u1edbi thi\u1ec7u Ch\u1ee3 \u0111\u00eam v\u0103n h\u00f3a Gi\u1edd m\u1edf c\u1eeda c\u1ee7a H\u1ed9i ch\u1ee3 qu\u00e0 t\u1eb7ng ng\u00e0y l\u1ec5:<\/strong><\/p>\n\n\n\n<p class=\"margin-bottom-4xs\"><strong>Ng\u00e0y 29, 30 th\u00e1ng 11, ng\u00e0y 1 th\u00e1ng 12:<\/strong> 5-10 gi\u1edd t\u1ed1i<\/p>\n\n\n\n<p><strong>Ng\u00e0y 5-8 th\u00e1ng 12:<\/strong> 5-10 gi\u1edd t\u1ed1i<\/p>\n<\/div>\n\n\n\n<div class=\"wp-block-column is-layout-flow wp-block-column-is-layout-flow\" style=\"flex-basis:40%\"><div class=\"wp-block-image \">\n<figure class=\"aligncenter size-full\"><img fetchpriority=\"high\" decoding=\"async\" width=\"270\" height=\"221\" src=\"http:\/\/christmasinthepark.com\/wp-content\/uploads\/2024\/11\/Winter-Wonderland.png\" alt=\"x&#x1EE9; s&#x1EDF; th&#x1EA7;n ti&#xEA;n m&#xF9;a &#x111;&#xF4;ng\" class=\"wp-image-5642\"\/><\/figure>\n<\/div><\/div>\n<\/div>\n\n<p class=\"margin-bottom-xs\"><strong>B\u1eaft \u0111\u1ea7u t\u1eeb ng\u00e0y 13 th\u00e1ng 12 \u0111\u1ebfn ng\u00e0y 1 th\u00e1ng 1:<\/strong> <\/p>\n\n<p class=\"margin-bottom-4xs\">C\u00e1c tr\u00f2 ch\u01a1i v\u00e0 chuy\u1ebfn \u0111i gi\u1ea3i tr\u00ed d\u00e0nh cho gia \u0111\u00ecnh b\u1ed5 sung s\u1ebd tham gia V\u00f2ng \u0111u quay kh\u1ed5ng l\u1ed3 \u0111\u1ec3 ho\u00e0n thi\u1ec7n tr\u1ea3i nghi\u1ec7m l\u1ec5 h\u1ed9i<\/p>\n\n<p><strong>Gi\u1edd m\u1edf c\u1eeda chung:<\/strong> 12 gi\u1edd tr\u01b0a &#8211; 11 gi\u1edd t\u1ed1i h\u00e0ng ng\u00e0y.<\/p>\n\n<p>Vui l\u00f2ng ki\u1ec3m tra trang web \u0111\u1ec3 bi\u1ebft th\u00f4ng tin c\u1eadp nh\u1eadt v\u00e0 th\u00f4ng tin v\u1ec1 v\u00e9.  <a href=\"http:\/\/www.winterwonderlandsj.com\/\" target=\"_blank\" rel=\"noreferrer noopener\">www.winterwonderlandsj.com<\/a><\/p>\n\n<h3 class=\"wp-block-heading margin-top-xl\"><strong>S\u00e2n b\u0103ng trung t\u00e2m th\u00e0nh ph\u1ed1<\/strong><\/h3>\n\n<p>Downtown Ice l\u00e0 k\u1ebft qu\u1ea3 c\u1ee7a r\u1ea5t nhi\u1ec1u ng\u01b0\u1eddi tuy\u1ec7t v\u1eddi v\u00e0 s\u1ef1 h\u1ee3p t\u00e1c tuy\u1ec7t v\u1eddi gi\u1eefa SJDA v\u00e0 Special Ice. C\u00f9ng v\u1edbi s\u1ef1 h\u1ed7 tr\u1ee3 t\u1eeb Th\u00e0nh ph\u1ed1 San Jose v\u00e0 c\u00e1c \u0111\u1ed1i t\u00e1c \u0111\u1ecba ph\u01b0\u01a1ng, ch\u00fang t\u00f4i s\u1ebd gi\u1edbi thi\u1ec7u s\u1ef1 ki\u1ec7n gia \u0111\u00ecnh tuy\u1ec7t v\u1eddi nh\u1ea5t t\u1ea1i Thung l\u0169ng Silicon v\u00e0 ch\u00fang t\u00f4i hy v\u1ecdng s\u1edbm \u0111\u01b0\u1ee3c g\u1eb7p b\u1ea1n. <\/p>\n\n<p>Mua v\u00e9 t\u1ea1i \u0111\u00e2y: <a href=\"https:\/\/sanjose.ticketspice.com\/san-jose-downtown-ice-202425\" target=\"_blank\" rel=\"noreferrer noopener\">https:\/\/sanjose.ticketspice.com\/san-jose-downtown-ice-202425<\/a><\/p>\n\n<figure class=\"wp-block-image size-full\"><img decoding=\"async\" width=\"203\" height=\"51\" src=\"http:\/\/christmasinthepark.com\/wp-content\/uploads\/2024\/11\/Downtown-Ice.png\" alt=\"b&#x103;ng trung t&#xE2;m th&#xE0;nh ph&#x1ED1;\" class=\"wp-image-5639\"\/><\/figure>\n\n<p><\/p>\n","protected":false},"excerpt":{"rendered":"<p>X\u1ee9 s\u1edf th\u1ea7n ti\u00ean m\u00f9a \u0111\u00f4ng N\u0103m nay, Winter Wonderland s\u1ebd mang \u0111\u1ebfn nh\u1eefng thay \u0111\u1ed5i m\u1edbi m\u1ebb trong hai tu\u1ea7n \u0111\u1ea7u ti\u00ean c\u1ee7a m\u00f9a gi\u1ea3i, \u0111\u1ec3 \u0111\u00e1p l\u1ea1i ph\u1ea3n h\u1ed3i t\u1eeb m\u1ed9t nh\u00e0 ph\u00e1t tri\u1ec3n trung t\u00e2m th\u00e0nh ph\u1ed1 n\u1eb1m tr\u00ean Park Avenue v\u00e0 San Jose State University Spartan Village tr\u00ean Paseo, n\u01a1i g\u1ea7n [&hellip;]<\/p>\n","protected":false},"author":4,"featured_media":0,"parent":0,"menu_order":0,"comment_status":"closed","ping_status":"closed","template":"","meta":{"footnotes":""},"class_list":["post-5647","page","type-page","status-publish","hentry"],"acpt":{"meta":[]},"yoast_head":"<!-- This site is optimized with the Yoast SEO plugin v27.0 - https:\/\/yoast.com\/product\/yoast-seo-wordpress\/ -->\n<title>Downtown Ice v\u00e0 Winter Wonderland - Christmas in the Park<\/title>\n<meta name=\"robots\" content=\"index, follow, max-snippet:-1, max-image-preview:large, max-video-preview:-1\" \/>\n<link rel=\"canonical\" href=\"https:\/\/christmasinthepark.com\/vi\/downtown-ice-va-winter-wonderland\/\" \/>\n<meta property=\"og:locale\" content=\"vi_VN\" \/>\n<meta property=\"og:type\" content=\"article\" \/>\n<meta property=\"og:title\" content=\"Downtown Ice v\u00e0 Winter Wonderland - Christmas in the Park\" \/>\n<meta property=\"og:description\" content=\"X\u1ee9 s\u1edf th\u1ea7n ti\u00ean m\u00f9a \u0111\u00f4ng N\u0103m nay, Winter Wonderland s\u1ebd mang \u0111\u1ebfn nh\u1eefng thay \u0111\u1ed5i m\u1edbi m\u1ebb trong hai tu\u1ea7n \u0111\u1ea7u ti\u00ean c\u1ee7a m\u00f9a gi\u1ea3i, \u0111\u1ec3 \u0111\u00e1p l\u1ea1i ph\u1ea3n h\u1ed3i t\u1eeb m\u1ed9t nh\u00e0 ph\u00e1t tri\u1ec3n trung t\u00e2m th\u00e0nh ph\u1ed1 n\u1eb1m tr\u00ean Park Avenue v\u00e0 San Jose State University Spartan Village tr\u00ean Paseo, n\u01a1i g\u1ea7n [&hellip;]\" \/>\n<meta property=\"og:url\" content=\"https:\/\/christmasinthepark.com\/vi\/downtown-ice-va-winter-wonderland\/\" \/>\n<meta property=\"og:site_name\" content=\"Christmas in the Park\" \/>\n<meta property=\"article:modified_time\" content=\"2024-11-23T20:45:06+00:00\" \/>\n<meta property=\"og:image\" content=\"http:\/\/christmasinthepark.com\/wp-content\/uploads\/2024\/11\/Winter-Wonderland.png\" \/>\n<meta name=\"twitter:card\" content=\"summary_large_image\" \/>\n<meta name=\"twitter:label1\" content=\"Est. reading time\" \/>\n\t<meta name=\"twitter:data1\" content=\"2 minutes\" \/>\n<script type=\"application\/ld+json\" class=\"yoast-schema-graph\">{\"@context\":\"https:\/\/schema.org\",\"@graph\":[{\"@type\":\"WebPage\",\"@id\":\"https:\/\/christmasinthepark.com\/vi\/downtown-ice-va-winter-wonderland\/\",\"url\":\"https:\/\/christmasinthepark.com\/vi\/downtown-ice-va-winter-wonderland\/\",\"name\":\"Downtown Ice v\u00e0 Winter Wonderland - Christmas in the Park\",\"isPartOf\":{\"@id\":\"https:\/\/christmasinthepark.com\/vi\/#website\"},\"primaryImageOfPage\":{\"@id\":\"https:\/\/christmasinthepark.com\/vi\/downtown-ice-va-winter-wonderland\/#primaryimage\"},\"image\":{\"@id\":\"https:\/\/christmasinthepark.com\/vi\/downtown-ice-va-winter-wonderland\/#primaryimage\"},\"thumbnailUrl\":\"http:\/\/christmasinthepark.com\/wp-content\/uploads\/2024\/11\/Winter-Wonderland.png\",\"datePublished\":\"2024-11-23T20:44:57+00:00\",\"dateModified\":\"2024-11-23T20:45:06+00:00\",\"breadcrumb\":{\"@id\":\"https:\/\/christmasinthepark.com\/vi\/downtown-ice-va-winter-wonderland\/#breadcrumb\"},\"inLanguage\":\"vi-VN\",\"potentialAction\":[{\"@type\":\"ReadAction\",\"target\":[\"https:\/\/christmasinthepark.com\/vi\/downtown-ice-va-winter-wonderland\/\"]}]},{\"@type\":\"ImageObject\",\"inLanguage\":\"vi-VN\",\"@id\":\"https:\/\/christmasinthepark.com\/vi\/downtown-ice-va-winter-wonderland\/#primaryimage\",\"url\":\"http:\/\/christmasinthepark.com\/wp-content\/uploads\/2024\/11\/Winter-Wonderland.png\",\"contentUrl\":\"http:\/\/christmasinthepark.com\/wp-content\/uploads\/2024\/11\/Winter-Wonderland.png\"},{\"@type\":\"BreadcrumbList\",\"@id\":\"https:\/\/christmasinthepark.com\/vi\/downtown-ice-va-winter-wonderland\/#breadcrumb\",\"itemListElement\":[{\"@type\":\"ListItem\",\"position\":1,\"name\":\"Home\",\"item\":\"https:\/\/christmasinthepark.com\/vi\/nha-moi\/\"},{\"@type\":\"ListItem\",\"position\":2,\"name\":\"Downtown Ice v\u00e0 Winter Wonderland\"}]},{\"@type\":\"WebSite\",\"@id\":\"https:\/\/christmasinthepark.com\/vi\/#website\",\"url\":\"https:\/\/christmasinthepark.com\/vi\/\",\"name\":\"Christmas in the Park\",\"description\":\"Festivity, Lights, and Community Spirit\",\"potentialAction\":[{\"@type\":\"SearchAction\",\"target\":{\"@type\":\"EntryPoint\",\"urlTemplate\":\"https:\/\/christmasinthepark.com\/vi\/?s={search_term_string}\"},\"query-input\":{\"@type\":\"PropertyValueSpecification\",\"valueRequired\":true,\"valueName\":\"search_term_string\"}}],\"inLanguage\":\"vi-VN\"}]}<\/script>\n<!-- \/ Yoast SEO plugin. -->","yoast_head_json":{"title":"Downtown Ice v\u00e0 Winter Wonderland - Christmas in the Park","robots":{"index":"index","follow":"follow","max-snippet":"max-snippet:-1","max-image-preview":"max-image-preview:large","max-video-preview":"max-video-preview:-1"},"canonical":"https:\/\/christmasinthepark.com\/vi\/downtown-ice-va-winter-wonderland\/","og_locale":"vi_VN","og_type":"article","og_title":"Downtown Ice v\u00e0 Winter Wonderland - Christmas in the Park","og_description":"X\u1ee9 s\u1edf th\u1ea7n ti\u00ean m\u00f9a \u0111\u00f4ng N\u0103m nay, Winter Wonderland s\u1ebd mang \u0111\u1ebfn nh\u1eefng thay \u0111\u1ed5i m\u1edbi m\u1ebb trong hai tu\u1ea7n \u0111\u1ea7u ti\u00ean c\u1ee7a m\u00f9a gi\u1ea3i, \u0111\u1ec3 \u0111\u00e1p l\u1ea1i ph\u1ea3n h\u1ed3i t\u1eeb m\u1ed9t nh\u00e0 ph\u00e1t tri\u1ec3n trung t\u00e2m th\u00e0nh ph\u1ed1 n\u1eb1m tr\u00ean Park Avenue v\u00e0 San Jose State University Spartan Village tr\u00ean Paseo, n\u01a1i g\u1ea7n [&hellip;]","og_url":"https:\/\/christmasinthepark.com\/vi\/downtown-ice-va-winter-wonderland\/","og_site_name":"Christmas in the Park","article_modified_time":"2024-11-23T20:45:06+00:00","og_image":[{"url":"http:\/\/christmasinthepark.com\/wp-content\/uploads\/2024\/11\/Winter-Wonderland.png","type":"","width":"","height":""}],"twitter_card":"summary_large_image","twitter_misc":{"Est. reading time":"2 minutes"},"schema":{"@context":"https:\/\/schema.org","@graph":[{"@type":"WebPage","@id":"https:\/\/christmasinthepark.com\/vi\/downtown-ice-va-winter-wonderland\/","url":"https:\/\/christmasinthepark.com\/vi\/downtown-ice-va-winter-wonderland\/","name":"Downtown Ice v\u00e0 Winter Wonderland - Christmas in the Park","isPartOf":{"@id":"https:\/\/christmasinthepark.com\/vi\/#website"},"primaryImageOfPage":{"@id":"https:\/\/christmasinthepark.com\/vi\/downtown-ice-va-winter-wonderland\/#primaryimage"},"image":{"@id":"https:\/\/christmasinthepark.com\/vi\/downtown-ice-va-winter-wonderland\/#primaryimage"},"thumbnailUrl":"http:\/\/christmasinthepark.com\/wp-content\/uploads\/2024\/11\/Winter-Wonderland.png","datePublished":"2024-11-23T20:44:57+00:00","dateModified":"2024-11-23T20:45:06+00:00","breadcrumb":{"@id":"https:\/\/christmasinthepark.com\/vi\/downtown-ice-va-winter-wonderland\/#breadcrumb"},"inLanguage":"vi-VN","potentialAction":[{"@type":"ReadAction","target":["https:\/\/christmasinthepark.com\/vi\/downtown-ice-va-winter-wonderland\/"]}]},{"@type":"ImageObject","inLanguage":"vi-VN","@id":"https:\/\/christmasinthepark.com\/vi\/downtown-ice-va-winter-wonderland\/#primaryimage","url":"http:\/\/christmasinthepark.com\/wp-content\/uploads\/2024\/11\/Winter-Wonderland.png","contentUrl":"http:\/\/christmasinthepark.com\/wp-content\/uploads\/2024\/11\/Winter-Wonderland.png"},{"@type":"BreadcrumbList","@id":"https:\/\/christmasinthepark.com\/vi\/downtown-ice-va-winter-wonderland\/#breadcrumb","itemListElement":[{"@type":"ListItem","position":1,"name":"Home","item":"https:\/\/christmasinthepark.com\/vi\/nha-moi\/"},{"@type":"ListItem","position":2,"name":"Downtown Ice v\u00e0 Winter Wonderland"}]},{"@type":"WebSite","@id":"https:\/\/christmasinthepark.com\/vi\/#website","url":"https:\/\/christmasinthepark.com\/vi\/","name":"Christmas in the Park","description":"Festivity, Lights, and Community Spirit","potentialAction":[{"@type":"SearchAction","target":{"@type":"EntryPoint","urlTemplate":"https:\/\/christmasinthepark.com\/vi\/?s={search_term_string}"},"query-input":{"@type":"PropertyValueSpecification","valueRequired":true,"valueName":"search_term_string"}}],"inLanguage":"vi-VN"}]}},"_links":{"self":[{"href":"https:\/\/christmasinthepark.com\/vi\/wp-json\/wp\/v2\/pages\/5647","targetHints":{"allow":["GET"]}}],"collection":[{"href":"https:\/\/christmasinthepark.com\/vi\/wp-json\/wp\/v2\/pages"}],"about":[{"href":"https:\/\/christmasinthepark.com\/vi\/wp-json\/wp\/v2\/types\/page"}],"author":[{"embeddable":true,"href":"https:\/\/christmasinthepark.com\/vi\/wp-json\/wp\/v2\/users\/4"}],"replies":[{"embeddable":true,"href":"https:\/\/christmasinthepark.com\/vi\/wp-json\/wp\/v2\/comments?post=5647"}],"version-history":[{"count":0,"href":"https:\/\/christmasinthepark.com\/vi\/wp-json\/wp\/v2\/pages\/5647\/revisions"}],"wp:attachment":[{"href":"https:\/\/christmasinthepark.com\/vi\/wp-json\/wp\/v2\/media?parent=5647"}],"curies":[{"name":"wp","href":"https:\/\/api.w.org\/{rel}","templated":true}]}}